{"id":3981,"date":"2025-03-07T13:47:38","date_gmt":"2025-03-07T13:47:38","guid":{"rendered":"https:\/\/q-workforce.com\/?page_id=3981"},"modified":"2025-08-28T09:25:39","modified_gmt":"2025-08-28T09:25:39","slug":"hse","status":"publish","type":"page","link":"https:\/\/q-workforce.com\/de\/hse\/","title":{"rendered":"HSE"},"content":{"rendered":"\t\t<div data-elementor-type=\"wp-page\" data-elementor-id=\"3981\" class=\"elementor elementor-3981 elementor-428\">\n\t\t\t\t<div class=\"elementor-element elementor-element-eb9af77 e-grid e-con-boxed parallax_section_no qode_elementor_container_no e-con e-parent\" data-id=\"eb9af77\" data-element_type=\"container\">\n\t\t\t\t\t<div class=\"e-con-inner\">\n\t\t\t\t<div class=\"elementor-element elementor-element-7fb7e78 elementor-widget elementor-widget-image\" data-id=\"7fb7e78\" data-element_type=\"widget\" data-widget_type=\"image.default\">\n\t\t\t\t<div class=\"elementor-widget-container\">\n\t\t\t\t\t\t\t\t\t\t\t\t\t\t\t<img fetchpriority=\"high\" decoding=\"async\" width=\"768\" height=\"549\" src=\"https:\/\/q-workforce.com\/wp-content\/uploads\/2025\/04\/safety-768x549.jpg\" class=\"attachment-medium_large size-medium_large wp-image-1369\" alt=\"\" srcset=\"https:\/\/q-workforce.com\/wp-content\/uploads\/2025\/04\/safety-768x549.jpg 768w, https:\/\/q-workforce.com\/wp-content\/uploads\/2025\/04\/safety-300x214.jpg 300w, https:\/\/q-workforce.com\/wp-content\/uploads\/2025\/04\/safety-700x500.jpg 700w, https:\/\/q-workforce.com\/wp-content\/uploads\/2025\/04\/safety.avif 900w\" sizes=\"(max-width: 768px) 100vw, 768px\" \/>\t\t\t\t\t\t\t\t\t\t\t\t\t\t\t<\/div>\n\t\t\t\t<\/div>\n\t\t\t\t<div class=\"elementor-element elementor-element-940f388 elementor-widget elementor-widget-text-editor\" data-id=\"940f388\" data-element_type=\"widget\" data-widget_type=\"text-editor.default\">\n\t\t\t\t<div class=\"elementor-widget-container\">\n\t\t\t\t\t\t\t\t\t<h3 id=\"tw-target-text\" class=\"tw-data-text tw-text-large tw-ta\" dir=\"ltr\" data-placeholder=\"\u041f\u0440\u0435\u0432\u043e\u0434\" data-ved=\"2ahUKEwjMzKa4iq2PAxXGRvEDHaK0MTUQ3ewLegQIDhAU\" aria-label=\"\u041f\u0440\u0435\u0432\u0435\u0434\u0435\u043d\u0438 \u0442\u0435\u043a\u0441\u0442: GESUNDHEIT, SICHERHEIT UND UMWELT\n\nQ-Workforce ist sich bewusst, dass Arbeitssicherheit, Gesundheitsschutz und Umweltschutz (HSE) integraler Bestandteil aller Gesch\u00e4ftsabl\u00e4ufe sind.\n\nQ-Workforce sorgt daher f\u00fcr ein sicheres und gesundes Arbeitsumfeld f\u00fcr seine Mitarbeiter, um Verletzungen am Arbeitsplatz zu vermeiden.\n\nWir sind bestrebt, Umweltverschmutzung zu vermeiden und sch\u00e4dliche Emissionen nach M\u00f6glichkeit zu reduzieren.\n\nWir streben danach, Abfall zu reduzieren und die Ressourcennutzung zu optimieren.\"><span class=\"Y2IQFc\" lang=\"de\">GESUNDHEIT, SICHERHEIT UND UMWELT<br \/><\/span><\/h3><div id=\"tw-target-text-container\" class=\"tw-ta-container tw-nfl\" tabindex=\"0\" role=\"text\"><p id=\"tw-target-text\" class=\"tw-data-text tw-text-large tw-ta\" dir=\"ltr\" data-placeholder=\"\u041f\u0440\u0435\u0432\u043e\u0434\" data-ved=\"2ahUKEwjMzKa4iq2PAxXGRvEDHaK0MTUQ3ewLegQIDhAU\" aria-label=\"\u041f\u0440\u0435\u0432\u0435\u0434\u0435\u043d\u0438 \u0442\u0435\u043a\u0441\u0442: GESUNDHEIT, SICHERHEIT UND UMWELT\n\nQ-Workforce ist sich bewusst, dass Arbeitssicherheit, Gesundheitsschutz und Umweltschutz (HSE) integraler Bestandteil aller Gesch\u00e4ftsabl\u00e4ufe sind.\n\nQ-Workforce sorgt daher f\u00fcr ein sicheres und gesundes Arbeitsumfeld f\u00fcr seine Mitarbeiter, um Verletzungen am Arbeitsplatz zu vermeiden.\n\nWir sind bestrebt, Umweltverschmutzung zu vermeiden und sch\u00e4dliche Emissionen nach M\u00f6glichkeit zu reduzieren.\n\nWir streben danach, Abfall zu reduzieren und die Ressourcennutzung zu optimieren.\"><span class=\"Y2IQFc\" lang=\"de\"><br \/>Q-Workforce ist sich bewusst, dass Arbeitssicherheit, Gesundheitsschutz und Umweltschutz (HSE) integraler Bestandteil aller Gesch\u00e4ftsabl\u00e4ufe sind. Q-Workforce sorgt daher f\u00fcr ein sicheres und gesundes Arbeitsumfeld f\u00fcr seine Mitarbeiter, um Verletzungen am Arbeitsplatz zu vermeiden. Wir sind bestrebt, Umweltverschmutzung zu vermeiden und sch\u00e4dliche Emissionen nach M\u00f6glichkeit zu reduzieren. Wir streben danach, Abfall zu reduzieren und die Ressourcennutzung zu optimieren.<\/span><\/p><\/div><pre id=\"tw-target-rmn\" class=\"tw-data-placeholder tw-text-small tw-ta\" dir=\"ltr\" data-placeholder=\"\">\u00a0<\/pre><div id=\"tw-tmenu\" class=\"tw-menu\">\u00a0<\/div><p>\u00a0<\/p><p id=\"tw-tmenu\" class=\"tw-menu\">\u00a0<\/p><p>\u00a0<\/p>\t\t\t\t\t\t\t\t<\/div>\n\t\t\t\t<\/div>\n\t\t\t\t\t<\/div>\n\t\t\t\t<\/div>\n\t\t<div class=\"elementor-element elementor-element-e52ee3e e-flex e-con-boxed parallax_section_no qode_elementor_container_no e-con e-parent\" data-id=\"e52ee3e\" data-element_type=\"container\">\n\t\t\t\t\t<div class=\"e-con-inner\">\n\t\t\t\t\t<\/div>\n\t\t\t\t<\/div>\n\t\t\t\t<\/div>\n\t\t","protected":false},"excerpt":{"rendered":"<p>GESUNDHEIT, SICHERHEIT UND UMWELT Q-Workforce ist sich bewusst, dass Arbeitssicherheit, Gesundheitsschutz und Umweltschutz (HSE) integraler Bestandteil aller Gesch\u00e4ftsabl\u00e4ufe sind. Q-Workforce sorgt daher f\u00fcr ein sicheres und gesundes Arbeitsumfeld f\u00fcr seine Mitarbeiter, um Verletzungen am Arbeitsplatz zu vermeiden. Wir sind bestrebt, Umweltverschmutzung zu vermeiden und sch\u00e4dliche&#8230;<\/p>\n","protected":false},"author":1,"featured_media":0,"parent":0,"menu_order":0,"comment_status":"closed","ping_status":"closed","template":"","meta":{"footnotes":""},"class_list":["post-3981","page","type-page","status-publish","hentry"],"yoast_head":"<!-- This site is optimized with the Yoast SEO plugin v27.4 - https:\/\/yoast.com\/product\/yoast-seo-wordpress\/ -->\n<title>HSE - QW Group<\/title>\n<meta name=\"robots\" content=\"index, follow, max-snippet:-1, max-image-preview:large, max-video-preview:-1\" \/>\n<link rel=\"canonical\" href=\"https:\/\/q-workforce.com\/de\/hse\/\" \/>\n<meta property=\"og:locale\" content=\"de_DE\" \/>\n<meta property=\"og:type\" content=\"article\" \/>\n<meta property=\"og:title\" content=\"HSE - QW Group\" \/>\n<meta property=\"og:description\" content=\"GESUNDHEIT, SICHERHEIT UND UMWELT Q-Workforce ist sich bewusst, dass Arbeitssicherheit, Gesundheitsschutz und Umweltschutz (HSE) integraler Bestandteil aller Gesch\u00e4ftsabl\u00e4ufe sind. Q-Workforce sorgt daher f\u00fcr ein sicheres und gesundes Arbeitsumfeld f\u00fcr seine Mitarbeiter, um Verletzungen am Arbeitsplatz zu vermeiden. Wir sind bestrebt, Umweltverschmutzung zu vermeiden und sch\u00e4dliche...\" \/>\n<meta property=\"og:url\" content=\"https:\/\/q-workforce.com\/de\/hse\/\" \/>\n<meta property=\"og:site_name\" content=\"QW Group\" \/>\n<meta property=\"article:modified_time\" content=\"2025-08-28T09:25:39+00:00\" \/>\n<meta name=\"twitter:card\" content=\"summary_large_image\" \/>\n<meta name=\"twitter:label1\" content=\"Gesch\u00e4tzte Lesezeit\" \/>\n\t<meta name=\"twitter:data1\" content=\"1\u00a0Minute\" \/>\n<script type=\"application\/ld+json\" class=\"yoast-schema-graph\">{\"@context\":\"https:\\\/\\\/schema.org\",\"@graph\":[{\"@type\":\"WebPage\",\"@id\":\"https:\\\/\\\/q-workforce.com\\\/de\\\/hse\\\/\",\"url\":\"https:\\\/\\\/q-workforce.com\\\/de\\\/hse\\\/\",\"name\":\"HSE - QW Group\",\"isPartOf\":{\"@id\":\"https:\\\/\\\/q-workforce.com\\\/#website\"},\"primaryImageOfPage\":{\"@id\":\"https:\\\/\\\/q-workforce.com\\\/de\\\/hse\\\/#primaryimage\"},\"image\":{\"@id\":\"https:\\\/\\\/q-workforce.com\\\/de\\\/hse\\\/#primaryimage\"},\"thumbnailUrl\":\"https:\\\/\\\/q-workforce.com\\\/wp-content\\\/uploads\\\/2025\\\/04\\\/safety-768x549.jpg\",\"datePublished\":\"2025-03-07T13:47:38+00:00\",\"dateModified\":\"2025-08-28T09:25:39+00:00\",\"breadcrumb\":{\"@id\":\"https:\\\/\\\/q-workforce.com\\\/de\\\/hse\\\/#breadcrumb\"},\"inLanguage\":\"de\",\"potentialAction\":[{\"@type\":\"ReadAction\",\"target\":[\"https:\\\/\\\/q-workforce.com\\\/de\\\/hse\\\/\"]}]},{\"@type\":\"ImageObject\",\"inLanguage\":\"de\",\"@id\":\"https:\\\/\\\/q-workforce.com\\\/de\\\/hse\\\/#primaryimage\",\"url\":\"https:\\\/\\\/q-workforce.com\\\/wp-content\\\/uploads\\\/2025\\\/04\\\/safety-768x549.jpg\",\"contentUrl\":\"https:\\\/\\\/q-workforce.com\\\/wp-content\\\/uploads\\\/2025\\\/04\\\/safety-768x549.jpg\"},{\"@type\":\"BreadcrumbList\",\"@id\":\"https:\\\/\\\/q-workforce.com\\\/de\\\/hse\\\/#breadcrumb\",\"itemListElement\":[{\"@type\":\"ListItem\",\"position\":1,\"name\":\"Home\",\"item\":\"https:\\\/\\\/q-workforce.com\\\/sv\\\/\"},{\"@type\":\"ListItem\",\"position\":2,\"name\":\"HSE\"}]},{\"@type\":\"WebSite\",\"@id\":\"https:\\\/\\\/q-workforce.com\\\/#website\",\"url\":\"https:\\\/\\\/q-workforce.com\\\/\",\"name\":\"QW Group\",\"description\":\"YOUR TRUSTED PARTNER IN MANPOWER SOLUTIONS\",\"publisher\":{\"@id\":\"https:\\\/\\\/q-workforce.com\\\/#organization\"},\"potentialAction\":[{\"@type\":\"SearchAction\",\"target\":{\"@type\":\"EntryPoint\",\"urlTemplate\":\"https:\\\/\\\/q-workforce.com\\\/?s={search_term_string}\"},\"query-input\":{\"@type\":\"PropertyValueSpecification\",\"valueRequired\":true,\"valueName\":\"search_term_string\"}}],\"inLanguage\":\"de\"},{\"@type\":\"Organization\",\"@id\":\"https:\\\/\\\/q-workforce.com\\\/#organization\",\"name\":\"QW Group\",\"url\":\"https:\\\/\\\/q-workforce.com\\\/\",\"logo\":{\"@type\":\"ImageObject\",\"inLanguage\":\"de\",\"@id\":\"https:\\\/\\\/q-workforce.com\\\/#\\\/schema\\\/logo\\\/image\\\/\",\"url\":\"https:\\\/\\\/q-workforce.com\\\/wp-content\\\/uploads\\\/2025\\\/01\\\/Screenshot-2025-01-31-at-02.28.18.png\",\"contentUrl\":\"https:\\\/\\\/q-workforce.com\\\/wp-content\\\/uploads\\\/2025\\\/01\\\/Screenshot-2025-01-31-at-02.28.18.png\",\"width\":675,\"height\":218,\"caption\":\"QW Group\"},\"image\":{\"@id\":\"https:\\\/\\\/q-workforce.com\\\/#\\\/schema\\\/logo\\\/image\\\/\"}}]}<\/script>\n<!-- \/ Yoast SEO plugin. -->","yoast_head_json":{"title":"HSE - QW Group","robots":{"index":"index","follow":"follow","max-snippet":"max-snippet:-1","max-image-preview":"max-image-preview:large","max-video-preview":"max-video-preview:-1"},"canonical":"https:\/\/q-workforce.com\/de\/hse\/","og_locale":"de_DE","og_type":"article","og_title":"HSE - QW Group","og_description":"GESUNDHEIT, SICHERHEIT UND UMWELT Q-Workforce ist sich bewusst, dass Arbeitssicherheit, Gesundheitsschutz und Umweltschutz (HSE) integraler Bestandteil aller Gesch\u00e4ftsabl\u00e4ufe sind. Q-Workforce sorgt daher f\u00fcr ein sicheres und gesundes Arbeitsumfeld f\u00fcr seine Mitarbeiter, um Verletzungen am Arbeitsplatz zu vermeiden. Wir sind bestrebt, Umweltverschmutzung zu vermeiden und sch\u00e4dliche...","og_url":"https:\/\/q-workforce.com\/de\/hse\/","og_site_name":"QW Group","article_modified_time":"2025-08-28T09:25:39+00:00","twitter_card":"summary_large_image","twitter_misc":{"Gesch\u00e4tzte Lesezeit":"1\u00a0Minute"},"schema":{"@context":"https:\/\/schema.org","@graph":[{"@type":"WebPage","@id":"https:\/\/q-workforce.com\/de\/hse\/","url":"https:\/\/q-workforce.com\/de\/hse\/","name":"HSE - QW Group","isPartOf":{"@id":"https:\/\/q-workforce.com\/#website"},"primaryImageOfPage":{"@id":"https:\/\/q-workforce.com\/de\/hse\/#primaryimage"},"image":{"@id":"https:\/\/q-workforce.com\/de\/hse\/#primaryimage"},"thumbnailUrl":"https:\/\/q-workforce.com\/wp-content\/uploads\/2025\/04\/safety-768x549.jpg","datePublished":"2025-03-07T13:47:38+00:00","dateModified":"2025-08-28T09:25:39+00:00","breadcrumb":{"@id":"https:\/\/q-workforce.com\/de\/hse\/#breadcrumb"},"inLanguage":"de","potentialAction":[{"@type":"ReadAction","target":["https:\/\/q-workforce.com\/de\/hse\/"]}]},{"@type":"ImageObject","inLanguage":"de","@id":"https:\/\/q-workforce.com\/de\/hse\/#primaryimage","url":"https:\/\/q-workforce.com\/wp-content\/uploads\/2025\/04\/safety-768x549.jpg","contentUrl":"https:\/\/q-workforce.com\/wp-content\/uploads\/2025\/04\/safety-768x549.jpg"},{"@type":"BreadcrumbList","@id":"https:\/\/q-workforce.com\/de\/hse\/#breadcrumb","itemListElement":[{"@type":"ListItem","position":1,"name":"Home","item":"https:\/\/q-workforce.com\/sv\/"},{"@type":"ListItem","position":2,"name":"HSE"}]},{"@type":"WebSite","@id":"https:\/\/q-workforce.com\/#website","url":"https:\/\/q-workforce.com\/","name":"QW Group","description":"YOUR TRUSTED PARTNER IN MANPOWER SOLUTIONS","publisher":{"@id":"https:\/\/q-workforce.com\/#organization"},"potentialAction":[{"@type":"SearchAction","target":{"@type":"EntryPoint","urlTemplate":"https:\/\/q-workforce.com\/?s={search_term_string}"},"query-input":{"@type":"PropertyValueSpecification","valueRequired":true,"valueName":"search_term_string"}}],"inLanguage":"de"},{"@type":"Organization","@id":"https:\/\/q-workforce.com\/#organization","name":"QW Group","url":"https:\/\/q-workforce.com\/","logo":{"@type":"ImageObject","inLanguage":"de","@id":"https:\/\/q-workforce.com\/#\/schema\/logo\/image\/","url":"https:\/\/q-workforce.com\/wp-content\/uploads\/2025\/01\/Screenshot-2025-01-31-at-02.28.18.png","contentUrl":"https:\/\/q-workforce.com\/wp-content\/uploads\/2025\/01\/Screenshot-2025-01-31-at-02.28.18.png","width":675,"height":218,"caption":"QW Group"},"image":{"@id":"https:\/\/q-workforce.com\/#\/schema\/logo\/image\/"}}]}},"_links":{"self":[{"href":"https:\/\/q-workforce.com\/de\/wp-json\/wp\/v2\/pages\/3981","targetHints":{"allow":["GET"]}}],"collection":[{"href":"https:\/\/q-workforce.com\/de\/wp-json\/wp\/v2\/pages"}],"about":[{"href":"https:\/\/q-workforce.com\/de\/wp-json\/wp\/v2\/types\/page"}],"author":[{"embeddable":true,"href":"https:\/\/q-workforce.com\/de\/wp-json\/wp\/v2\/users\/1"}],"replies":[{"embeddable":true,"href":"https:\/\/q-workforce.com\/de\/wp-json\/wp\/v2\/comments?post=3981"}],"version-history":[{"count":4,"href":"https:\/\/q-workforce.com\/de\/wp-json\/wp\/v2\/pages\/3981\/revisions"}],"predecessor-version":[{"id":3985,"href":"https:\/\/q-workforce.com\/de\/wp-json\/wp\/v2\/pages\/3981\/revisions\/3985"}],"wp:attachment":[{"href":"https:\/\/q-workforce.com\/de\/wp-json\/wp\/v2\/media?parent=3981"}],"curies":[{"name":"wp","href":"https:\/\/api.w.org\/{rel}","templated":true}]}}