{"id":3989,"date":"2025-03-07T13:50:59","date_gmt":"2025-03-07T13:50:59","guid":{"rendered":"https:\/\/q-workforce.com\/?page_id=3989"},"modified":"2025-08-28T09:36:46","modified_gmt":"2025-08-28T09:36:46","slug":"unsere-vision-und-mission","status":"publish","type":"page","link":"https:\/\/q-workforce.com\/de\/unsere-vision-und-mission\/","title":{"rendered":"UNSERE VISION UND MISSION"},"content":{"rendered":"\t\t<div data-elementor-type=\"wp-page\" data-elementor-id=\"3989\" class=\"elementor elementor-3989 elementor-434\">\n\t\t\t\t\t\t<section class=\"elementor-section elementor-top-section elementor-element elementor-element-1610349 qode_elementor_container_inner elementor-section-boxed elementor-section-height-default elementor-section-height-default parallax_section_no\" data-id=\"1610349\" data-element_type=\"section\">\n\t\t\t\t\t\t<div class=\"elementor-container elementor-column-gap-default\">\n\t\t\t\t\t<div class=\"elementor-column elementor-col-50 elementor-top-column elementor-element elementor-element-31da1bc\" data-id=\"31da1bc\" data-element_type=\"column\">\n\t\t\t<div class=\"elementor-widget-wrap elementor-element-populated\">\n\t\t\t\t\t\t<div class=\"elementor-element elementor-element-b36498b elementor-widget elementor-widget-text-editor\" data-id=\"b36498b\" data-element_type=\"widget\" data-widget_type=\"text-editor.default\">\n\t\t\t\t<div class=\"elementor-widget-container\">\n\t\t\t\t\t\t\t\t\t<h3>UNSERE VISION<\/h3>\t\t\t\t\t\t\t\t<\/div>\n\t\t\t\t<\/div>\n\t\t\t\t<div class=\"elementor-element elementor-element-4e809b7 elementor-widget elementor-widget-text-editor\" data-id=\"4e809b7\" data-element_type=\"widget\" data-widget_type=\"text-editor.default\">\n\t\t\t\t<div class=\"elementor-widget-container\">\n\t\t\t\t\t\t\t\t\t<p>Ein Marktf\u00fchrer und l\u00f6sungsorientierter Anbieter von hochqualifizierten Arbeitskr\u00e4ften auf globaler Ebene zu sein.<\/p>\t\t\t\t\t\t\t\t<\/div>\n\t\t\t\t<\/div>\n\t\t\t\t<div class=\"elementor-element elementor-element-aec6e7f elementor-widget elementor-widget-image\" data-id=\"aec6e7f\" data-element_type=\"widget\" data-widget_type=\"image.default\">\n\t\t\t\t<div class=\"elementor-widget-container\">\n\t\t\t\t\t\t\t\t\t\t\t\t\t\t\t<img fetchpriority=\"high\" decoding=\"async\" width=\"600\" height=\"333\" src=\"https:\/\/q-workforce.com\/wp-content\/uploads\/2025\/04\/globeqw.jpg\" class=\"attachment-large size-large wp-image-1392\" alt=\"\" srcset=\"https:\/\/q-workforce.com\/wp-content\/uploads\/2025\/04\/globeqw.jpg 600w, https:\/\/q-workforce.com\/wp-content\/uploads\/2025\/04\/globeqw-300x167.jpg 300w\" sizes=\"(max-width: 600px) 100vw, 600px\" \/>\t\t\t\t\t\t\t\t\t\t\t\t\t\t\t<\/div>\n\t\t\t\t<\/div>\n\t\t\t\t\t<\/div>\n\t\t<\/div>\n\t\t\t\t<div class=\"elementor-column elementor-col-50 elementor-top-column elementor-element elementor-element-8cf8fd8\" data-id=\"8cf8fd8\" data-element_type=\"column\">\n\t\t\t<div class=\"elementor-widget-wrap elementor-element-populated\">\n\t\t\t\t\t\t<div class=\"elementor-element elementor-element-686a254 elementor-widget elementor-widget-text-editor\" data-id=\"686a254\" data-element_type=\"widget\" data-widget_type=\"text-editor.default\">\n\t\t\t\t<div class=\"elementor-widget-container\">\n\t\t\t\t\t\t\t\t\t<h3>UNSERE MISSION<\/h3>\t\t\t\t\t\t\t\t<\/div>\n\t\t\t\t<\/div>\n\t\t\t\t<div class=\"elementor-element elementor-element-940edc5 elementor-widget elementor-widget-text-editor\" data-id=\"940edc5\" data-element_type=\"widget\" data-widget_type=\"text-editor.default\">\n\t\t\t\t<div class=\"elementor-widget-container\">\n\t\t\t\t\t\t\t\t\t<p>Unsere Mission ist es, weltweite Anerkennung f\u00fcr unsere <strong>au\u00dfergew\u00f6hnlichen Talente und Dienstleistungen<\/strong> zu erlangen. Wir tun dies durch einen kundenorientierten Ansatz, der die Bed\u00fcrfnisse unserer Kunden in den Mittelpunkt unseres Handelns stellt.<\/p><p>\u00a0<\/p><p>Wir sind uns bewusst, dass unsere Belegschaft die Grundlage unseres Erfolgs ist, eine nachfragegesteuerte Lieferkette vorantreibt und uns in jedem Aspekt unseres Gesch\u00e4fts von anderen abhebt.<\/p><p>\u00a0<\/p><p>Indem wir das Kundenerlebnis in den Vordergrund stellen und die Qualit\u00e4t unserer Mitarbeiter betonen, streben wir danach, ein vertrauensw\u00fcrdiger, weltweit f\u00fchrender Anbieter in der Branche und ein zuverl\u00e4ssiger Partner beim Ausbau Ihrer Belegschaft zu werden.<\/p><p>\u00a0<\/p>\t\t\t\t\t\t\t\t<\/div>\n\t\t\t\t<\/div>\n\t\t\t\t\t<\/div>\n\t\t<\/div>\n\t\t\t\t\t<\/div>\n\t\t<\/section>\n\t\t\t\t<\/div>\n\t\t","protected":false},"excerpt":{"rendered":"<p>UNSERE VISION Ein Marktf\u00fchrer und l\u00f6sungsorientierter Anbieter von hochqualifizierten Arbeitskr\u00e4ften auf globaler Ebene zu sein. UNSERE MISSION Unsere Mission ist es, weltweite Anerkennung f\u00fcr unsere au\u00dfergew\u00f6hnlichen Talente und Dienstleistungen zu erlangen. Wir tun dies durch einen kundenorientierten Ansatz, der die Bed\u00fcrfnisse unserer Kunden in den&#8230;<\/p>\n","protected":false},"author":1,"featured_media":0,"parent":0,"menu_order":0,"comment_status":"closed","ping_status":"closed","template":"","meta":{"footnotes":""},"class_list":["post-3989","page","type-page","status-publish","hentry"],"yoast_head":"<!-- This site is optimized with the Yoast SEO plugin v27.4 - https:\/\/yoast.com\/product\/yoast-seo-wordpress\/ -->\n<title>UNSERE VISION UND MISSION - QW Group<\/title>\n<meta name=\"robots\" content=\"index, follow, max-snippet:-1, max-image-preview:large, max-video-preview:-1\" \/>\n<link rel=\"canonical\" href=\"https:\/\/q-workforce.com\/de\/unsere-vision-und-mission\/\" \/>\n<meta property=\"og:locale\" content=\"de_DE\" \/>\n<meta property=\"og:type\" content=\"article\" \/>\n<meta property=\"og:title\" content=\"UNSERE VISION UND MISSION - QW Group\" \/>\n<meta property=\"og:description\" content=\"UNSERE VISION Ein Marktf\u00fchrer und l\u00f6sungsorientierter Anbieter von hochqualifizierten Arbeitskr\u00e4ften auf globaler Ebene zu sein. UNSERE MISSION Unsere Mission ist es, weltweite Anerkennung f\u00fcr unsere au\u00dfergew\u00f6hnlichen Talente und Dienstleistungen zu erlangen. Wir tun dies durch einen kundenorientierten Ansatz, der die Bed\u00fcrfnisse unserer Kunden in den...\" \/>\n<meta property=\"og:url\" content=\"https:\/\/q-workforce.com\/de\/unsere-vision-und-mission\/\" \/>\n<meta property=\"og:site_name\" content=\"QW Group\" \/>\n<meta property=\"article:modified_time\" content=\"2025-08-28T09:36:46+00:00\" \/>\n<meta property=\"og:image\" content=\"https:\/\/q-workforce.com\/wp-content\/uploads\/2025\/04\/globeqw.jpg\" \/>\n\t<meta property=\"og:image:width\" content=\"600\" \/>\n\t<meta property=\"og:image:height\" content=\"333\" \/>\n\t<meta property=\"og:image:type\" content=\"image\/jpeg\" \/>\n<meta name=\"twitter:card\" content=\"summary_large_image\" \/>\n<meta name=\"twitter:label1\" content=\"Gesch\u00e4tzte Lesezeit\" \/>\n\t<meta name=\"twitter:data1\" content=\"1\u00a0Minute\" \/>\n<script type=\"application\/ld+json\" class=\"yoast-schema-graph\">{\"@context\":\"https:\\\/\\\/schema.org\",\"@graph\":[{\"@type\":\"WebPage\",\"@id\":\"https:\\\/\\\/q-workforce.com\\\/de\\\/unsere-vision-und-mission\\\/\",\"url\":\"https:\\\/\\\/q-workforce.com\\\/de\\\/unsere-vision-und-mission\\\/\",\"name\":\"UNSERE VISION UND MISSION - QW Group\",\"isPartOf\":{\"@id\":\"https:\\\/\\\/q-workforce.com\\\/#website\"},\"primaryImageOfPage\":{\"@id\":\"https:\\\/\\\/q-workforce.com\\\/de\\\/unsere-vision-und-mission\\\/#primaryimage\"},\"image\":{\"@id\":\"https:\\\/\\\/q-workforce.com\\\/de\\\/unsere-vision-und-mission\\\/#primaryimage\"},\"thumbnailUrl\":\"https:\\\/\\\/q-workforce.com\\\/wp-content\\\/uploads\\\/2025\\\/04\\\/globeqw.jpg\",\"datePublished\":\"2025-03-07T13:50:59+00:00\",\"dateModified\":\"2025-08-28T09:36:46+00:00\",\"breadcrumb\":{\"@id\":\"https:\\\/\\\/q-workforce.com\\\/de\\\/unsere-vision-und-mission\\\/#breadcrumb\"},\"inLanguage\":\"de\",\"potentialAction\":[{\"@type\":\"ReadAction\",\"target\":[\"https:\\\/\\\/q-workforce.com\\\/de\\\/unsere-vision-und-mission\\\/\"]}]},{\"@type\":\"ImageObject\",\"inLanguage\":\"de\",\"@id\":\"https:\\\/\\\/q-workforce.com\\\/de\\\/unsere-vision-und-mission\\\/#primaryimage\",\"url\":\"https:\\\/\\\/q-workforce.com\\\/wp-content\\\/uploads\\\/2025\\\/04\\\/globeqw.jpg\",\"contentUrl\":\"https:\\\/\\\/q-workforce.com\\\/wp-content\\\/uploads\\\/2025\\\/04\\\/globeqw.jpg\"},{\"@type\":\"BreadcrumbList\",\"@id\":\"https:\\\/\\\/q-workforce.com\\\/de\\\/unsere-vision-und-mission\\\/#breadcrumb\",\"itemListElement\":[{\"@type\":\"ListItem\",\"position\":1,\"name\":\"Home\",\"item\":\"https:\\\/\\\/q-workforce.com\\\/sv\\\/\"},{\"@type\":\"ListItem\",\"position\":2,\"name\":\"UNSERE VISION UND MISSION\"}]},{\"@type\":\"WebSite\",\"@id\":\"https:\\\/\\\/q-workforce.com\\\/#website\",\"url\":\"https:\\\/\\\/q-workforce.com\\\/\",\"name\":\"QW Group\",\"description\":\"YOUR TRUSTED PARTNER IN MANPOWER SOLUTIONS\",\"publisher\":{\"@id\":\"https:\\\/\\\/q-workforce.com\\\/#organization\"},\"potentialAction\":[{\"@type\":\"SearchAction\",\"target\":{\"@type\":\"EntryPoint\",\"urlTemplate\":\"https:\\\/\\\/q-workforce.com\\\/?s={search_term_string}\"},\"query-input\":{\"@type\":\"PropertyValueSpecification\",\"valueRequired\":true,\"valueName\":\"search_term_string\"}}],\"inLanguage\":\"de\"},{\"@type\":\"Organization\",\"@id\":\"https:\\\/\\\/q-workforce.com\\\/#organization\",\"name\":\"QW Group\",\"url\":\"https:\\\/\\\/q-workforce.com\\\/\",\"logo\":{\"@type\":\"ImageObject\",\"inLanguage\":\"de\",\"@id\":\"https:\\\/\\\/q-workforce.com\\\/#\\\/schema\\\/logo\\\/image\\\/\",\"url\":\"https:\\\/\\\/q-workforce.com\\\/wp-content\\\/uploads\\\/2025\\\/01\\\/Screenshot-2025-01-31-at-02.28.18.png\",\"contentUrl\":\"https:\\\/\\\/q-workforce.com\\\/wp-content\\\/uploads\\\/2025\\\/01\\\/Screenshot-2025-01-31-at-02.28.18.png\",\"width\":675,\"height\":218,\"caption\":\"QW Group\"},\"image\":{\"@id\":\"https:\\\/\\\/q-workforce.com\\\/#\\\/schema\\\/logo\\\/image\\\/\"}}]}<\/script>\n<!-- \/ Yoast SEO plugin. -->","yoast_head_json":{"title":"UNSERE VISION UND MISSION - QW Group","robots":{"index":"index","follow":"follow","max-snippet":"max-snippet:-1","max-image-preview":"max-image-preview:large","max-video-preview":"max-video-preview:-1"},"canonical":"https:\/\/q-workforce.com\/de\/unsere-vision-und-mission\/","og_locale":"de_DE","og_type":"article","og_title":"UNSERE VISION UND MISSION - QW Group","og_description":"UNSERE VISION Ein Marktf\u00fchrer und l\u00f6sungsorientierter Anbieter von hochqualifizierten Arbeitskr\u00e4ften auf globaler Ebene zu sein. UNSERE MISSION Unsere Mission ist es, weltweite Anerkennung f\u00fcr unsere au\u00dfergew\u00f6hnlichen Talente und Dienstleistungen zu erlangen. Wir tun dies durch einen kundenorientierten Ansatz, der die Bed\u00fcrfnisse unserer Kunden in den...","og_url":"https:\/\/q-workforce.com\/de\/unsere-vision-und-mission\/","og_site_name":"QW Group","article_modified_time":"2025-08-28T09:36:46+00:00","og_image":[{"width":600,"height":333,"url":"https:\/\/q-workforce.com\/wp-content\/uploads\/2025\/04\/globeqw.jpg","type":"image\/jpeg"}],"twitter_card":"summary_large_image","twitter_misc":{"Gesch\u00e4tzte Lesezeit":"1\u00a0Minute"},"schema":{"@context":"https:\/\/schema.org","@graph":[{"@type":"WebPage","@id":"https:\/\/q-workforce.com\/de\/unsere-vision-und-mission\/","url":"https:\/\/q-workforce.com\/de\/unsere-vision-und-mission\/","name":"UNSERE VISION UND MISSION - QW Group","isPartOf":{"@id":"https:\/\/q-workforce.com\/#website"},"primaryImageOfPage":{"@id":"https:\/\/q-workforce.com\/de\/unsere-vision-und-mission\/#primaryimage"},"image":{"@id":"https:\/\/q-workforce.com\/de\/unsere-vision-und-mission\/#primaryimage"},"thumbnailUrl":"https:\/\/q-workforce.com\/wp-content\/uploads\/2025\/04\/globeqw.jpg","datePublished":"2025-03-07T13:50:59+00:00","dateModified":"2025-08-28T09:36:46+00:00","breadcrumb":{"@id":"https:\/\/q-workforce.com\/de\/unsere-vision-und-mission\/#breadcrumb"},"inLanguage":"de","potentialAction":[{"@type":"ReadAction","target":["https:\/\/q-workforce.com\/de\/unsere-vision-und-mission\/"]}]},{"@type":"ImageObject","inLanguage":"de","@id":"https:\/\/q-workforce.com\/de\/unsere-vision-und-mission\/#primaryimage","url":"https:\/\/q-workforce.com\/wp-content\/uploads\/2025\/04\/globeqw.jpg","contentUrl":"https:\/\/q-workforce.com\/wp-content\/uploads\/2025\/04\/globeqw.jpg"},{"@type":"BreadcrumbList","@id":"https:\/\/q-workforce.com\/de\/unsere-vision-und-mission\/#breadcrumb","itemListElement":[{"@type":"ListItem","position":1,"name":"Home","item":"https:\/\/q-workforce.com\/sv\/"},{"@type":"ListItem","position":2,"name":"UNSERE VISION UND MISSION"}]},{"@type":"WebSite","@id":"https:\/\/q-workforce.com\/#website","url":"https:\/\/q-workforce.com\/","name":"QW Group","description":"YOUR TRUSTED PARTNER IN MANPOWER SOLUTIONS","publisher":{"@id":"https:\/\/q-workforce.com\/#organization"},"potentialAction":[{"@type":"SearchAction","target":{"@type":"EntryPoint","urlTemplate":"https:\/\/q-workforce.com\/?s={search_term_string}"},"query-input":{"@type":"PropertyValueSpecification","valueRequired":true,"valueName":"search_term_string"}}],"inLanguage":"de"},{"@type":"Organization","@id":"https:\/\/q-workforce.com\/#organization","name":"QW Group","url":"https:\/\/q-workforce.com\/","logo":{"@type":"ImageObject","inLanguage":"de","@id":"https:\/\/q-workforce.com\/#\/schema\/logo\/image\/","url":"https:\/\/q-workforce.com\/wp-content\/uploads\/2025\/01\/Screenshot-2025-01-31-at-02.28.18.png","contentUrl":"https:\/\/q-workforce.com\/wp-content\/uploads\/2025\/01\/Screenshot-2025-01-31-at-02.28.18.png","width":675,"height":218,"caption":"QW Group"},"image":{"@id":"https:\/\/q-workforce.com\/#\/schema\/logo\/image\/"}}]}},"_links":{"self":[{"href":"https:\/\/q-workforce.com\/de\/wp-json\/wp\/v2\/pages\/3989","targetHints":{"allow":["GET"]}}],"collection":[{"href":"https:\/\/q-workforce.com\/de\/wp-json\/wp\/v2\/pages"}],"about":[{"href":"https:\/\/q-workforce.com\/de\/wp-json\/wp\/v2\/types\/page"}],"author":[{"embeddable":true,"href":"https:\/\/q-workforce.com\/de\/wp-json\/wp\/v2\/users\/1"}],"replies":[{"embeddable":true,"href":"https:\/\/q-workforce.com\/de\/wp-json\/wp\/v2\/comments?post=3989"}],"version-history":[{"count":4,"href":"https:\/\/q-workforce.com\/de\/wp-json\/wp\/v2\/pages\/3989\/revisions"}],"predecessor-version":[{"id":3993,"href":"https:\/\/q-workforce.com\/de\/wp-json\/wp\/v2\/pages\/3989\/revisions\/3993"}],"wp:attachment":[{"href":"https:\/\/q-workforce.com\/de\/wp-json\/wp\/v2\/media?parent=3989"}],"curies":[{"name":"wp","href":"https:\/\/api.w.org\/{rel}","templated":true}]}}