{"id":3994,"date":"2025-03-07T14:10:43","date_gmt":"2025-03-07T14:10:43","guid":{"rendered":"https:\/\/q-workforce.com\/?page_id=3994"},"modified":"2025-08-28T09:43:39","modified_gmt":"2025-08-28T09:43:39","slug":"lernen-sie-unser-team-kennen","status":"publish","type":"page","link":"https:\/\/q-workforce.com\/de\/lernen-sie-unser-team-kennen\/","title":{"rendered":"LERNEN SIE UNSER TEAM KENNEN"},"content":{"rendered":"\t\t<div data-elementor-type=\"wp-page\" data-elementor-id=\"3994\" class=\"elementor elementor-3994 elementor-451\">\n\t\t\t\t\t\t<section class=\"elementor-section elementor-top-section elementor-element elementor-element-fdf2293 qode_elementor_container_inner elementor-section-boxed elementor-section-height-default elementor-section-height-default parallax_section_no\" data-id=\"fdf2293\" data-element_type=\"section\">\n\t\t\t\t\t\t<div class=\"elementor-container elementor-column-gap-default\">\n\t\t\t\t\t<div class=\"elementor-column elementor-col-50 elementor-top-column elementor-element elementor-element-16ee881\" data-id=\"16ee881\" data-element_type=\"column\">\n\t\t\t<div class=\"elementor-widget-wrap elementor-element-populated\">\n\t\t\t\t\t\t<div class=\"elementor-element elementor-element-a347d92 elementor-widget elementor-widget-image\" data-id=\"a347d92\" data-element_type=\"widget\" data-widget_type=\"image.default\">\n\t\t\t\t<div class=\"elementor-widget-container\">\n\t\t\t\t\t\t\t\t\t\t\t\t\t\t\t<img fetchpriority=\"high\" decoding=\"async\" width=\"600\" height=\"400\" src=\"https:\/\/q-workforce.com\/wp-content\/uploads\/2025\/04\/hands.jpg\" class=\"attachment-large size-large wp-image-1379\" alt=\"\" srcset=\"https:\/\/q-workforce.com\/wp-content\/uploads\/2025\/04\/hands.jpg 600w, https:\/\/q-workforce.com\/wp-content\/uploads\/2025\/04\/hands-300x200.jpg 300w\" sizes=\"(max-width: 600px) 100vw, 600px\" \/>\t\t\t\t\t\t\t\t\t\t\t\t\t\t\t<\/div>\n\t\t\t\t<\/div>\n\t\t\t\t\t<\/div>\n\t\t<\/div>\n\t\t\t\t<div class=\"elementor-column elementor-col-50 elementor-top-column elementor-element elementor-element-8609454\" data-id=\"8609454\" data-element_type=\"column\">\n\t\t\t<div class=\"elementor-widget-wrap elementor-element-populated\">\n\t\t\t\t\t\t<div class=\"elementor-element elementor-element-22bf612 elementor-widget elementor-widget-text-editor\" data-id=\"22bf612\" data-element_type=\"widget\" data-widget_type=\"text-editor.default\">\n\t\t\t\t<div class=\"elementor-widget-container\">\n\t\t\t\t\t\t\t\t\t<p>Die QW Group wird von einem Team erfahrener Fachleute geleitet, die sich der Weiterentwicklung der Vision und der Werte des Unternehmens verschrieben haben. Mit fundierten Branchenkenntnissen und einem Engagement f\u00fcr Innovation stellt unser F\u00fchrungsteam sicher, dass die QW Group an der Spitze der Personall\u00f6sungen bleibt.<\/p>\t\t\t\t\t\t\t\t<\/div>\n\t\t\t\t<\/div>\n\t\t\t\t\t<\/div>\n\t\t<\/div>\n\t\t\t\t\t<\/div>\n\t\t<\/section>\n\t\t<div class=\"elementor-element elementor-element-0c95a13 e-grid e-con-boxed parallax_section_no qode_elementor_container_no e-con e-parent\" data-id=\"0c95a13\" data-element_type=\"container\">\n\t\t\t\t\t<div class=\"e-con-inner\">\n\t\t\t\t<div class=\"elementor-element elementor-element-98175b5 elementor-widget elementor-widget-text-editor\" data-id=\"98175b5\" data-element_type=\"widget\" data-widget_type=\"text-editor.default\">\n\t\t\t\t<div class=\"elementor-widget-container\">\n\t\t\t\t\t\t\t\t\t<h5>Miguel Felix<\/h5><h5>Gesch\u00e4ftsf\u00fchrer<\/h5><p><a href=\"mailto:miguel.felix@q-workforce.com\">miguel.felix@q-workforce.com<\/a><\/p>\t\t\t\t\t\t\t\t<\/div>\n\t\t\t\t<\/div>\n\t\t\t\t<div class=\"elementor-element elementor-element-7f07af2 elementor-widget elementor-widget-text-editor\" data-id=\"7f07af2\" data-element_type=\"widget\" data-widget_type=\"text-editor.default\">\n\t\t\t\t<div class=\"elementor-widget-container\">\n\t\t\t\t\t\t\t\t\t<h5>Vladimir Senic<br \/>COO<\/h5><p><a href=\"mailto:vladimir.senic@q-workforce.com\">vladimir.senic@q-workforce.com<\/a><\/p>\t\t\t\t\t\t\t\t<\/div>\n\t\t\t\t<\/div>\n\t\t\t\t<div class=\"elementor-element elementor-element-b455fc3 elementor-widget elementor-widget-text-editor\" data-id=\"b455fc3\" data-element_type=\"widget\" data-widget_type=\"text-editor.default\">\n\t\t\t\t<div class=\"elementor-widget-container\">\n\t\t\t\t\t\t\t\t\t<h5>Mara Felix<\/h5><h5>Finanzvorstand<\/h5><p><a href=\"mailto:mara.felix@q-workforce.com\">mara.felix@q-workforce.com<\/a><\/p>\t\t\t\t\t\t\t\t<\/div>\n\t\t\t\t<\/div>\n\t\t\t\t<div class=\"elementor-element elementor-element-01eec29 elementor-widget elementor-widget-text-editor\" data-id=\"01eec29\" data-element_type=\"widget\" data-widget_type=\"text-editor.default\">\n\t\t\t\t<div class=\"elementor-widget-container\">\n\t\t\t\t\t\t\t\t\t<h5>Tim Josefsson<\/h5><h5>Betriebsleiter<\/h5><p><a href=\"mailto:tim.josefsson@q-workforce.com\">tim.josefsson@q-workforce.com<\/a><\/p>\t\t\t\t\t\t\t\t<\/div>\n\t\t\t\t<\/div>\n\t\t\t\t<div class=\"elementor-element elementor-element-9643a6f elementor-widget elementor-widget-text-editor\" data-id=\"9643a6f\" data-element_type=\"widget\" data-widget_type=\"text-editor.default\">\n\t\t\t\t<div class=\"elementor-widget-container\">\n\t\t\t\t\t\t\t\t\t<h5>Annika Johansson<\/h5><h5>Verkaufsleiterin<\/h5><p><a href=\"mailto:annika.johansson@q-workforce.com\">annika.johansson@q-workforce.com<\/a><\/p>\t\t\t\t\t\t\t\t<\/div>\n\t\t\t\t<\/div>\n\t\t\t\t<div class=\"elementor-element elementor-element-44a537d elementor-widget elementor-widget-text-editor\" data-id=\"44a537d\" data-element_type=\"widget\" data-widget_type=\"text-editor.default\">\n\t\t\t\t<div class=\"elementor-widget-container\">\n\t\t\t\t\t\t\t\t\t<h5>Meirielle Michelon<\/h5><h5 id=\"tw-target-text\" class=\"tw-data-text tw-text-large tw-ta\" dir=\"ltr\" data-placeholder=\"\u041f\u0440\u0435\u0432\u043e\u0434\" data-ved=\"2ahUKEwjMzKa4iq2PAxXGRvEDHaK0MTUQ3ewLegQIDhAU\" aria-label=\"\u041f\u0440\u0435\u0432\u0435\u0434\u0435\u043d\u0438 \u0442\u0435\u043a\u0441\u0442: Finanzassistent\"><span class=\"Y2IQFc\" lang=\"de\">Finanzassistent<\/span><\/h5><p><a href=\"mailto:mei.michelon@q-workforce.com\">mei.michelon@q-workforce.com<\/a><\/p>\t\t\t\t\t\t\t\t<\/div>\n\t\t\t\t<\/div>\n\t\t\t\t<div class=\"elementor-element elementor-element-a1dcf5d elementor-widget elementor-widget-text-editor\" data-id=\"a1dcf5d\" data-element_type=\"widget\" data-widget_type=\"text-editor.default\">\n\t\t\t\t<div class=\"elementor-widget-container\">\n\t\t\t\t\t\t\t\t\t<h5>Yulia Katkova<\/h5><h5>Projektadministratorin<\/h5><p><a href=\"mailto:yulia.katkova@q-workforce.com\">yulia.katkova@q-workforce.com<\/a><\/p>\t\t\t\t\t\t\t\t<\/div>\n\t\t\t\t<\/div>\n\t\t\t\t<div class=\"elementor-element elementor-element-1ed903e elementor-widget elementor-widget-text-editor\" data-id=\"1ed903e\" data-element_type=\"widget\" data-widget_type=\"text-editor.default\">\n\t\t\t\t<div class=\"elementor-widget-container\">\n\t\t\t\t\t\t\t\t\t<h5>Marco Aurelio<\/h5><h5>Au\u00dfendienstmitarbeiter<\/h5><p><a href=\"mailto:marco.aurelio@q-workforce.com\">marco.aurelio@q-workforce.com<\/a><\/p>\t\t\t\t\t\t\t\t<\/div>\n\t\t\t\t<\/div>\n\t\t\t\t<div class=\"elementor-element elementor-element-bf47ca8 elementor-widget elementor-widget-text-editor\" data-id=\"bf47ca8\" data-element_type=\"widget\" data-widget_type=\"text-editor.default\">\n\t\t\t\t<div class=\"elementor-widget-container\">\n\t\t\t\t\t\t\t\t\t<h5>LARS-G\u00d6RAN NILSSON<\/h5><h5 id=\"tw-target-text-masculine\" class=\"tw-data-text tw-text-large tw-ta\" dir=\"ltr\" data-placeholder=\"\u041f\u0440\u0435\u0432\u043e\u0434\" aria-label=\"\u041f\u0440\u0435\u0432\u0435\u0434\u0435\u043d\u0438 \u0442\u0435\u043a\u0441\u0442: FORSCHER\"><span class=\"Y2IQFc\" lang=\"de\">FORSCHER<\/span><\/h5><p><a href=\"mailto:lg.nilsson@q-workforce.com\">lg.nilsson@q-workforce.com<\/a><\/p>\t\t\t\t\t\t\t\t<\/div>\n\t\t\t\t<\/div>\n\t\t\t\t\t<\/div>\n\t\t\t\t<\/div>\n\t\t\t\t<\/div>\n\t\t","protected":false},"excerpt":{"rendered":"<p>Die QW Group wird von einem Team erfahrener Fachleute geleitet, die sich der Weiterentwicklung der Vision und der Werte des Unternehmens verschrieben haben. Mit fundierten Branchenkenntnissen und einem Engagement f\u00fcr Innovation stellt unser F\u00fchrungsteam sicher, dass die QW Group an der Spitze der Personall\u00f6sungen bleibt&#8230;.<\/p>\n","protected":false},"author":1,"featured_media":0,"parent":0,"menu_order":0,"comment_status":"closed","ping_status":"closed","template":"","meta":{"footnotes":""},"class_list":["post-3994","page","type-page","status-publish","hentry"],"yoast_head":"<!-- This site is optimized with the Yoast SEO plugin v27.4 - https:\/\/yoast.com\/product\/yoast-seo-wordpress\/ -->\n<title>LERNEN SIE UNSER TEAM KENNEN - QW Group<\/title>\n<meta name=\"robots\" content=\"index, follow, max-snippet:-1, max-image-preview:large, max-video-preview:-1\" \/>\n<link rel=\"canonical\" href=\"https:\/\/q-workforce.com\/de\/lernen-sie-unser-team-kennen\/\" \/>\n<meta property=\"og:locale\" content=\"de_DE\" \/>\n<meta property=\"og:type\" content=\"article\" \/>\n<meta property=\"og:title\" content=\"LERNEN SIE UNSER TEAM KENNEN - QW Group\" \/>\n<meta property=\"og:description\" content=\"Die QW Group wird von einem Team erfahrener Fachleute geleitet, die sich der Weiterentwicklung der Vision und der Werte des Unternehmens verschrieben haben. Mit fundierten Branchenkenntnissen und einem Engagement f\u00fcr Innovation stellt unser F\u00fchrungsteam sicher, dass die QW Group an der Spitze der Personall\u00f6sungen bleibt....\" \/>\n<meta property=\"og:url\" content=\"https:\/\/q-workforce.com\/de\/lernen-sie-unser-team-kennen\/\" \/>\n<meta property=\"og:site_name\" content=\"QW Group\" \/>\n<meta property=\"article:modified_time\" content=\"2025-08-28T09:43:39+00:00\" \/>\n<meta property=\"og:image\" content=\"https:\/\/q-workforce.com\/wp-content\/uploads\/2025\/04\/hands.jpg\" \/>\n<meta name=\"twitter:card\" content=\"summary_large_image\" \/>\n<meta name=\"twitter:label1\" content=\"Gesch\u00e4tzte Lesezeit\" \/>\n\t<meta name=\"twitter:data1\" content=\"1\u00a0Minute\" \/>\n<script type=\"application\/ld+json\" class=\"yoast-schema-graph\">{\"@context\":\"https:\\\/\\\/schema.org\",\"@graph\":[{\"@type\":\"WebPage\",\"@id\":\"https:\\\/\\\/q-workforce.com\\\/de\\\/lernen-sie-unser-team-kennen\\\/\",\"url\":\"https:\\\/\\\/q-workforce.com\\\/de\\\/lernen-sie-unser-team-kennen\\\/\",\"name\":\"LERNEN SIE UNSER TEAM KENNEN - QW Group\",\"isPartOf\":{\"@id\":\"https:\\\/\\\/q-workforce.com\\\/#website\"},\"primaryImageOfPage\":{\"@id\":\"https:\\\/\\\/q-workforce.com\\\/de\\\/lernen-sie-unser-team-kennen\\\/#primaryimage\"},\"image\":{\"@id\":\"https:\\\/\\\/q-workforce.com\\\/de\\\/lernen-sie-unser-team-kennen\\\/#primaryimage\"},\"thumbnailUrl\":\"https:\\\/\\\/q-workforce.com\\\/wp-content\\\/uploads\\\/2025\\\/04\\\/hands.jpg\",\"datePublished\":\"2025-03-07T14:10:43+00:00\",\"dateModified\":\"2025-08-28T09:43:39+00:00\",\"breadcrumb\":{\"@id\":\"https:\\\/\\\/q-workforce.com\\\/de\\\/lernen-sie-unser-team-kennen\\\/#breadcrumb\"},\"inLanguage\":\"de\",\"potentialAction\":[{\"@type\":\"ReadAction\",\"target\":[\"https:\\\/\\\/q-workforce.com\\\/de\\\/lernen-sie-unser-team-kennen\\\/\"]}]},{\"@type\":\"ImageObject\",\"inLanguage\":\"de\",\"@id\":\"https:\\\/\\\/q-workforce.com\\\/de\\\/lernen-sie-unser-team-kennen\\\/#primaryimage\",\"url\":\"https:\\\/\\\/q-workforce.com\\\/wp-content\\\/uploads\\\/2025\\\/04\\\/hands.jpg\",\"contentUrl\":\"https:\\\/\\\/q-workforce.com\\\/wp-content\\\/uploads\\\/2025\\\/04\\\/hands.jpg\"},{\"@type\":\"BreadcrumbList\",\"@id\":\"https:\\\/\\\/q-workforce.com\\\/de\\\/lernen-sie-unser-team-kennen\\\/#breadcrumb\",\"itemListElement\":[{\"@type\":\"ListItem\",\"position\":1,\"name\":\"Home\",\"item\":\"https:\\\/\\\/q-workforce.com\\\/sv\\\/\"},{\"@type\":\"ListItem\",\"position\":2,\"name\":\"LERNEN SIE UNSER TEAM KENNEN\"}]},{\"@type\":\"WebSite\",\"@id\":\"https:\\\/\\\/q-workforce.com\\\/#website\",\"url\":\"https:\\\/\\\/q-workforce.com\\\/\",\"name\":\"QW Group\",\"description\":\"YOUR TRUSTED PARTNER IN MANPOWER SOLUTIONS\",\"publisher\":{\"@id\":\"https:\\\/\\\/q-workforce.com\\\/#organization\"},\"potentialAction\":[{\"@type\":\"SearchAction\",\"target\":{\"@type\":\"EntryPoint\",\"urlTemplate\":\"https:\\\/\\\/q-workforce.com\\\/?s={search_term_string}\"},\"query-input\":{\"@type\":\"PropertyValueSpecification\",\"valueRequired\":true,\"valueName\":\"search_term_string\"}}],\"inLanguage\":\"de\"},{\"@type\":\"Organization\",\"@id\":\"https:\\\/\\\/q-workforce.com\\\/#organization\",\"name\":\"QW Group\",\"url\":\"https:\\\/\\\/q-workforce.com\\\/\",\"logo\":{\"@type\":\"ImageObject\",\"inLanguage\":\"de\",\"@id\":\"https:\\\/\\\/q-workforce.com\\\/#\\\/schema\\\/logo\\\/image\\\/\",\"url\":\"https:\\\/\\\/q-workforce.com\\\/wp-content\\\/uploads\\\/2025\\\/01\\\/Screenshot-2025-01-31-at-02.28.18.png\",\"contentUrl\":\"https:\\\/\\\/q-workforce.com\\\/wp-content\\\/uploads\\\/2025\\\/01\\\/Screenshot-2025-01-31-at-02.28.18.png\",\"width\":675,\"height\":218,\"caption\":\"QW Group\"},\"image\":{\"@id\":\"https:\\\/\\\/q-workforce.com\\\/#\\\/schema\\\/logo\\\/image\\\/\"}}]}<\/script>\n<!-- \/ Yoast SEO plugin. -->","yoast_head_json":{"title":"LERNEN SIE UNSER TEAM KENNEN - QW Group","robots":{"index":"index","follow":"follow","max-snippet":"max-snippet:-1","max-image-preview":"max-image-preview:large","max-video-preview":"max-video-preview:-1"},"canonical":"https:\/\/q-workforce.com\/de\/lernen-sie-unser-team-kennen\/","og_locale":"de_DE","og_type":"article","og_title":"LERNEN SIE UNSER TEAM KENNEN - QW Group","og_description":"Die QW Group wird von einem Team erfahrener Fachleute geleitet, die sich der Weiterentwicklung der Vision und der Werte des Unternehmens verschrieben haben. Mit fundierten Branchenkenntnissen und einem Engagement f\u00fcr Innovation stellt unser F\u00fchrungsteam sicher, dass die QW Group an der Spitze der Personall\u00f6sungen bleibt....","og_url":"https:\/\/q-workforce.com\/de\/lernen-sie-unser-team-kennen\/","og_site_name":"QW Group","article_modified_time":"2025-08-28T09:43:39+00:00","og_image":[{"url":"https:\/\/q-workforce.com\/wp-content\/uploads\/2025\/04\/hands.jpg","type":"","width":"","height":""}],"twitter_card":"summary_large_image","twitter_misc":{"Gesch\u00e4tzte Lesezeit":"1\u00a0Minute"},"schema":{"@context":"https:\/\/schema.org","@graph":[{"@type":"WebPage","@id":"https:\/\/q-workforce.com\/de\/lernen-sie-unser-team-kennen\/","url":"https:\/\/q-workforce.com\/de\/lernen-sie-unser-team-kennen\/","name":"LERNEN SIE UNSER TEAM KENNEN - QW Group","isPartOf":{"@id":"https:\/\/q-workforce.com\/#website"},"primaryImageOfPage":{"@id":"https:\/\/q-workforce.com\/de\/lernen-sie-unser-team-kennen\/#primaryimage"},"image":{"@id":"https:\/\/q-workforce.com\/de\/lernen-sie-unser-team-kennen\/#primaryimage"},"thumbnailUrl":"https:\/\/q-workforce.com\/wp-content\/uploads\/2025\/04\/hands.jpg","datePublished":"2025-03-07T14:10:43+00:00","dateModified":"2025-08-28T09:43:39+00:00","breadcrumb":{"@id":"https:\/\/q-workforce.com\/de\/lernen-sie-unser-team-kennen\/#breadcrumb"},"inLanguage":"de","potentialAction":[{"@type":"ReadAction","target":["https:\/\/q-workforce.com\/de\/lernen-sie-unser-team-kennen\/"]}]},{"@type":"ImageObject","inLanguage":"de","@id":"https:\/\/q-workforce.com\/de\/lernen-sie-unser-team-kennen\/#primaryimage","url":"https:\/\/q-workforce.com\/wp-content\/uploads\/2025\/04\/hands.jpg","contentUrl":"https:\/\/q-workforce.com\/wp-content\/uploads\/2025\/04\/hands.jpg"},{"@type":"BreadcrumbList","@id":"https:\/\/q-workforce.com\/de\/lernen-sie-unser-team-kennen\/#breadcrumb","itemListElement":[{"@type":"ListItem","position":1,"name":"Home","item":"https:\/\/q-workforce.com\/sv\/"},{"@type":"ListItem","position":2,"name":"LERNEN SIE UNSER TEAM KENNEN"}]},{"@type":"WebSite","@id":"https:\/\/q-workforce.com\/#website","url":"https:\/\/q-workforce.com\/","name":"QW Group","description":"YOUR TRUSTED PARTNER IN MANPOWER SOLUTIONS","publisher":{"@id":"https:\/\/q-workforce.com\/#organization"},"potentialAction":[{"@type":"SearchAction","target":{"@type":"EntryPoint","urlTemplate":"https:\/\/q-workforce.com\/?s={search_term_string}"},"query-input":{"@type":"PropertyValueSpecification","valueRequired":true,"valueName":"search_term_string"}}],"inLanguage":"de"},{"@type":"Organization","@id":"https:\/\/q-workforce.com\/#organization","name":"QW Group","url":"https:\/\/q-workforce.com\/","logo":{"@type":"ImageObject","inLanguage":"de","@id":"https:\/\/q-workforce.com\/#\/schema\/logo\/image\/","url":"https:\/\/q-workforce.com\/wp-content\/uploads\/2025\/01\/Screenshot-2025-01-31-at-02.28.18.png","contentUrl":"https:\/\/q-workforce.com\/wp-content\/uploads\/2025\/01\/Screenshot-2025-01-31-at-02.28.18.png","width":675,"height":218,"caption":"QW Group"},"image":{"@id":"https:\/\/q-workforce.com\/#\/schema\/logo\/image\/"}}]}},"_links":{"self":[{"href":"https:\/\/q-workforce.com\/de\/wp-json\/wp\/v2\/pages\/3994","targetHints":{"allow":["GET"]}}],"collection":[{"href":"https:\/\/q-workforce.com\/de\/wp-json\/wp\/v2\/pages"}],"about":[{"href":"https:\/\/q-workforce.com\/de\/wp-json\/wp\/v2\/types\/page"}],"author":[{"embeddable":true,"href":"https:\/\/q-workforce.com\/de\/wp-json\/wp\/v2\/users\/1"}],"replies":[{"embeddable":true,"href":"https:\/\/q-workforce.com\/de\/wp-json\/wp\/v2\/comments?post=3994"}],"version-history":[{"count":5,"href":"https:\/\/q-workforce.com\/de\/wp-json\/wp\/v2\/pages\/3994\/revisions"}],"predecessor-version":[{"id":4000,"href":"https:\/\/q-workforce.com\/de\/wp-json\/wp\/v2\/pages\/3994\/revisions\/4000"}],"wp:attachment":[{"href":"https:\/\/q-workforce.com\/de\/wp-json\/wp\/v2\/media?parent=3994"}],"curies":[{"name":"wp","href":"https:\/\/api.w.org\/{rel}","templated":true}]}}