{"id":4030,"date":"2020-03-04T14:31:50","date_gmt":"2020-03-04T14:31:50","guid":{"rendered":"https:\/\/q-workforce.com\/?page_id=4030"},"modified":"2025-08-29T10:13:10","modified_gmt":"2025-08-29T10:13:10","slug":"notre-groupe","status":"publish","type":"page","link":"https:\/\/q-workforce.com\/fr\/notre-groupe\/","title":{"rendered":"NOTRE GROUPE"},"content":{"rendered":"\t\t<div data-elementor-type=\"wp-page\" data-elementor-id=\"4030\" class=\"elementor elementor-4030 elementor-163\">\n\t\t\t\t\t\t<section class=\"elementor-section elementor-top-section elementor-element elementor-element-321b9592 qode_elementor_container_inner elementor-hidden-mobile elementor-section-boxed elementor-section-height-default elementor-section-height-default parallax_section_no\" data-id=\"321b9592\" data-element_type=\"section\">\n\t\t\t\t\t\t<div class=\"elementor-container elementor-column-gap-default\">\n\t\t\t\t\t<div class=\"elementor-column elementor-col-100 elementor-top-column elementor-element elementor-element-27cb37b3\" data-id=\"27cb37b3\" data-element_type=\"column\">\n\t\t\t<div class=\"elementor-widget-wrap elementor-element-populated\">\n\t\t\t\t\t\t<div class=\"elementor-element elementor-element-77970a5 elementor-widget elementor-widget-slider_revolution\" data-id=\"77970a5\" data-element_type=\"widget\" data-widget_type=\"slider_revolution.default\">\n\t\t\t\t<div class=\"elementor-widget-container\">\n\t\t\t\t\t\n\t\t<div class=\"wp-block-themepunch-revslider\">\n\t\t\t\t<p class=\"rs-p-wp-fix\"><\/p>\n\t\t\t\t<sr7-module data-alias=\"mapa-extended-1-11\" data-id=\"18\" id=\"SR7_18_1\" class=\"rs-ov-hidden\" data-version=\"6.7.25\">\n\t\t\t\t\t<sr7-adjuster><\/sr7-adjuster>\n\t\t\t\t\t<sr7-content>\n\t\t\t\t\t\t<sr7-slide id=\"SR7_18_1-35\" data-key=\"35\">\n\t\t\t\t\t\t\t<sr7-txt id=\"SR7_18_1-35-4\" class=\"sr7-layer\">P\u00f4le important de recrutement et de main-d'\u0153uvre, fort d'une solide exp\u00e9rience dans la r\u00e9alisation et le soutien de projets industriels, il abrite \u00e9galement notre centre de formation de soudeurs moderne, renfor\u00e7ant ainsi notre engagement envers l'excellence et le d\u00e9veloppement des comp\u00e9tences.<\/sr7-txt>\n\t\t\t\t\t\t\t<sr7-txt id=\"SR7_18_1-35-8\" class=\"sr7-layer\">Notre si\u00e8ge social est situ\u00e9 en Su\u00e8de, v\u00e9ritable plaque tournante de l'innovation, de la planification strat\u00e9gique et de la gestion des ressources. Notre \u00e9quipe locale met en relation les entreprises avec les professionnels les plus qualifi\u00e9s dans divers secteurs. Nous comptons trois entit\u00e9s juridiques enregistr\u00e9es\u00a0:<br \/>\nQW GROUP AB<br \/>\nQ Workforce AB<br \/>\nMFT Steel AB<\/sr7-txt>\n\t\t\t\t\t\t\t<sr7-txt id=\"SR7_18_1-35-10\" class=\"sr7-layer\">SU\u00c8DE<\/sr7-txt>\n\t\t\t\t\t\t\t<sr7-txt id=\"SR7_18_1-35-11\" class=\"sr7-layer\">NOTRE<br \/>\nGROUPE <\/sr7-txt>\n\t\t\t\t\t\t\t<sr7-txt id=\"SR7_18_1-35-12\" class=\"sr7-layer\">Portugal<br \/>\n<br \/>\n<\/sr7-txt>\n\t\t\t\t\t\t\t<sr7-txt id=\"SR7_18_1-35-13\" class=\"sr7-layer\">La pr\u00e9sence du groupe QW en Allemagne fournit un soutien essentiel en mati\u00e8re de main-d\u2019\u0153uvre pour les projets industriels \u00e0 grande \u00e9chelle, en mettant l\u2019accent sur la pr\u00e9cision, la qualit\u00e9 et l\u2019innovation.<\/sr7-txt>\n\t\t\t\t\t\t\t<sr7-txt id=\"SR7_18_1-35-16\" class=\"sr7-layer\">ISLANDE<br \/>\n<\/sr7-txt>\n\t\t\t\t\t\t\t<sr7-txt id=\"SR7_18_1-35-17\" class=\"sr7-layer\">L'Islande est un march\u00e9 en pleine croissance pour le groupe QW, o\u00f9 nous fournissons de la main-d'\u0153uvre pour des op\u00e9rations industrielles et des projets d'\u00e9nergies renouvelables. Notre \u00e9quipe conna\u00eet parfaitement les d\u00e9fis et les opportunit\u00e9s propres \u00e0 cette r\u00e9gion.<\/sr7-txt>\n\t\t\t\t\t\t\t<sr7-txt id=\"SR7_18_1-35-19\" class=\"sr7-layer\">Allemagne<\/sr7-txt>\n\t\t\t\t\t\t\t<sr7-txt id=\"SR7_18_1-35-33\" class=\"sr7-layer\">Au Royaume-Uni, QW Group intervient dans divers secteurs, notamment dans les projets maritimes et industriels. Nos professionnels bas\u00e9s au Royaume-Uni accompagnent d'importants projets d'infrastructures \u00e0 travers l'Europe.<\/sr7-txt>\n\t\t\t\t\t\t\t<sr7-txt id=\"SR7_18_1-35-34\" class=\"sr7-layer\">Royaume-Uni<\/sr7-txt>\n\t\t\t\t\t\t\t<sr7-txt id=\"SR7_18_1-35-41\" class=\"sr7-layer\">NORV\u00c8GE<\/sr7-txt>\n\t\t\t\t\t\t\t<sr7-txt id=\"SR7_18_1-35-42\" class=\"sr7-layer\">Acteur cl\u00e9 de l'industrie p\u00e9troli\u00e8re et gazi\u00e8re, notre filiale norv\u00e9gienne fournit des solutions de recrutement sp\u00e9cialis\u00e9es et hautement qualifi\u00e9es pour les projets offshore et onshore, en mettant l'accent sur la qualit\u00e9 et la s\u00e9curit\u00e9.<\/sr7-txt>\n\t\t\t\t\t\t\t<sr7-txt id=\"SR7_18_1-35-49\" class=\"sr7-layer\">Nos op\u00e9rations en Serbie visent \u00e0 fournir une main-d'\u0153uvre rentable et hautement qualifi\u00e9e pour des projets dans les Balkans. Forte d'une main-d'\u0153uvre technique solide, la Serbie constitue un p\u00f4le de ressources essentiel pour divers secteurs.<\/sr7-txt>\n\t\t\t\t\t\t\t<sr7-txt id=\"SR7_18_1-35-50\" class=\"sr7-layer\">Serbie<\/sr7-txt>\n\t\t\t\t\t\t<\/sr7-slide>\n\t\t\t\t\t\t<sr7-slide id=\"SR7_18_1-36\" data-key=\"36\">\n\t\t\t\t\t\t<\/sr7-slide>\n\t\t\t\t\t<\/sr7-content>\n\t\t\t\t\t<image_lists style=\"display:none\">\n\t\t\t\t\t\t<img data-src=\"\/\/q-workforce.com\/wp-content\/uploads\/2020\/03\/slider-img-1-1.png\" data-libid=\"155\" data-lib=\"medialibrary\" alt=\"m\" title=\"slider-img-1\" width=\"0\" height=\"0\" data-dbsrc=\"Ly9xLXdvcmtmb3JjZS5jb20vd3AtY29udGVudC91cGxvYWRzLzIwMjAvMDMvc2xpZGVyLWltZy0xLTEucG5n\"\/>\n\t\t\t\t\t\t<img data-src=\"\/\/q-workforce.com\/wp-content\/uploads\/2020\/03\/slider-img-2.png\" data-libid=\"156\" data-lib=\"medialibrary\" title=\"slider-img-2\" width=\"0\" height=\"0\" data-dbsrc=\"Ly9xLXdvcmtmb3JjZS5jb20vd3AtY29udGVudC91cGxvYWRzLzIwMjAvMDMvc2xpZGVyLWltZy0yLnBuZw==\"\/>\n\t\t\t\t\t\t<img data-src=\"\/\/q-workforce.com\/wp-content\/uploads\/2020\/03\/slider-img-4.png\" data-libid=\"206\" data-lib=\"medialibrary\" alt=\"m\" title=\"slider-img-4\" width=\"0\" height=\"0\" data-dbsrc=\"Ly9xLXdvcmtmb3JjZS5jb20vd3AtY29udGVudC91cGxvYWRzLzIwMjAvMDMvc2xpZGVyLWltZy00LnBuZw==\"\/>\n\t\t\t\t\t<\/image_lists>\n\t\t\t\t<\/sr7-module>\n\t\t\t\t<script>\n\t\t\t\t\tSR7.PMH ??={}; SR7.PMH[\"SR7_18_1\"] = {cn:100,state:false,fn: function() { if (_tpt!==undefined && _tpt.prepareModuleHeight !== undefined) {  _tpt.prepareModuleHeight({id:\"SR7_18_1\",el:[740,740,618,618,618],type:'hero',shdw:'0',gh:[740,740,618,618,618],gw:[1300,1300,1100,1100,1100],vpt:['-100px&#039;,&#039;-100px&#039;,&#039;-100px&#039;,&#039;-100px&#039;,&#039;-100px'],size:{fullWidth:true, fullHeight:false},mh:'0',onh:0,onw:0,bg:{color:'{\"type\":\"solid\",\"orig\":\"#9fc1e2\",\"string\":\"rgba(159, 193, 226, 1)\"}'}});   SR7.PMH[\"SR7_18_1\"].state=true;} else if(SR7.PMH[\"SR7_18_1\"].cn-->0)\tsetTimeout( SR7.PMH[\"SR7_18_1\"].fn,19);}};SR7.PMH[\"SR7_18_1\" ].fn();\n\t\t\t\t<\/script>\n<\/div>\n\n\t\t\t\t\t\t<\/div>\n\t\t\t\t<\/div>\n\t\t\t\t\t<\/div>\n\t\t<\/div>\n\t\t\t\t\t<\/div>\n\t\t<\/section>\n\t\t\t\t<section class=\"elementor-section elementor-top-section elementor-element elementor-element-a5f152b qode_elementor_container_inner elementor-section-full_width elementor-section-stretched elementor-hidden-desktop elementor-hidden-tablet elementor-section-height-default elementor-section-height-default parallax_section_no\" data-id=\"a5f152b\" data-element_type=\"section\" data-settings=\"{&quot;stretch_section&quot;:&quot;section-stretched&quot;}\">\n\t\t\t\t\t\t<div class=\"elementor-container elementor-column-gap-default\">\n\t\t\t\t\t<div class=\"elementor-column elementor-col-100 elementor-top-column elementor-element elementor-element-2905f97\" data-id=\"2905f97\" data-element_type=\"column\">\n\t\t\t<div class=\"elementor-widget-wrap elementor-element-populated\">\n\t\t\t\t\t\t<div class=\"elementor-element elementor-element-f3e55a2 elementor-widget elementor-widget-image\" data-id=\"f3e55a2\" data-element_type=\"widget\" data-widget_type=\"image.default\">\n\t\t\t\t<div class=\"elementor-widget-container\">\n\t\t\t\t\t\t\t\t\t\t\t\t\t\t\t<img loading=\"lazy\" decoding=\"async\" width=\"880\" height=\"530\" src=\"https:\/\/q-workforce.com\/wp-content\/uploads\/2025\/04\/mapaQWmob880.jpg\" class=\"attachment-large size-large wp-image-1603\" alt=\"\" srcset=\"https:\/\/q-workforce.com\/wp-content\/uploads\/2025\/04\/mapaQWmob880.jpg 880w, https:\/\/q-workforce.com\/wp-content\/uploads\/2025\/04\/mapaQWmob880-300x181.jpg 300w, https:\/\/q-workforce.com\/wp-content\/uploads\/2025\/04\/mapaQWmob880-768x463.jpg 768w, https:\/\/q-workforce.com\/wp-content\/uploads\/2025\/04\/mapaQWmob880-700x422.jpg 700w\" sizes=\"(max-width: 880px) 100vw, 880px\" \/>\t\t\t\t\t\t\t\t\t\t\t\t\t\t\t<\/div>\n\t\t\t\t<\/div>\n\t\t\t\t\t<\/div>\n\t\t<\/div>\n\t\t\t\t\t<\/div>\n\t\t<\/section>\n\t\t\t\t<section class=\"elementor-section elementor-top-section elementor-element elementor-element-5ae3fd1 qode_elementor_container_inner elementor-section-boxed elementor-section-height-default elementor-section-height-default parallax_section_no\" data-id=\"5ae3fd1\" data-element_type=\"section\">\n\t\t\t\t\t\t<div class=\"elementor-container elementor-column-gap-default\">\n\t\t\t\t\t<div class=\"elementor-column elementor-col-50 elementor-top-column elementor-element elementor-element-a036405\" data-id=\"a036405\" data-element_type=\"column\">\n\t\t\t<div class=\"elementor-widget-wrap elementor-element-populated\">\n\t\t\t\t\t\t<div class=\"elementor-element elementor-element-bbb0288 elementor-widget elementor-widget-image\" data-id=\"bbb0288\" data-element_type=\"widget\" data-widget_type=\"image.default\">\n\t\t\t\t<div class=\"elementor-widget-container\">\n\t\t\t\t\t\t\t\t\t\t\t\t\t\t\t<img loading=\"lazy\" decoding=\"async\" width=\"800\" height=\"609\" src=\"https:\/\/q-workforce.com\/wp-content\/uploads\/2025\/04\/ourgroup1.jpg\" class=\"attachment-full size-full wp-image-1413\" alt=\"\" srcset=\"https:\/\/q-workforce.com\/wp-content\/uploads\/2025\/04\/ourgroup1.jpg 800w, https:\/\/q-workforce.com\/wp-content\/uploads\/2025\/04\/ourgroup1-300x228.jpg 300w, https:\/\/q-workforce.com\/wp-content\/uploads\/2025\/04\/ourgroup1-768x585.jpg 768w, https:\/\/q-workforce.com\/wp-content\/uploads\/2025\/04\/ourgroup1-500x380.jpg 500w, https:\/\/q-workforce.com\/wp-content\/uploads\/2025\/04\/ourgroup1-700x533.jpg 700w\" sizes=\"(max-width: 800px) 100vw, 800px\" \/>\t\t\t\t\t\t\t\t\t\t\t\t\t\t\t<\/div>\n\t\t\t\t<\/div>\n\t\t\t\t\t<\/div>\n\t\t<\/div>\n\t\t\t\t<div class=\"elementor-column elementor-col-50 elementor-top-column elementor-element elementor-element-002ebb9\" data-id=\"002ebb9\" data-element_type=\"column\">\n\t\t\t<div class=\"elementor-widget-wrap elementor-element-populated\">\n\t\t\t\t\t\t<div class=\"elementor-element elementor-element-43e3ef1 elementor-widget elementor-widget-text-editor\" data-id=\"43e3ef1\" data-element_type=\"widget\" data-widget_type=\"text-editor.default\">\n\t\t\t\t<div class=\"elementor-widget-container\">\n\t\t\t\t\t\t\t\t\t<h5 id=\"tw-target-text\" class=\"tw-data-text tw-text-large tw-ta\" dir=\"ltr\" data-placeholder=\"\u041f\u0440\u0435\u0432\u043e\u0434\" data-ved=\"2ahUKEwjMzKa4iq2PAxXGRvEDHaK0MTUQ3ewLegQIDhAU\" aria-label=\"\u041f\u0440\u0435\u0432\u0435\u0434\u0435\u043d\u0438 \u0442\u0435\u043a\u0441\u0442: UNE \u00c9QUIPE GAGNANTE\"><span class=\"Y2IQFc\" lang=\"fr\">UNE \u00c9QUIPE GAGNANTE<\/span><\/h5>\t\t\t\t\t\t\t\t<\/div>\n\t\t\t\t<\/div>\n\t\t\t\t<div class=\"elementor-element elementor-element-f43390c elementor-widget elementor-widget-text-editor\" data-id=\"f43390c\" data-element_type=\"widget\" data-widget_type=\"text-editor.default\">\n\t\t\t\t<div class=\"elementor-widget-container\">\n\t\t\t\t\t\t\t\t\t<h3>Un leader mondial des solutions pour la main-d&rsquo;\u0153uvre<\/h3>\t\t\t\t\t\t\t\t<\/div>\n\t\t\t\t<\/div>\n\t\t\t\t<div class=\"elementor-element elementor-element-38c12f4 elementor-widget elementor-widget-text-editor\" data-id=\"38c12f4\" data-element_type=\"widget\" data-widget_type=\"text-editor.default\">\n\t\t\t\t<div class=\"elementor-widget-container\">\n\t\t\t\t\t\t\t\t\t<p>QW Group est une soci\u00e9t\u00e9 holding dynamique et avant-gardiste avec un portefeuille diversifi\u00e9 de filiales multinationales. Nous sommes fiers de notre capacit\u00e9 \u00e0<strong> fournir des solutions de main-d&rsquo;\u0153uvre hautement qualifi\u00e9e<\/strong> adapt\u00e9es aux besoins des secteurs industriel, p\u00e9trolier et gazier et maritime. Gr\u00e2ce \u00e0 sa vaste exp\u00e9rience, QW Group s&rsquo;est impos\u00e9 comme un <strong>partenaire de confiance<\/strong> pour les entreprises qui ont besoin de talents experts pour r\u00e9aliser des projets sp\u00e9cialis\u00e9s de grande envergure.<\/p>\t\t\t\t\t\t\t\t<\/div>\n\t\t\t\t<\/div>\n\t\t\t\t\t<\/div>\n\t\t<\/div>\n\t\t\t\t\t<\/div>\n\t\t<\/section>\n\t\t\t\t<section class=\"elementor-section elementor-top-section elementor-element elementor-element-2eab357 qode_elementor_container_inner elementor-section-boxed elementor-section-height-default elementor-section-height-default parallax_section_no\" data-id=\"2eab357\" data-element_type=\"section\">\n\t\t\t\t\t\t<div class=\"elementor-container elementor-column-gap-default\">\n\t\t\t\t\t<div class=\"elementor-column elementor-col-50 elementor-top-column elementor-element elementor-element-bb04dab\" data-id=\"bb04dab\" data-element_type=\"column\">\n\t\t\t<div class=\"elementor-widget-wrap elementor-element-populated\">\n\t\t\t\t\t\t<div class=\"elementor-element elementor-element-e5f541d elementor-widget elementor-widget-text-editor\" data-id=\"e5f541d\" data-element_type=\"widget\" data-widget_type=\"text-editor.default\">\n\t\t\t\t<div class=\"elementor-widget-container\">\n\t\t\t\t\t\t\t\t\t<h3>La structure de notre groupe<\/h3>\t\t\t\t\t\t\t\t<\/div>\n\t\t\t\t<\/div>\n\t\t\t\t<div class=\"elementor-element elementor-element-66ed2e6 elementor-widget elementor-widget-text-editor\" data-id=\"66ed2e6\" data-element_type=\"widget\" data-widget_type=\"text-editor.default\">\n\t\t\t\t<div class=\"elementor-widget-container\">\n\t\t\t\t\t\t\t\t\t<p>QW Group op\u00e8re \u00e0 travers un r\u00e9seau de soci\u00e9t\u00e9s strat\u00e9giquement positionn\u00e9es, chacune sp\u00e9cialis\u00e9e dans des industries et des r\u00e9gions g\u00e9ographiques sp\u00e9cifiques. Cette structure unique nous permet d&rsquo;offrir une large gamme de services, offrant une valeur exceptionnelle \u00e0 des clients du monde entier.<\/p>\t\t\t\t\t\t\t\t<\/div>\n\t\t\t\t<\/div>\n\t\t\t\t\t<\/div>\n\t\t<\/div>\n\t\t\t\t<div class=\"elementor-column elementor-col-50 elementor-top-column elementor-element elementor-element-9dd88d3\" data-id=\"9dd88d3\" data-element_type=\"column\">\n\t\t\t<div class=\"elementor-widget-wrap elementor-element-populated\">\n\t\t\t\t\t\t<div class=\"elementor-element elementor-element-81a9c09 elementor-widget elementor-widget-image\" data-id=\"81a9c09\" data-element_type=\"widget\" data-widget_type=\"image.default\">\n\t\t\t\t<div class=\"elementor-widget-container\">\n\t\t\t\t\t\t\t\t\t\t\t\t\t\t\t<img loading=\"lazy\" decoding=\"async\" width=\"800\" height=\"609\" src=\"https:\/\/q-workforce.com\/wp-content\/uploads\/2025\/04\/ourgroup2.jpg\" class=\"attachment-full size-full wp-image-1417\" alt=\"\" srcset=\"https:\/\/q-workforce.com\/wp-content\/uploads\/2025\/04\/ourgroup2.jpg 800w, https:\/\/q-workforce.com\/wp-content\/uploads\/2025\/04\/ourgroup2-300x228.jpg 300w, https:\/\/q-workforce.com\/wp-content\/uploads\/2025\/04\/ourgroup2-768x585.jpg 768w, https:\/\/q-workforce.com\/wp-content\/uploads\/2025\/04\/ourgroup2-500x380.jpg 500w, https:\/\/q-workforce.com\/wp-content\/uploads\/2025\/04\/ourgroup2-700x533.jpg 700w\" sizes=\"(max-width: 800px) 100vw, 800px\" \/>\t\t\t\t\t\t\t\t\t\t\t\t\t\t\t<\/div>\n\t\t\t\t<\/div>\n\t\t\t\t\t<\/div>\n\t\t<\/div>\n\t\t\t\t\t<\/div>\n\t\t<\/section>\n\t\t<div class=\"elementor-element elementor-element-6b7895d e-flex e-con-boxed parallax_section_no qode_elementor_container_no e-con e-parent\" data-id=\"6b7895d\" data-element_type=\"container\">\n\t\t\t\t\t<div class=\"e-con-inner\">\n\t\t\t\t\t<\/div>\n\t\t\t\t<\/div>\n\t\t\t\t<\/div>\n\t\t","protected":false},"excerpt":{"rendered":"<p>UNE \u00c9QUIPE GAGNANTE Un leader mondial des solutions pour la main-d&rsquo;\u0153uvre QW Group est une soci\u00e9t\u00e9 holding dynamique et avant-gardiste avec un portefeuille diversifi\u00e9 de filiales multinationales. Nous sommes fiers de notre capacit\u00e9 \u00e0 fournir des solutions de main-d&rsquo;\u0153uvre hautement qualifi\u00e9e adapt\u00e9es aux besoins des&#8230;<\/p>\n","protected":false},"author":1,"featured_media":0,"parent":0,"menu_order":0,"comment_status":"closed","ping_status":"closed","template":"full_width.php","meta":{"footnotes":""},"class_list":["post-4030","page","type-page","status-publish","hentry"],"yoast_head":"<!-- This site is optimized with the Yoast SEO plugin v27.4 - https:\/\/yoast.com\/product\/yoast-seo-wordpress\/ -->\n<title>NOTRE GROUPE - QW Group<\/title>\n<meta name=\"robots\" content=\"index, follow, max-snippet:-1, max-image-preview:large, max-video-preview:-1\" \/>\n<link rel=\"canonical\" href=\"https:\/\/q-workforce.com\/fr\/notre-groupe\/\" \/>\n<meta property=\"og:locale\" content=\"fr_FR\" \/>\n<meta property=\"og:type\" content=\"article\" \/>\n<meta property=\"og:title\" content=\"NOTRE GROUPE - QW Group\" \/>\n<meta property=\"og:description\" content=\"UNE \u00c9QUIPE GAGNANTE Un leader mondial des solutions pour la main-d&rsquo;\u0153uvre QW Group est une soci\u00e9t\u00e9 holding dynamique et avant-gardiste avec un portefeuille diversifi\u00e9 de filiales multinationales. Nous sommes fiers de notre capacit\u00e9 \u00e0 fournir des solutions de main-d&rsquo;\u0153uvre hautement qualifi\u00e9e adapt\u00e9es aux besoins des...\" \/>\n<meta property=\"og:url\" content=\"https:\/\/q-workforce.com\/fr\/notre-groupe\/\" \/>\n<meta property=\"og:site_name\" content=\"QW Group\" \/>\n<meta property=\"article:modified_time\" content=\"2025-08-29T10:13:10+00:00\" \/>\n<meta property=\"og:image\" content=\"https:\/\/q-workforce.com\/wp-content\/uploads\/2025\/04\/mapaQWmob880.jpg\" \/>\n\t<meta property=\"og:image:width\" content=\"880\" \/>\n\t<meta property=\"og:image:height\" content=\"530\" \/>\n\t<meta property=\"og:image:type\" content=\"image\/jpeg\" \/>\n<meta name=\"twitter:card\" content=\"summary_large_image\" \/>\n<meta name=\"twitter:label1\" content=\"Dur\u00e9e de lecture estim\u00e9e\" \/>\n\t<meta name=\"twitter:data1\" content=\"3 minutes\" \/>\n<script type=\"application\/ld+json\" class=\"yoast-schema-graph\">{\"@context\":\"https:\\\/\\\/schema.org\",\"@graph\":[{\"@type\":\"WebPage\",\"@id\":\"https:\\\/\\\/q-workforce.com\\\/fr\\\/notre-groupe\\\/\",\"url\":\"https:\\\/\\\/q-workforce.com\\\/fr\\\/notre-groupe\\\/\",\"name\":\"NOTRE GROUPE - QW Group\",\"isPartOf\":{\"@id\":\"https:\\\/\\\/q-workforce.com\\\/#website\"},\"primaryImageOfPage\":{\"@id\":\"https:\\\/\\\/q-workforce.com\\\/fr\\\/notre-groupe\\\/#primaryimage\"},\"image\":{\"@id\":\"https:\\\/\\\/q-workforce.com\\\/fr\\\/notre-groupe\\\/#primaryimage\"},\"thumbnailUrl\":\"https:\\\/\\\/q-workforce.com\\\/wp-content\\\/uploads\\\/2025\\\/04\\\/mapaQWmob880.jpg\",\"datePublished\":\"2020-03-04T14:31:50+00:00\",\"dateModified\":\"2025-08-29T10:13:10+00:00\",\"breadcrumb\":{\"@id\":\"https:\\\/\\\/q-workforce.com\\\/fr\\\/notre-groupe\\\/#breadcrumb\"},\"inLanguage\":\"fr-FR\",\"potentialAction\":[{\"@type\":\"ReadAction\",\"target\":[\"https:\\\/\\\/q-workforce.com\\\/fr\\\/notre-groupe\\\/\"]}]},{\"@type\":\"ImageObject\",\"inLanguage\":\"fr-FR\",\"@id\":\"https:\\\/\\\/q-workforce.com\\\/fr\\\/notre-groupe\\\/#primaryimage\",\"url\":\"https:\\\/\\\/q-workforce.com\\\/wp-content\\\/uploads\\\/2025\\\/04\\\/mapaQWmob880.jpg\",\"contentUrl\":\"https:\\\/\\\/q-workforce.com\\\/wp-content\\\/uploads\\\/2025\\\/04\\\/mapaQWmob880.jpg\"},{\"@type\":\"BreadcrumbList\",\"@id\":\"https:\\\/\\\/q-workforce.com\\\/fr\\\/notre-groupe\\\/#breadcrumb\",\"itemListElement\":[{\"@type\":\"ListItem\",\"position\":1,\"name\":\"Home\",\"item\":\"https:\\\/\\\/q-workforce.com\\\/sv\\\/\"},{\"@type\":\"ListItem\",\"position\":2,\"name\":\"NOTRE GROUPE\"}]},{\"@type\":\"WebSite\",\"@id\":\"https:\\\/\\\/q-workforce.com\\\/#website\",\"url\":\"https:\\\/\\\/q-workforce.com\\\/\",\"name\":\"QW Group\",\"description\":\"YOUR TRUSTED PARTNER IN MANPOWER SOLUTIONS\",\"publisher\":{\"@id\":\"https:\\\/\\\/q-workforce.com\\\/#organization\"},\"potentialAction\":[{\"@type\":\"SearchAction\",\"target\":{\"@type\":\"EntryPoint\",\"urlTemplate\":\"https:\\\/\\\/q-workforce.com\\\/?s={search_term_string}\"},\"query-input\":{\"@type\":\"PropertyValueSpecification\",\"valueRequired\":true,\"valueName\":\"search_term_string\"}}],\"inLanguage\":\"fr-FR\"},{\"@type\":\"Organization\",\"@id\":\"https:\\\/\\\/q-workforce.com\\\/#organization\",\"name\":\"QW Group\",\"url\":\"https:\\\/\\\/q-workforce.com\\\/\",\"logo\":{\"@type\":\"ImageObject\",\"inLanguage\":\"fr-FR\",\"@id\":\"https:\\\/\\\/q-workforce.com\\\/#\\\/schema\\\/logo\\\/image\\\/\",\"url\":\"https:\\\/\\\/q-workforce.com\\\/wp-content\\\/uploads\\\/2025\\\/01\\\/Screenshot-2025-01-31-at-02.28.18.png\",\"contentUrl\":\"https:\\\/\\\/q-workforce.com\\\/wp-content\\\/uploads\\\/2025\\\/01\\\/Screenshot-2025-01-31-at-02.28.18.png\",\"width\":675,\"height\":218,\"caption\":\"QW Group\"},\"image\":{\"@id\":\"https:\\\/\\\/q-workforce.com\\\/#\\\/schema\\\/logo\\\/image\\\/\"}}]}<\/script>\n<!-- \/ Yoast SEO plugin. -->","yoast_head_json":{"title":"NOTRE GROUPE - QW Group","robots":{"index":"index","follow":"follow","max-snippet":"max-snippet:-1","max-image-preview":"max-image-preview:large","max-video-preview":"max-video-preview:-1"},"canonical":"https:\/\/q-workforce.com\/fr\/notre-groupe\/","og_locale":"fr_FR","og_type":"article","og_title":"NOTRE GROUPE - QW Group","og_description":"UNE \u00c9QUIPE GAGNANTE Un leader mondial des solutions pour la main-d&rsquo;\u0153uvre QW Group est une soci\u00e9t\u00e9 holding dynamique et avant-gardiste avec un portefeuille diversifi\u00e9 de filiales multinationales. Nous sommes fiers de notre capacit\u00e9 \u00e0 fournir des solutions de main-d&rsquo;\u0153uvre hautement qualifi\u00e9e adapt\u00e9es aux besoins des...","og_url":"https:\/\/q-workforce.com\/fr\/notre-groupe\/","og_site_name":"QW Group","article_modified_time":"2025-08-29T10:13:10+00:00","og_image":[{"width":880,"height":530,"url":"https:\/\/q-workforce.com\/wp-content\/uploads\/2025\/04\/mapaQWmob880.jpg","type":"image\/jpeg"}],"twitter_card":"summary_large_image","twitter_misc":{"Dur\u00e9e de lecture estim\u00e9e":"3 minutes"},"schema":{"@context":"https:\/\/schema.org","@graph":[{"@type":"WebPage","@id":"https:\/\/q-workforce.com\/fr\/notre-groupe\/","url":"https:\/\/q-workforce.com\/fr\/notre-groupe\/","name":"NOTRE GROUPE - QW Group","isPartOf":{"@id":"https:\/\/q-workforce.com\/#website"},"primaryImageOfPage":{"@id":"https:\/\/q-workforce.com\/fr\/notre-groupe\/#primaryimage"},"image":{"@id":"https:\/\/q-workforce.com\/fr\/notre-groupe\/#primaryimage"},"thumbnailUrl":"https:\/\/q-workforce.com\/wp-content\/uploads\/2025\/04\/mapaQWmob880.jpg","datePublished":"2020-03-04T14:31:50+00:00","dateModified":"2025-08-29T10:13:10+00:00","breadcrumb":{"@id":"https:\/\/q-workforce.com\/fr\/notre-groupe\/#breadcrumb"},"inLanguage":"fr-FR","potentialAction":[{"@type":"ReadAction","target":["https:\/\/q-workforce.com\/fr\/notre-groupe\/"]}]},{"@type":"ImageObject","inLanguage":"fr-FR","@id":"https:\/\/q-workforce.com\/fr\/notre-groupe\/#primaryimage","url":"https:\/\/q-workforce.com\/wp-content\/uploads\/2025\/04\/mapaQWmob880.jpg","contentUrl":"https:\/\/q-workforce.com\/wp-content\/uploads\/2025\/04\/mapaQWmob880.jpg"},{"@type":"BreadcrumbList","@id":"https:\/\/q-workforce.com\/fr\/notre-groupe\/#breadcrumb","itemListElement":[{"@type":"ListItem","position":1,"name":"Home","item":"https:\/\/q-workforce.com\/sv\/"},{"@type":"ListItem","position":2,"name":"NOTRE GROUPE"}]},{"@type":"WebSite","@id":"https:\/\/q-workforce.com\/#website","url":"https:\/\/q-workforce.com\/","name":"QW Group","description":"YOUR TRUSTED PARTNER IN MANPOWER SOLUTIONS","publisher":{"@id":"https:\/\/q-workforce.com\/#organization"},"potentialAction":[{"@type":"SearchAction","target":{"@type":"EntryPoint","urlTemplate":"https:\/\/q-workforce.com\/?s={search_term_string}"},"query-input":{"@type":"PropertyValueSpecification","valueRequired":true,"valueName":"search_term_string"}}],"inLanguage":"fr-FR"},{"@type":"Organization","@id":"https:\/\/q-workforce.com\/#organization","name":"QW Group","url":"https:\/\/q-workforce.com\/","logo":{"@type":"ImageObject","inLanguage":"fr-FR","@id":"https:\/\/q-workforce.com\/#\/schema\/logo\/image\/","url":"https:\/\/q-workforce.com\/wp-content\/uploads\/2025\/01\/Screenshot-2025-01-31-at-02.28.18.png","contentUrl":"https:\/\/q-workforce.com\/wp-content\/uploads\/2025\/01\/Screenshot-2025-01-31-at-02.28.18.png","width":675,"height":218,"caption":"QW Group"},"image":{"@id":"https:\/\/q-workforce.com\/#\/schema\/logo\/image\/"}}]}},"_links":{"self":[{"href":"https:\/\/q-workforce.com\/fr\/wp-json\/wp\/v2\/pages\/4030","targetHints":{"allow":["GET"]}}],"collection":[{"href":"https:\/\/q-workforce.com\/fr\/wp-json\/wp\/v2\/pages"}],"about":[{"href":"https:\/\/q-workforce.com\/fr\/wp-json\/wp\/v2\/types\/page"}],"author":[{"embeddable":true,"href":"https:\/\/q-workforce.com\/fr\/wp-json\/wp\/v2\/users\/1"}],"replies":[{"embeddable":true,"href":"https:\/\/q-workforce.com\/fr\/wp-json\/wp\/v2\/comments?post=4030"}],"version-history":[{"count":12,"href":"https:\/\/q-workforce.com\/fr\/wp-json\/wp\/v2\/pages\/4030\/revisions"}],"predecessor-version":[{"id":4130,"href":"https:\/\/q-workforce.com\/fr\/wp-json\/wp\/v2\/pages\/4030\/revisions\/4130"}],"wp:attachment":[{"href":"https:\/\/q-workforce.com\/fr\/wp-json\/wp\/v2\/media?parent=4030"}],"curies":[{"name":"wp","href":"https:\/\/api.w.org\/{rel}","templated":true}]}}