{"id":4049,"date":"2025-03-07T13:35:31","date_gmt":"2025-03-07T13:35:31","guid":{"rendered":"https:\/\/q-workforce.com\/?page_id=4049"},"modified":"2025-08-28T14:58:04","modified_gmt":"2025-08-28T14:58:04","slug":"competences-et-expertises","status":"publish","type":"page","link":"https:\/\/q-workforce.com\/fr\/competences-et-expertises\/","title":{"rendered":"COMP\u00c9TENCES ET EXPERTISES"},"content":{"rendered":"\t\t<div data-elementor-type=\"wp-page\" data-elementor-id=\"4049\" class=\"elementor elementor-4049 elementor-410\">\n\t\t\t\t\t\t<section class=\"elementor-section elementor-top-section elementor-element elementor-element-1b50755 qode_elementor_container_inner elementor-section-boxed elementor-section-height-default elementor-section-height-default parallax_section_no\" data-id=\"1b50755\" data-element_type=\"section\">\n\t\t\t\t\t\t<div class=\"elementor-container elementor-column-gap-default\">\n\t\t\t\t\t<div class=\"elementor-column elementor-col-50 elementor-top-column elementor-element elementor-element-d2357c7\" data-id=\"d2357c7\" data-element_type=\"column\">\n\t\t\t<div class=\"elementor-widget-wrap elementor-element-populated\">\n\t\t\t\t\t\t<div class=\"elementor-element elementor-element-b11bb26 elementor-widget elementor-widget-image\" data-id=\"b11bb26\" data-element_type=\"widget\" data-widget_type=\"image.default\">\n\t\t\t\t<div class=\"elementor-widget-container\">\n\t\t\t\t\t\t\t\t\t\t\t\t\t\t\t<img fetchpriority=\"high\" decoding=\"async\" width=\"800\" height=\"609\" src=\"https:\/\/q-workforce.com\/wp-content\/uploads\/2025\/04\/skills1.jpg\" class=\"attachment-full size-full wp-image-1432\" alt=\"\" srcset=\"https:\/\/q-workforce.com\/wp-content\/uploads\/2025\/04\/skills1.jpg 800w, https:\/\/q-workforce.com\/wp-content\/uploads\/2025\/04\/skills1-300x228.jpg 300w, https:\/\/q-workforce.com\/wp-content\/uploads\/2025\/04\/skills1-768x585.jpg 768w, https:\/\/q-workforce.com\/wp-content\/uploads\/2025\/04\/skills1-500x380.jpg 500w, https:\/\/q-workforce.com\/wp-content\/uploads\/2025\/04\/skills1-700x533.jpg 700w\" sizes=\"(max-width: 800px) 100vw, 800px\" \/>\t\t\t\t\t\t\t\t\t\t\t\t\t\t\t<\/div>\n\t\t\t\t<\/div>\n\t\t\t\t\t<\/div>\n\t\t<\/div>\n\t\t\t\t<div class=\"elementor-column elementor-col-50 elementor-top-column elementor-element elementor-element-ed9d326\" data-id=\"ed9d326\" data-element_type=\"column\">\n\t\t\t<div class=\"elementor-widget-wrap elementor-element-populated\">\n\t\t\t\t\t\t<div class=\"elementor-element elementor-element-b44b9cd elementor-widget elementor-widget-text-editor\" data-id=\"b44b9cd\" data-element_type=\"widget\" data-widget_type=\"text-editor.default\">\n\t\t\t\t<div class=\"elementor-widget-container\">\n\t\t\t\t\t\t\t\t\t<h3>SOUDURE<\/h3>\t\t\t\t\t\t\t\t<\/div>\n\t\t\t\t<\/div>\n\t\t\t\t<div class=\"elementor-element elementor-element-9d745fa elementor-widget elementor-widget-text-editor\" data-id=\"9d745fa\" data-element_type=\"widget\" data-widget_type=\"text-editor.default\">\n\t\t\t\t<div class=\"elementor-widget-container\">\n\t\t\t\t\t\t\t\t\t<p>Gr\u00e2ce \u00e0 des ann\u00e9es d&rsquo;exp\u00e9rience et \u00e0 un engagement in\u00e9branlable envers l&rsquo;excellence, nous mettons en relation les entreprises avec les meilleurs talents, en veillant \u00e0 ce que chaque projet soit aliment\u00e9 par les comp\u00e9tences et l&rsquo;expertise appropri\u00e9es.<\/p><p>Un soin particulier est observ\u00e9 par le service d&rsquo;assurance et de contr\u00f4le de la qualit\u00e9 pour s&rsquo;assurer que toutes les certifications sont valides et que des qualifications de classe permanente sont effectu\u00e9es. Au besoin, de nouvelles qualifications de soudeurs sont effectu\u00e9es pour r\u00e9pondre aux exigences sp\u00e9cifiques du projet. Cela permet \u00e0 Q-Workforce de mettre en \u0153uvre une grande vari\u00e9t\u00e9 de solutions de soudage et de <strong>fournir des soudeurs qualifi\u00e9s et exp\u00e9riment\u00e9s<\/strong>, avec une exp\u00e9rience dans les diff\u00e9rents march\u00e9s dans lesquels nous op\u00e9rons.<\/p><p>Tous les soudeurs employ\u00e9s par Q-Workforce sont certifi\u00e9s selon la norme ISO 9606-1 et sont accr\u00e9dit\u00e9s pour travailler avec les proc\u00e9d\u00e9s de soudage suivants : 111, 121, 131, 135, 136, 138, 141, 141\/111 combi, 135\/111 combi et 141 soudage miroir.<\/p>\t\t\t\t\t\t\t\t<\/div>\n\t\t\t\t<\/div>\n\t\t\t\t\t<\/div>\n\t\t<\/div>\n\t\t\t\t\t<\/div>\n\t\t<\/section>\n\t\t\t\t<section class=\"elementor-section elementor-top-section elementor-element elementor-element-4d618e0 qode_elementor_container_inner elementor-section-boxed elementor-section-height-default elementor-section-height-default parallax_section_no\" data-id=\"4d618e0\" data-element_type=\"section\" data-settings=\"{&quot;background_background&quot;:&quot;classic&quot;}\">\n\t\t\t\t\t\t<div class=\"elementor-container elementor-column-gap-default\">\n\t\t\t\t\t<div class=\"elementor-column elementor-col-50 elementor-top-column elementor-element elementor-element-28842dd\" data-id=\"28842dd\" data-element_type=\"column\" data-settings=\"{&quot;background_background&quot;:&quot;classic&quot;}\">\n\t\t\t<div class=\"elementor-widget-wrap elementor-element-populated\">\n\t\t\t\t\t\t<div class=\"elementor-element elementor-element-d70c609 elementor-widget elementor-widget-text-editor\" data-id=\"d70c609\" data-element_type=\"widget\" data-widget_type=\"text-editor.default\">\n\t\t\t\t<div class=\"elementor-widget-container\">\n\t\t\t\t\t\t\t\t\t<h3>TUYAUTERIE<\/h3>\t\t\t\t\t\t\t\t<\/div>\n\t\t\t\t<\/div>\n\t\t\t\t<div class=\"elementor-element elementor-element-54b9696 elementor-widget elementor-widget-text-editor\" data-id=\"54b9696\" data-element_type=\"widget\" data-widget_type=\"text-editor.default\">\n\t\t\t\t<div class=\"elementor-widget-container\">\n\t\t\t\t\t\t\t\t\t<p>Q-Workforce se sp\u00e9cialise dans l&rsquo;aide \u00e0 nos clients dans la fabrication et l&rsquo;installation de syst\u00e8mes de tuyauterie adapt\u00e9s aux besoins uniques de chaque client.<\/p><p><strong>Notre expertise comprend :<\/strong><\/p><ul><li>Fabrication et installation<\/li><li>Manipulation de tuyaux<\/li><li>Entretien et r\u00e9paration de tous les syst\u00e8mes de tuyauterie<\/li><li>La tuyauterie peut \u00eatre r\u00e9alis\u00e9e sur tous les types d&rsquo;acier :<\/li><li>carbone, inoxydable, duplex, alliages, etc.<\/li><\/ul>\t\t\t\t\t\t\t\t<\/div>\n\t\t\t\t<\/div>\n\t\t\t\t\t<\/div>\n\t\t<\/div>\n\t\t\t\t<div class=\"elementor-column elementor-col-50 elementor-top-column elementor-element elementor-element-458e6e1 elementor-invisible\" data-id=\"458e6e1\" data-element_type=\"column\" data-settings=\"{&quot;background_background&quot;:&quot;classic&quot;,&quot;animation&quot;:&quot;fadeIn&quot;}\">\n\t\t\t<div class=\"elementor-widget-wrap elementor-element-populated\">\n\t\t\t\t\t\t<div class=\"elementor-element elementor-element-fe47514 elementor-widget elementor-widget-image\" data-id=\"fe47514\" data-element_type=\"widget\" data-widget_type=\"image.default\">\n\t\t\t\t<div class=\"elementor-widget-container\">\n\t\t\t\t\t\t\t\t\t\t\t\t\t\t\t<img decoding=\"async\" width=\"800\" height=\"609\" src=\"https:\/\/q-workforce.com\/wp-content\/uploads\/2025\/04\/skills2.jpg\" class=\"attachment-full size-full wp-image-1424\" alt=\"\" srcset=\"https:\/\/q-workforce.com\/wp-content\/uploads\/2025\/04\/skills2.jpg 800w, https:\/\/q-workforce.com\/wp-content\/uploads\/2025\/04\/skills2-300x228.jpg 300w, https:\/\/q-workforce.com\/wp-content\/uploads\/2025\/04\/skills2-768x585.jpg 768w, https:\/\/q-workforce.com\/wp-content\/uploads\/2025\/04\/skills2-500x380.jpg 500w, https:\/\/q-workforce.com\/wp-content\/uploads\/2025\/04\/skills2-700x533.jpg 700w\" sizes=\"(max-width: 800px) 100vw, 800px\" \/>\t\t\t\t\t\t\t\t\t\t\t\t\t\t\t<\/div>\n\t\t\t\t<\/div>\n\t\t\t\t\t<\/div>\n\t\t<\/div>\n\t\t\t\t\t<\/div>\n\t\t<\/section>\n\t\t\t\t<section class=\"elementor-section elementor-top-section elementor-element elementor-element-03b0391 qode_elementor_container_inner elementor-section-boxed elementor-section-height-default elementor-section-height-default parallax_section_no\" data-id=\"03b0391\" data-element_type=\"section\">\n\t\t\t\t\t\t<div class=\"elementor-container elementor-column-gap-default\">\n\t\t\t\t\t<div class=\"elementor-column elementor-col-50 elementor-top-column elementor-element elementor-element-6a69a49\" data-id=\"6a69a49\" data-element_type=\"column\">\n\t\t\t<div class=\"elementor-widget-wrap elementor-element-populated\">\n\t\t\t\t\t\t<div class=\"elementor-element elementor-element-31a65ae elementor-widget elementor-widget-image\" data-id=\"31a65ae\" data-element_type=\"widget\" data-widget_type=\"image.default\">\n\t\t\t\t<div class=\"elementor-widget-container\">\n\t\t\t\t\t\t\t\t\t\t\t\t\t\t\t<img decoding=\"async\" width=\"800\" height=\"609\" src=\"https:\/\/q-workforce.com\/wp-content\/uploads\/2025\/04\/skills3.jpg\" class=\"attachment-full size-full wp-image-1428\" alt=\"\" srcset=\"https:\/\/q-workforce.com\/wp-content\/uploads\/2025\/04\/skills3.jpg 800w, https:\/\/q-workforce.com\/wp-content\/uploads\/2025\/04\/skills3-300x228.jpg 300w, https:\/\/q-workforce.com\/wp-content\/uploads\/2025\/04\/skills3-768x585.jpg 768w, https:\/\/q-workforce.com\/wp-content\/uploads\/2025\/04\/skills3-500x380.jpg 500w, https:\/\/q-workforce.com\/wp-content\/uploads\/2025\/04\/skills3-700x533.jpg 700w\" sizes=\"(max-width: 800px) 100vw, 800px\" \/>\t\t\t\t\t\t\t\t\t\t\t\t\t\t\t<\/div>\n\t\t\t\t<\/div>\n\t\t\t\t\t<\/div>\n\t\t<\/div>\n\t\t\t\t<div class=\"elementor-column elementor-col-50 elementor-top-column elementor-element elementor-element-297fbe0\" data-id=\"297fbe0\" data-element_type=\"column\">\n\t\t\t<div class=\"elementor-widget-wrap elementor-element-populated\">\n\t\t\t\t\t\t<div class=\"elementor-element elementor-element-34afed9 elementor-widget elementor-widget-text-editor\" data-id=\"34afed9\" data-element_type=\"widget\" data-widget_type=\"text-editor.default\">\n\t\t\t\t<div class=\"elementor-widget-container\">\n\t\t\t\t\t\t\t\t\t<h3>TRAVAIL DE L&rsquo;ACIER<\/h3>\t\t\t\t\t\t\t\t<\/div>\n\t\t\t\t<\/div>\n\t\t\t\t<div class=\"elementor-element elementor-element-0b785b1 elementor-widget elementor-widget-text-editor\" data-id=\"0b785b1\" data-element_type=\"widget\" data-widget_type=\"text-editor.default\">\n\t\t\t\t<div class=\"elementor-widget-container\">\n\t\t\t\t\t\t\t\t\t<p>Les techniciens de Q-Workforce ont une vaste exp\u00e9rience dans la r\u00e9alisation de travaux d&rsquo;acier dans ses diff\u00e9rents domaines. Cette exp\u00e9rience a \u00e9t\u00e9 acquise en r\u00e9alisant r\u00e9guli\u00e8rement des missions sur nos march\u00e9s cibles, avec des besoins distincts et des exigences sp\u00e9cifiques.<\/p><ul><li>R\u00e9paration et construction de structures d&rsquo;acier<\/li><li>Fabrication de plaques : coques de navires, doubles<\/li><li>fonds, ballasts et autres citernes<\/li><li>Fabrication d&rsquo;appareils sous pression (classe et DEP<\/li><li>conformit\u00e9 si n\u00e9cessaire)<\/li><li>Tous travaux de structure et de plaque sur conduit, air, gaz,<\/li><li>Contenants \u00e9tanches \u00e0 l&rsquo;huile, \u00e0 l&rsquo;eau et \u00e0 d&rsquo;autres liquides<\/li><\/ul>\t\t\t\t\t\t\t\t<\/div>\n\t\t\t\t<\/div>\n\t\t\t\t\t<\/div>\n\t\t<\/div>\n\t\t\t\t\t<\/div>\n\t\t<\/section>\n\t\t\t\t<section class=\"elementor-section elementor-top-section elementor-element elementor-element-dd68687 qode_elementor_container_inner elementor-section-boxed elementor-section-height-default elementor-section-height-default parallax_section_no\" data-id=\"dd68687\" data-element_type=\"section\">\n\t\t\t\t\t\t<div class=\"elementor-container elementor-column-gap-default\">\n\t\t\t\t\t<div class=\"elementor-column elementor-col-50 elementor-top-column elementor-element elementor-element-3767291\" data-id=\"3767291\" data-element_type=\"column\">\n\t\t\t<div class=\"elementor-widget-wrap elementor-element-populated\">\n\t\t\t\t\t\t<div class=\"elementor-element elementor-element-856f346 elementor-widget elementor-widget-text-editor\" data-id=\"856f346\" data-element_type=\"widget\" data-widget_type=\"text-editor.default\">\n\t\t\t\t<div class=\"elementor-widget-container\">\n\t\t\t\t\t\t\t\t\t<h3>M\u00c9CANIQUE<\/h3>\t\t\t\t\t\t\t\t<\/div>\n\t\t\t\t<\/div>\n\t\t\t\t<div class=\"elementor-element elementor-element-dd4aec9 elementor-widget elementor-widget-text-editor\" data-id=\"dd4aec9\" data-element_type=\"widget\" data-widget_type=\"text-editor.default\">\n\t\t\t\t<div class=\"elementor-widget-container\">\n\t\t\t\t\t\t\t\t\t<p>Q-Workforce met \u00e0 votre disposition un personnel hautement exp\u00e9riment\u00e9 affect\u00e9 \u00e0 des travaux m\u00e9caniques. Notre main-d&rsquo;\u0153uvre est capable d&rsquo;effectuer toutes les t\u00e2ches, ainsi que d&rsquo;identifier et de r\u00e9soudre tout probl\u00e8me ou questions qui peuvent survenir.<\/p><p><strong>Comp\u00e9tences fournies :<\/strong><\/p><ul><li>Moteurs principaux<\/li><li>R\u00e9paration de turbocompresseurs et de turbines \u00e0 gaz<\/li><li>R\u00e9paration d&rsquo;h\u00e9lices et de propulseurs<\/li><li>R\u00e9vision des vannes<\/li><li>R\u00e9parations g\u00e9n\u00e9rales<\/li><\/ul>\t\t\t\t\t\t\t\t<\/div>\n\t\t\t\t<\/div>\n\t\t\t\t\t<\/div>\n\t\t<\/div>\n\t\t\t\t<div class=\"elementor-column elementor-col-50 elementor-top-column elementor-element elementor-element-672127b\" data-id=\"672127b\" data-element_type=\"column\">\n\t\t\t<div class=\"elementor-widget-wrap elementor-element-populated\">\n\t\t\t\t\t\t<div class=\"elementor-element elementor-element-c5f1747 elementor-widget elementor-widget-image\" data-id=\"c5f1747\" data-element_type=\"widget\" data-widget_type=\"image.default\">\n\t\t\t\t<div class=\"elementor-widget-container\">\n\t\t\t\t\t\t\t\t\t\t\t\t\t\t\t<img loading=\"lazy\" decoding=\"async\" width=\"800\" height=\"609\" src=\"https:\/\/q-workforce.com\/wp-content\/uploads\/2025\/04\/skills4.jpg\" class=\"attachment-full size-full wp-image-1437\" alt=\"\" srcset=\"https:\/\/q-workforce.com\/wp-content\/uploads\/2025\/04\/skills4.jpg 800w, https:\/\/q-workforce.com\/wp-content\/uploads\/2025\/04\/skills4-300x228.jpg 300w, https:\/\/q-workforce.com\/wp-content\/uploads\/2025\/04\/skills4-768x585.jpg 768w, https:\/\/q-workforce.com\/wp-content\/uploads\/2025\/04\/skills4-500x380.jpg 500w, https:\/\/q-workforce.com\/wp-content\/uploads\/2025\/04\/skills4-700x533.jpg 700w\" sizes=\"(max-width: 800px) 100vw, 800px\" \/>\t\t\t\t\t\t\t\t\t\t\t\t\t\t\t<\/div>\n\t\t\t\t<\/div>\n\t\t\t\t\t<\/div>\n\t\t<\/div>\n\t\t\t\t\t<\/div>\n\t\t<\/section>\n\t\t\t\t<\/div>\n\t\t","protected":false},"excerpt":{"rendered":"<p>SOUDURE Gr\u00e2ce \u00e0 des ann\u00e9es d&rsquo;exp\u00e9rience et \u00e0 un engagement in\u00e9branlable envers l&rsquo;excellence, nous mettons en relation les entreprises avec les meilleurs talents, en veillant \u00e0 ce que chaque projet soit aliment\u00e9 par les comp\u00e9tences et l&rsquo;expertise appropri\u00e9es. Un soin particulier est observ\u00e9 par le&#8230;<\/p>\n","protected":false},"author":1,"featured_media":0,"parent":0,"menu_order":0,"comment_status":"closed","ping_status":"closed","template":"","meta":{"footnotes":""},"class_list":["post-4049","page","type-page","status-publish","hentry"],"yoast_head":"<!-- This site is optimized with the Yoast SEO plugin v27.4 - https:\/\/yoast.com\/product\/yoast-seo-wordpress\/ -->\n<title>COMP\u00c9TENCES ET EXPERTISES - QW Group<\/title>\n<meta name=\"robots\" content=\"index, follow, max-snippet:-1, max-image-preview:large, max-video-preview:-1\" \/>\n<link rel=\"canonical\" href=\"https:\/\/q-workforce.com\/fr\/competences-et-expertises\/\" \/>\n<meta property=\"og:locale\" content=\"fr_FR\" \/>\n<meta property=\"og:type\" content=\"article\" \/>\n<meta property=\"og:title\" content=\"COMP\u00c9TENCES ET EXPERTISES - QW Group\" \/>\n<meta property=\"og:description\" content=\"SOUDURE Gr\u00e2ce \u00e0 des ann\u00e9es d&rsquo;exp\u00e9rience et \u00e0 un engagement in\u00e9branlable envers l&rsquo;excellence, nous mettons en relation les entreprises avec les meilleurs talents, en veillant \u00e0 ce que chaque projet soit aliment\u00e9 par les comp\u00e9tences et l&rsquo;expertise appropri\u00e9es. Un soin particulier est observ\u00e9 par le...\" \/>\n<meta property=\"og:url\" content=\"https:\/\/q-workforce.com\/fr\/competences-et-expertises\/\" \/>\n<meta property=\"og:site_name\" content=\"QW Group\" \/>\n<meta property=\"article:modified_time\" content=\"2025-08-28T14:58:04+00:00\" \/>\n<meta property=\"og:image\" content=\"https:\/\/q-workforce.com\/wp-content\/uploads\/2025\/04\/skills1.jpg\" \/>\n\t<meta property=\"og:image:width\" content=\"800\" \/>\n\t<meta property=\"og:image:height\" content=\"609\" \/>\n\t<meta property=\"og:image:type\" content=\"image\/jpeg\" \/>\n<meta name=\"twitter:card\" content=\"summary_large_image\" \/>\n<meta name=\"twitter:label1\" content=\"Dur\u00e9e de lecture estim\u00e9e\" \/>\n\t<meta name=\"twitter:data1\" content=\"3 minutes\" \/>\n<script type=\"application\/ld+json\" class=\"yoast-schema-graph\">{\"@context\":\"https:\\\/\\\/schema.org\",\"@graph\":[{\"@type\":\"WebPage\",\"@id\":\"https:\\\/\\\/q-workforce.com\\\/fr\\\/competences-et-expertises\\\/\",\"url\":\"https:\\\/\\\/q-workforce.com\\\/fr\\\/competences-et-expertises\\\/\",\"name\":\"COMP\u00c9TENCES ET EXPERTISES - QW Group\",\"isPartOf\":{\"@id\":\"https:\\\/\\\/q-workforce.com\\\/#website\"},\"primaryImageOfPage\":{\"@id\":\"https:\\\/\\\/q-workforce.com\\\/fr\\\/competences-et-expertises\\\/#primaryimage\"},\"image\":{\"@id\":\"https:\\\/\\\/q-workforce.com\\\/fr\\\/competences-et-expertises\\\/#primaryimage\"},\"thumbnailUrl\":\"https:\\\/\\\/q-workforce.com\\\/wp-content\\\/uploads\\\/2025\\\/04\\\/skills1.jpg\",\"datePublished\":\"2025-03-07T13:35:31+00:00\",\"dateModified\":\"2025-08-28T14:58:04+00:00\",\"breadcrumb\":{\"@id\":\"https:\\\/\\\/q-workforce.com\\\/fr\\\/competences-et-expertises\\\/#breadcrumb\"},\"inLanguage\":\"fr-FR\",\"potentialAction\":[{\"@type\":\"ReadAction\",\"target\":[\"https:\\\/\\\/q-workforce.com\\\/fr\\\/competences-et-expertises\\\/\"]}]},{\"@type\":\"ImageObject\",\"inLanguage\":\"fr-FR\",\"@id\":\"https:\\\/\\\/q-workforce.com\\\/fr\\\/competences-et-expertises\\\/#primaryimage\",\"url\":\"https:\\\/\\\/q-workforce.com\\\/wp-content\\\/uploads\\\/2025\\\/04\\\/skills1.jpg\",\"contentUrl\":\"https:\\\/\\\/q-workforce.com\\\/wp-content\\\/uploads\\\/2025\\\/04\\\/skills1.jpg\"},{\"@type\":\"BreadcrumbList\",\"@id\":\"https:\\\/\\\/q-workforce.com\\\/fr\\\/competences-et-expertises\\\/#breadcrumb\",\"itemListElement\":[{\"@type\":\"ListItem\",\"position\":1,\"name\":\"Home\",\"item\":\"https:\\\/\\\/q-workforce.com\\\/sv\\\/\"},{\"@type\":\"ListItem\",\"position\":2,\"name\":\"COMP\u00c9TENCES ET EXPERTISES\"}]},{\"@type\":\"WebSite\",\"@id\":\"https:\\\/\\\/q-workforce.com\\\/#website\",\"url\":\"https:\\\/\\\/q-workforce.com\\\/\",\"name\":\"QW Group\",\"description\":\"YOUR TRUSTED PARTNER IN MANPOWER SOLUTIONS\",\"publisher\":{\"@id\":\"https:\\\/\\\/q-workforce.com\\\/#organization\"},\"potentialAction\":[{\"@type\":\"SearchAction\",\"target\":{\"@type\":\"EntryPoint\",\"urlTemplate\":\"https:\\\/\\\/q-workforce.com\\\/?s={search_term_string}\"},\"query-input\":{\"@type\":\"PropertyValueSpecification\",\"valueRequired\":true,\"valueName\":\"search_term_string\"}}],\"inLanguage\":\"fr-FR\"},{\"@type\":\"Organization\",\"@id\":\"https:\\\/\\\/q-workforce.com\\\/#organization\",\"name\":\"QW Group\",\"url\":\"https:\\\/\\\/q-workforce.com\\\/\",\"logo\":{\"@type\":\"ImageObject\",\"inLanguage\":\"fr-FR\",\"@id\":\"https:\\\/\\\/q-workforce.com\\\/#\\\/schema\\\/logo\\\/image\\\/\",\"url\":\"https:\\\/\\\/q-workforce.com\\\/wp-content\\\/uploads\\\/2025\\\/01\\\/Screenshot-2025-01-31-at-02.28.18.png\",\"contentUrl\":\"https:\\\/\\\/q-workforce.com\\\/wp-content\\\/uploads\\\/2025\\\/01\\\/Screenshot-2025-01-31-at-02.28.18.png\",\"width\":675,\"height\":218,\"caption\":\"QW Group\"},\"image\":{\"@id\":\"https:\\\/\\\/q-workforce.com\\\/#\\\/schema\\\/logo\\\/image\\\/\"}}]}<\/script>\n<!-- \/ Yoast SEO plugin. -->","yoast_head_json":{"title":"COMP\u00c9TENCES ET EXPERTISES - QW Group","robots":{"index":"index","follow":"follow","max-snippet":"max-snippet:-1","max-image-preview":"max-image-preview:large","max-video-preview":"max-video-preview:-1"},"canonical":"https:\/\/q-workforce.com\/fr\/competences-et-expertises\/","og_locale":"fr_FR","og_type":"article","og_title":"COMP\u00c9TENCES ET EXPERTISES - QW Group","og_description":"SOUDURE Gr\u00e2ce \u00e0 des ann\u00e9es d&rsquo;exp\u00e9rience et \u00e0 un engagement in\u00e9branlable envers l&rsquo;excellence, nous mettons en relation les entreprises avec les meilleurs talents, en veillant \u00e0 ce que chaque projet soit aliment\u00e9 par les comp\u00e9tences et l&rsquo;expertise appropri\u00e9es. Un soin particulier est observ\u00e9 par le...","og_url":"https:\/\/q-workforce.com\/fr\/competences-et-expertises\/","og_site_name":"QW Group","article_modified_time":"2025-08-28T14:58:04+00:00","og_image":[{"width":800,"height":609,"url":"https:\/\/q-workforce.com\/wp-content\/uploads\/2025\/04\/skills1.jpg","type":"image\/jpeg"}],"twitter_card":"summary_large_image","twitter_misc":{"Dur\u00e9e de lecture estim\u00e9e":"3 minutes"},"schema":{"@context":"https:\/\/schema.org","@graph":[{"@type":"WebPage","@id":"https:\/\/q-workforce.com\/fr\/competences-et-expertises\/","url":"https:\/\/q-workforce.com\/fr\/competences-et-expertises\/","name":"COMP\u00c9TENCES ET EXPERTISES - QW Group","isPartOf":{"@id":"https:\/\/q-workforce.com\/#website"},"primaryImageOfPage":{"@id":"https:\/\/q-workforce.com\/fr\/competences-et-expertises\/#primaryimage"},"image":{"@id":"https:\/\/q-workforce.com\/fr\/competences-et-expertises\/#primaryimage"},"thumbnailUrl":"https:\/\/q-workforce.com\/wp-content\/uploads\/2025\/04\/skills1.jpg","datePublished":"2025-03-07T13:35:31+00:00","dateModified":"2025-08-28T14:58:04+00:00","breadcrumb":{"@id":"https:\/\/q-workforce.com\/fr\/competences-et-expertises\/#breadcrumb"},"inLanguage":"fr-FR","potentialAction":[{"@type":"ReadAction","target":["https:\/\/q-workforce.com\/fr\/competences-et-expertises\/"]}]},{"@type":"ImageObject","inLanguage":"fr-FR","@id":"https:\/\/q-workforce.com\/fr\/competences-et-expertises\/#primaryimage","url":"https:\/\/q-workforce.com\/wp-content\/uploads\/2025\/04\/skills1.jpg","contentUrl":"https:\/\/q-workforce.com\/wp-content\/uploads\/2025\/04\/skills1.jpg"},{"@type":"BreadcrumbList","@id":"https:\/\/q-workforce.com\/fr\/competences-et-expertises\/#breadcrumb","itemListElement":[{"@type":"ListItem","position":1,"name":"Home","item":"https:\/\/q-workforce.com\/sv\/"},{"@type":"ListItem","position":2,"name":"COMP\u00c9TENCES ET EXPERTISES"}]},{"@type":"WebSite","@id":"https:\/\/q-workforce.com\/#website","url":"https:\/\/q-workforce.com\/","name":"QW Group","description":"YOUR TRUSTED PARTNER IN MANPOWER SOLUTIONS","publisher":{"@id":"https:\/\/q-workforce.com\/#organization"},"potentialAction":[{"@type":"SearchAction","target":{"@type":"EntryPoint","urlTemplate":"https:\/\/q-workforce.com\/?s={search_term_string}"},"query-input":{"@type":"PropertyValueSpecification","valueRequired":true,"valueName":"search_term_string"}}],"inLanguage":"fr-FR"},{"@type":"Organization","@id":"https:\/\/q-workforce.com\/#organization","name":"QW Group","url":"https:\/\/q-workforce.com\/","logo":{"@type":"ImageObject","inLanguage":"fr-FR","@id":"https:\/\/q-workforce.com\/#\/schema\/logo\/image\/","url":"https:\/\/q-workforce.com\/wp-content\/uploads\/2025\/01\/Screenshot-2025-01-31-at-02.28.18.png","contentUrl":"https:\/\/q-workforce.com\/wp-content\/uploads\/2025\/01\/Screenshot-2025-01-31-at-02.28.18.png","width":675,"height":218,"caption":"QW Group"},"image":{"@id":"https:\/\/q-workforce.com\/#\/schema\/logo\/image\/"}}]}},"_links":{"self":[{"href":"https:\/\/q-workforce.com\/fr\/wp-json\/wp\/v2\/pages\/4049","targetHints":{"allow":["GET"]}}],"collection":[{"href":"https:\/\/q-workforce.com\/fr\/wp-json\/wp\/v2\/pages"}],"about":[{"href":"https:\/\/q-workforce.com\/fr\/wp-json\/wp\/v2\/types\/page"}],"author":[{"embeddable":true,"href":"https:\/\/q-workforce.com\/fr\/wp-json\/wp\/v2\/users\/1"}],"replies":[{"embeddable":true,"href":"https:\/\/q-workforce.com\/fr\/wp-json\/wp\/v2\/comments?post=4049"}],"version-history":[{"count":6,"href":"https:\/\/q-workforce.com\/fr\/wp-json\/wp\/v2\/pages\/4049\/revisions"}],"predecessor-version":[{"id":4055,"href":"https:\/\/q-workforce.com\/fr\/wp-json\/wp\/v2\/pages\/4049\/revisions\/4055"}],"wp:attachment":[{"href":"https:\/\/q-workforce.com\/fr\/wp-json\/wp\/v2\/media?parent=4049"}],"curies":[{"name":"wp","href":"https:\/\/api.w.org\/{rel}","templated":true}]}}