{"id":2592,"date":"2025-03-07T13:19:41","date_gmt":"2025-03-07T13:19:41","guid":{"rendered":"https:\/\/q-workforce.com\/?page_id=2592"},"modified":"2025-07-09T12:30:30","modified_gmt":"2025-07-09T12:30:30","slug":"tjanster","status":"publish","type":"page","link":"https:\/\/q-workforce.com\/sv\/tjanster\/","title":{"rendered":"TJ\u00c4NSTER"},"content":{"rendered":"\t\t<div data-elementor-type=\"wp-page\" data-elementor-id=\"2592\" class=\"elementor elementor-2592 elementor-400\">\n\t\t\t\t<div class=\"elementor-element elementor-element-a7659b1 e-flex e-con-boxed parallax_section_no qode_elementor_container_no e-con e-parent\" data-id=\"a7659b1\" data-element_type=\"container\">\n\t\t\t\t\t<div class=\"e-con-inner\">\n\t\t\t\t<div class=\"elementor-element elementor-element-dd2895a elementor-widget elementor-widget-text-editor\" data-id=\"dd2895a\" data-element_type=\"widget\" data-widget_type=\"text-editor.default\">\n\t\t\t\t<div class=\"elementor-widget-container\">\n\t\t\t\t\t\t\t\t\t<p>P\u00e5 QW Group \u00e4r vi stolta \u00f6ver att vara en <strong>p\u00e5litlig partner<\/strong> till branscher som kr\u00e4ver specialiserad expertis. Oavsett om du bygger ett raffinaderi, underh\u00e5ller industriell utrustning eller driver offshore-plattformar har vi arbetskraften f\u00f6r att h\u00e5lla dina projekt ig\u00e5ng smidigt.<\/p>\t\t\t\t\t\t\t\t<\/div>\n\t\t\t\t<\/div>\n\t\t\t\t\t<\/div>\n\t\t\t\t<\/div>\n\t\t\t\t<section class=\"elementor-section elementor-top-section elementor-element elementor-element-64600ef qode_elementor_container_inner elementor-section-boxed elementor-section-height-default elementor-section-height-default parallax_section_no\" data-id=\"64600ef\" data-element_type=\"section\">\n\t\t\t\t\t\t<div class=\"elementor-container elementor-column-gap-default\">\n\t\t\t\t\t<div class=\"elementor-column elementor-col-50 elementor-top-column elementor-element elementor-element-e101980\" data-id=\"e101980\" data-element_type=\"column\">\n\t\t\t<div class=\"elementor-widget-wrap elementor-element-populated\">\n\t\t\t\t\t\t<div class=\"elementor-element elementor-element-4dd7b54 elementor-widget elementor-widget-image\" data-id=\"4dd7b54\" data-element_type=\"widget\" data-widget_type=\"image.default\">\n\t\t\t\t<div class=\"elementor-widget-container\">\n\t\t\t\t\t\t\t\t\t\t\t\t\t\t\t<img fetchpriority=\"high\" decoding=\"async\" width=\"800\" height=\"609\" src=\"https:\/\/q-workforce.com\/wp-content\/uploads\/2025\/03\/industrial.jpg\" class=\"attachment-full size-full wp-image-1005\" alt=\"\" srcset=\"https:\/\/q-workforce.com\/wp-content\/uploads\/2025\/03\/industrial.jpg 800w, https:\/\/q-workforce.com\/wp-content\/uploads\/2025\/03\/industrial-300x228.jpg 300w, https:\/\/q-workforce.com\/wp-content\/uploads\/2025\/03\/industrial-768x585.jpg 768w, https:\/\/q-workforce.com\/wp-content\/uploads\/2025\/03\/industrial-500x380.jpg 500w, https:\/\/q-workforce.com\/wp-content\/uploads\/2025\/03\/industrial-700x533.jpg 700w\" sizes=\"(max-width: 800px) 100vw, 800px\" \/>\t\t\t\t\t\t\t\t\t\t\t\t\t\t\t<\/div>\n\t\t\t\t<\/div>\n\t\t\t\t\t<\/div>\n\t\t<\/div>\n\t\t\t\t<div class=\"elementor-column elementor-col-50 elementor-top-column elementor-element elementor-element-0b97cbf\" data-id=\"0b97cbf\" data-element_type=\"column\">\n\t\t\t<div class=\"elementor-widget-wrap elementor-element-populated\">\n\t\t\t\t\t\t<div class=\"elementor-element elementor-element-4ccf916 elementor-widget elementor-widget-text-editor\" data-id=\"4ccf916\" data-element_type=\"widget\" data-widget_type=\"text-editor.default\">\n\t\t\t\t<div class=\"elementor-widget-container\">\n\t\t\t\t\t\t\t\t\t<h3>Industriella projekt<\/h3>\t\t\t\t\t\t\t\t<\/div>\n\t\t\t\t<\/div>\n\t\t\t\t<div class=\"elementor-element elementor-element-dc52fad elementor-widget elementor-widget-text-editor\" data-id=\"dc52fad\" data-element_type=\"widget\" data-widget_type=\"text-editor.default\">\n\t\t\t\t<div class=\"elementor-widget-container\">\n\t\t\t\t\t\t\t\t\t<p>Fr\u00e5n konstruktion till underh\u00e5ll och allt d\u00e4remellan tillhandah\u00e5ller vi expertarbetskraft f\u00f6r industriell verksamhet, vilket garanterar <strong>s\u00e4kerhet<\/strong> och effektivitet i varje steg av processen.<\/p>\t\t\t\t\t\t\t\t<\/div>\n\t\t\t\t<\/div>\n\t\t\t\t<div class=\"elementor-element elementor-element-5aecfad elementor-widget elementor-widget-menu-anchor\" data-id=\"5aecfad\" data-element_type=\"widget\" data-widget_type=\"menu-anchor.default\">\n\t\t\t\t<div class=\"elementor-widget-container\">\n\t\t\t\t\t\t\t<div class=\"elementor-menu-anchor\" id=\"Industrialprojects\"><\/div>\n\t\t\t\t\t\t<\/div>\n\t\t\t\t<\/div>\n\t\t\t\t\t<\/div>\n\t\t<\/div>\n\t\t\t\t\t<\/div>\n\t\t<\/section>\n\t\t\t\t<section class=\"elementor-section elementor-top-section elementor-element elementor-element-dcd98c9 qode_elementor_container_inner elementor-section-boxed elementor-section-height-default elementor-section-height-default parallax_section_no\" data-id=\"dcd98c9\" data-element_type=\"section\">\n\t\t\t\t\t\t<div class=\"elementor-container elementor-column-gap-default\">\n\t\t\t\t\t<div class=\"elementor-column elementor-col-50 elementor-top-column elementor-element elementor-element-d6098dc\" data-id=\"d6098dc\" data-element_type=\"column\">\n\t\t\t<div class=\"elementor-widget-wrap elementor-element-populated\">\n\t\t\t\t\t\t<div class=\"elementor-element elementor-element-c4c7346 elementor-widget__width-initial elementor-widget elementor-widget-text-editor\" data-id=\"c4c7346\" data-element_type=\"widget\" data-widget_type=\"text-editor.default\">\n\t\t\t\t<div class=\"elementor-widget-container\">\n\t\t\t\t\t\t\t\t\t<h3>Olja och gas<\/h3>\t\t\t\t\t\t\t\t<\/div>\n\t\t\t\t<\/div>\n\t\t\t\t<div class=\"elementor-element elementor-element-94ed7ef elementor-widget elementor-widget-text-editor\" data-id=\"94ed7ef\" data-element_type=\"widget\" data-widget_type=\"text-editor.default\">\n\t\t\t\t<div class=\"elementor-widget-container\">\n\t\t\t\t\t\t\t\t\t<p><strong>Vi f\u00f6rst\u00e5r de unika utmaningar<\/strong> som finns inom olje-och gassektorn. V\u00e5r personal bidrar med specialiserad kunskap f\u00f6r att st\u00f6dja prospektering, borrning, raffinering och offshore-verksamhet, vilket s\u00e4kerst\u00e4ller att dina projekt slutf\u00f6rs med precision och efterlevnad.<\/p>\t\t\t\t\t\t\t\t<\/div>\n\t\t\t\t<\/div>\n\t\t\t\t<div class=\"elementor-element elementor-element-826418c elementor-widget elementor-widget-menu-anchor\" data-id=\"826418c\" data-element_type=\"widget\" data-widget_type=\"menu-anchor.default\">\n\t\t\t\t<div class=\"elementor-widget-container\">\n\t\t\t\t\t\t\t<div class=\"elementor-menu-anchor\" id=\"oilgas\"><\/div>\n\t\t\t\t\t\t<\/div>\n\t\t\t\t<\/div>\n\t\t\t\t\t<\/div>\n\t\t<\/div>\n\t\t\t\t<div class=\"elementor-column elementor-col-50 elementor-top-column elementor-element elementor-element-6a10787\" data-id=\"6a10787\" data-element_type=\"column\">\n\t\t\t<div class=\"elementor-widget-wrap elementor-element-populated\">\n\t\t\t\t\t\t<div class=\"elementor-element elementor-element-0848bdd elementor-widget elementor-widget-image\" data-id=\"0848bdd\" data-element_type=\"widget\" data-widget_type=\"image.default\">\n\t\t\t\t<div class=\"elementor-widget-container\">\n\t\t\t\t\t\t\t\t\t\t\t\t\t\t\t<img decoding=\"async\" width=\"800\" height=\"609\" src=\"https:\/\/q-workforce.com\/wp-content\/uploads\/2025\/03\/oil1.jpg\" class=\"attachment-full size-full wp-image-1008\" alt=\"\" srcset=\"https:\/\/q-workforce.com\/wp-content\/uploads\/2025\/03\/oil1.jpg 800w, https:\/\/q-workforce.com\/wp-content\/uploads\/2025\/03\/oil1-300x228.jpg 300w, https:\/\/q-workforce.com\/wp-content\/uploads\/2025\/03\/oil1-768x585.jpg 768w, https:\/\/q-workforce.com\/wp-content\/uploads\/2025\/03\/oil1-500x380.jpg 500w, https:\/\/q-workforce.com\/wp-content\/uploads\/2025\/03\/oil1-700x533.jpg 700w\" sizes=\"(max-width: 800px) 100vw, 800px\" \/>\t\t\t\t\t\t\t\t\t\t\t\t\t\t\t<\/div>\n\t\t\t\t<\/div>\n\t\t\t\t\t<\/div>\n\t\t<\/div>\n\t\t\t\t\t<\/div>\n\t\t<\/section>\n\t\t\t\t<section class=\"elementor-section elementor-top-section elementor-element elementor-element-eb9398b qode_elementor_container_inner elementor-section-boxed elementor-section-height-default elementor-section-height-default parallax_section_no\" data-id=\"eb9398b\" data-element_type=\"section\">\n\t\t\t\t\t\t<div class=\"elementor-container elementor-column-gap-default\">\n\t\t\t\t\t<div class=\"elementor-column elementor-col-50 elementor-top-column elementor-element elementor-element-8ccffc1\" data-id=\"8ccffc1\" data-element_type=\"column\">\n\t\t\t<div class=\"elementor-widget-wrap elementor-element-populated\">\n\t\t\t\t\t\t<div class=\"elementor-element elementor-element-b5dfc16 elementor-widget elementor-widget-image\" data-id=\"b5dfc16\" data-element_type=\"widget\" data-widget_type=\"image.default\">\n\t\t\t\t<div class=\"elementor-widget-container\">\n\t\t\t\t\t\t\t\t\t\t\t\t\t\t\t<img decoding=\"async\" width=\"800\" height=\"609\" src=\"https:\/\/q-workforce.com\/wp-content\/uploads\/2025\/03\/marine.jpg\" class=\"attachment-full size-full wp-image-1011\" alt=\"\" srcset=\"https:\/\/q-workforce.com\/wp-content\/uploads\/2025\/03\/marine.jpg 800w, https:\/\/q-workforce.com\/wp-content\/uploads\/2025\/03\/marine-300x228.jpg 300w, https:\/\/q-workforce.com\/wp-content\/uploads\/2025\/03\/marine-768x585.jpg 768w, https:\/\/q-workforce.com\/wp-content\/uploads\/2025\/03\/marine-500x380.jpg 500w, https:\/\/q-workforce.com\/wp-content\/uploads\/2025\/03\/marine-700x533.jpg 700w\" sizes=\"(max-width: 800px) 100vw, 800px\" \/>\t\t\t\t\t\t\t\t\t\t\t\t\t\t\t<\/div>\n\t\t\t\t<\/div>\n\t\t\t\t\t<\/div>\n\t\t<\/div>\n\t\t\t\t<div class=\"elementor-column elementor-col-50 elementor-top-column elementor-element elementor-element-1e63ae9\" data-id=\"1e63ae9\" data-element_type=\"column\">\n\t\t\t<div class=\"elementor-widget-wrap elementor-element-populated\">\n\t\t\t\t\t\t<div class=\"elementor-element elementor-element-9624eb6 elementor-widget elementor-widget-text-editor\" data-id=\"9624eb6\" data-element_type=\"widget\" data-widget_type=\"text-editor.default\">\n\t\t\t\t<div class=\"elementor-widget-container\">\n\t\t\t\t\t\t\t\t\t<h3>Marina l\u00f6sningar<\/h3>\t\t\t\t\t\t\t\t<\/div>\n\t\t\t\t<\/div>\n\t\t\t\t<div class=\"elementor-element elementor-element-8caecbe elementor-widget elementor-widget-text-editor\" data-id=\"8caecbe\" data-element_type=\"widget\" data-widget_type=\"text-editor.default\">\n\t\t\t\t<div class=\"elementor-widget-container\">\n\t\t\t\t\t\t\t\t\t<p>Oavsett om du bygger, underh\u00e5ller eller driver fartyg och offshore-strukturer, levererar QW Group <strong>h\u00f6gkvalificerad personal<\/strong> f\u00f6r marin verksamhet. V\u00e5rt team har expertisen att hantera allt fr\u00e5n skeppsbyggnad till offshore-installationer.<\/p>\t\t\t\t\t\t\t\t<\/div>\n\t\t\t\t<\/div>\n\t\t\t\t<div class=\"elementor-element elementor-element-c91a778 elementor-widget elementor-widget-menu-anchor\" data-id=\"c91a778\" data-element_type=\"widget\" data-widget_type=\"menu-anchor.default\">\n\t\t\t\t<div class=\"elementor-widget-container\">\n\t\t\t\t\t\t\t<div class=\"elementor-menu-anchor\" id=\"marinesolutions\"><\/div>\n\t\t\t\t\t\t<\/div>\n\t\t\t\t<\/div>\n\t\t\t\t\t<\/div>\n\t\t<\/div>\n\t\t\t\t\t<\/div>\n\t\t<\/section>\n\t\t<div class=\"elementor-element elementor-element-a8a51f0 e-flex e-con-boxed parallax_section_no qode_elementor_container_no e-con e-parent\" data-id=\"a8a51f0\" data-element_type=\"container\">\n\t\t\t\t\t<div class=\"e-con-inner\">\n\t\t\t\t\t<\/div>\n\t\t\t\t<\/div>\n\t\t\t\t<\/div>\n\t\t","protected":false},"excerpt":{"rendered":"<p>P\u00e5 QW Group \u00e4r vi stolta \u00f6ver att vara en p\u00e5litlig partner till branscher som kr\u00e4ver specialiserad expertis. Oavsett om du bygger ett raffinaderi, underh\u00e5ller industriell utrustning eller driver offshore-plattformar har vi arbetskraften f\u00f6r att h\u00e5lla dina projekt ig\u00e5ng smidigt. Industriella projekt Fr\u00e5n konstruktion till&#8230;<\/p>\n","protected":false},"author":1,"featured_media":0,"parent":0,"menu_order":0,"comment_status":"closed","ping_status":"closed","template":"","meta":{"footnotes":""},"class_list":["post-2592","page","type-page","status-publish","hentry"],"yoast_head":"<!-- This site is optimized with the Yoast SEO plugin v27.4 - https:\/\/yoast.com\/product\/yoast-seo-wordpress\/ -->\n<title>TJ\u00c4NSTER - QW Group<\/title>\n<meta name=\"robots\" content=\"index, follow, max-snippet:-1, max-image-preview:large, max-video-preview:-1\" \/>\n<link rel=\"canonical\" href=\"https:\/\/q-workforce.com\/sv\/tjanster\/\" \/>\n<meta property=\"og:locale\" content=\"sv_SE\" \/>\n<meta property=\"og:type\" content=\"article\" \/>\n<meta property=\"og:title\" content=\"TJ\u00c4NSTER - QW Group\" \/>\n<meta property=\"og:description\" content=\"P\u00e5 QW Group \u00e4r vi stolta \u00f6ver att vara en p\u00e5litlig partner till branscher som kr\u00e4ver specialiserad expertis. Oavsett om du bygger ett raffinaderi, underh\u00e5ller industriell utrustning eller driver offshore-plattformar har vi arbetskraften f\u00f6r att h\u00e5lla dina projekt ig\u00e5ng smidigt. Industriella projekt Fr\u00e5n konstruktion till...\" \/>\n<meta property=\"og:url\" content=\"https:\/\/q-workforce.com\/sv\/tjanster\/\" \/>\n<meta property=\"og:site_name\" content=\"QW Group\" \/>\n<meta property=\"article:modified_time\" content=\"2025-07-09T12:30:30+00:00\" \/>\n<meta property=\"og:image\" content=\"https:\/\/q-workforce.com\/wp-content\/uploads\/2025\/03\/industrial.jpg\" \/>\n\t<meta property=\"og:image:width\" content=\"800\" \/>\n\t<meta property=\"og:image:height\" content=\"609\" \/>\n\t<meta property=\"og:image:type\" content=\"image\/jpeg\" \/>\n<meta name=\"twitter:card\" content=\"summary_large_image\" \/>\n<meta name=\"twitter:label1\" content=\"Ber\u00e4knad l\u00e4stid\" \/>\n\t<meta name=\"twitter:data1\" content=\"2 minuter\" \/>\n<script type=\"application\/ld+json\" class=\"yoast-schema-graph\">{\"@context\":\"https:\\\/\\\/schema.org\",\"@graph\":[{\"@type\":\"WebPage\",\"@id\":\"https:\\\/\\\/q-workforce.com\\\/sv\\\/tjanster\\\/\",\"url\":\"https:\\\/\\\/q-workforce.com\\\/sv\\\/tjanster\\\/\",\"name\":\"TJ\u00c4NSTER - QW Group\",\"isPartOf\":{\"@id\":\"https:\\\/\\\/q-workforce.com\\\/#website\"},\"primaryImageOfPage\":{\"@id\":\"https:\\\/\\\/q-workforce.com\\\/sv\\\/tjanster\\\/#primaryimage\"},\"image\":{\"@id\":\"https:\\\/\\\/q-workforce.com\\\/sv\\\/tjanster\\\/#primaryimage\"},\"thumbnailUrl\":\"https:\\\/\\\/q-workforce.com\\\/wp-content\\\/uploads\\\/2025\\\/03\\\/industrial.jpg\",\"datePublished\":\"2025-03-07T13:19:41+00:00\",\"dateModified\":\"2025-07-09T12:30:30+00:00\",\"breadcrumb\":{\"@id\":\"https:\\\/\\\/q-workforce.com\\\/sv\\\/tjanster\\\/#breadcrumb\"},\"inLanguage\":\"sv-SE\",\"potentialAction\":[{\"@type\":\"ReadAction\",\"target\":[\"https:\\\/\\\/q-workforce.com\\\/sv\\\/tjanster\\\/\"]}]},{\"@type\":\"ImageObject\",\"inLanguage\":\"sv-SE\",\"@id\":\"https:\\\/\\\/q-workforce.com\\\/sv\\\/tjanster\\\/#primaryimage\",\"url\":\"https:\\\/\\\/q-workforce.com\\\/wp-content\\\/uploads\\\/2025\\\/03\\\/industrial.jpg\",\"contentUrl\":\"https:\\\/\\\/q-workforce.com\\\/wp-content\\\/uploads\\\/2025\\\/03\\\/industrial.jpg\"},{\"@type\":\"BreadcrumbList\",\"@id\":\"https:\\\/\\\/q-workforce.com\\\/sv\\\/tjanster\\\/#breadcrumb\",\"itemListElement\":[{\"@type\":\"ListItem\",\"position\":1,\"name\":\"Home\",\"item\":\"https:\\\/\\\/q-workforce.com\\\/sv\\\/\"},{\"@type\":\"ListItem\",\"position\":2,\"name\":\"TJ\u00c4NSTER\"}]},{\"@type\":\"WebSite\",\"@id\":\"https:\\\/\\\/q-workforce.com\\\/#website\",\"url\":\"https:\\\/\\\/q-workforce.com\\\/\",\"name\":\"QW Group\",\"description\":\"YOUR TRUSTED PARTNER IN MANPOWER SOLUTIONS\",\"publisher\":{\"@id\":\"https:\\\/\\\/q-workforce.com\\\/#organization\"},\"potentialAction\":[{\"@type\":\"SearchAction\",\"target\":{\"@type\":\"EntryPoint\",\"urlTemplate\":\"https:\\\/\\\/q-workforce.com\\\/?s={search_term_string}\"},\"query-input\":{\"@type\":\"PropertyValueSpecification\",\"valueRequired\":true,\"valueName\":\"search_term_string\"}}],\"inLanguage\":\"sv-SE\"},{\"@type\":\"Organization\",\"@id\":\"https:\\\/\\\/q-workforce.com\\\/#organization\",\"name\":\"QW Group\",\"url\":\"https:\\\/\\\/q-workforce.com\\\/\",\"logo\":{\"@type\":\"ImageObject\",\"inLanguage\":\"sv-SE\",\"@id\":\"https:\\\/\\\/q-workforce.com\\\/#\\\/schema\\\/logo\\\/image\\\/\",\"url\":\"https:\\\/\\\/q-workforce.com\\\/wp-content\\\/uploads\\\/2025\\\/01\\\/Screenshot-2025-01-31-at-02.28.18.png\",\"contentUrl\":\"https:\\\/\\\/q-workforce.com\\\/wp-content\\\/uploads\\\/2025\\\/01\\\/Screenshot-2025-01-31-at-02.28.18.png\",\"width\":675,\"height\":218,\"caption\":\"QW Group\"},\"image\":{\"@id\":\"https:\\\/\\\/q-workforce.com\\\/#\\\/schema\\\/logo\\\/image\\\/\"}}]}<\/script>\n<!-- \/ Yoast SEO plugin. -->","yoast_head_json":{"title":"TJ\u00c4NSTER - QW Group","robots":{"index":"index","follow":"follow","max-snippet":"max-snippet:-1","max-image-preview":"max-image-preview:large","max-video-preview":"max-video-preview:-1"},"canonical":"https:\/\/q-workforce.com\/sv\/tjanster\/","og_locale":"sv_SE","og_type":"article","og_title":"TJ\u00c4NSTER - QW Group","og_description":"P\u00e5 QW Group \u00e4r vi stolta \u00f6ver att vara en p\u00e5litlig partner till branscher som kr\u00e4ver specialiserad expertis. Oavsett om du bygger ett raffinaderi, underh\u00e5ller industriell utrustning eller driver offshore-plattformar har vi arbetskraften f\u00f6r att h\u00e5lla dina projekt ig\u00e5ng smidigt. Industriella projekt Fr\u00e5n konstruktion till...","og_url":"https:\/\/q-workforce.com\/sv\/tjanster\/","og_site_name":"QW Group","article_modified_time":"2025-07-09T12:30:30+00:00","og_image":[{"width":800,"height":609,"url":"https:\/\/q-workforce.com\/wp-content\/uploads\/2025\/03\/industrial.jpg","type":"image\/jpeg"}],"twitter_card":"summary_large_image","twitter_misc":{"Ber\u00e4knad l\u00e4stid":"2 minuter"},"schema":{"@context":"https:\/\/schema.org","@graph":[{"@type":"WebPage","@id":"https:\/\/q-workforce.com\/sv\/tjanster\/","url":"https:\/\/q-workforce.com\/sv\/tjanster\/","name":"TJ\u00c4NSTER - QW Group","isPartOf":{"@id":"https:\/\/q-workforce.com\/#website"},"primaryImageOfPage":{"@id":"https:\/\/q-workforce.com\/sv\/tjanster\/#primaryimage"},"image":{"@id":"https:\/\/q-workforce.com\/sv\/tjanster\/#primaryimage"},"thumbnailUrl":"https:\/\/q-workforce.com\/wp-content\/uploads\/2025\/03\/industrial.jpg","datePublished":"2025-03-07T13:19:41+00:00","dateModified":"2025-07-09T12:30:30+00:00","breadcrumb":{"@id":"https:\/\/q-workforce.com\/sv\/tjanster\/#breadcrumb"},"inLanguage":"sv-SE","potentialAction":[{"@type":"ReadAction","target":["https:\/\/q-workforce.com\/sv\/tjanster\/"]}]},{"@type":"ImageObject","inLanguage":"sv-SE","@id":"https:\/\/q-workforce.com\/sv\/tjanster\/#primaryimage","url":"https:\/\/q-workforce.com\/wp-content\/uploads\/2025\/03\/industrial.jpg","contentUrl":"https:\/\/q-workforce.com\/wp-content\/uploads\/2025\/03\/industrial.jpg"},{"@type":"BreadcrumbList","@id":"https:\/\/q-workforce.com\/sv\/tjanster\/#breadcrumb","itemListElement":[{"@type":"ListItem","position":1,"name":"Home","item":"https:\/\/q-workforce.com\/sv\/"},{"@type":"ListItem","position":2,"name":"TJ\u00c4NSTER"}]},{"@type":"WebSite","@id":"https:\/\/q-workforce.com\/#website","url":"https:\/\/q-workforce.com\/","name":"QW Group","description":"YOUR TRUSTED PARTNER IN MANPOWER SOLUTIONS","publisher":{"@id":"https:\/\/q-workforce.com\/#organization"},"potentialAction":[{"@type":"SearchAction","target":{"@type":"EntryPoint","urlTemplate":"https:\/\/q-workforce.com\/?s={search_term_string}"},"query-input":{"@type":"PropertyValueSpecification","valueRequired":true,"valueName":"search_term_string"}}],"inLanguage":"sv-SE"},{"@type":"Organization","@id":"https:\/\/q-workforce.com\/#organization","name":"QW Group","url":"https:\/\/q-workforce.com\/","logo":{"@type":"ImageObject","inLanguage":"sv-SE","@id":"https:\/\/q-workforce.com\/#\/schema\/logo\/image\/","url":"https:\/\/q-workforce.com\/wp-content\/uploads\/2025\/01\/Screenshot-2025-01-31-at-02.28.18.png","contentUrl":"https:\/\/q-workforce.com\/wp-content\/uploads\/2025\/01\/Screenshot-2025-01-31-at-02.28.18.png","width":675,"height":218,"caption":"QW Group"},"image":{"@id":"https:\/\/q-workforce.com\/#\/schema\/logo\/image\/"}}]}},"_links":{"self":[{"href":"https:\/\/q-workforce.com\/sv\/wp-json\/wp\/v2\/pages\/2592","targetHints":{"allow":["GET"]}}],"collection":[{"href":"https:\/\/q-workforce.com\/sv\/wp-json\/wp\/v2\/pages"}],"about":[{"href":"https:\/\/q-workforce.com\/sv\/wp-json\/wp\/v2\/types\/page"}],"author":[{"embeddable":true,"href":"https:\/\/q-workforce.com\/sv\/wp-json\/wp\/v2\/users\/1"}],"replies":[{"embeddable":true,"href":"https:\/\/q-workforce.com\/sv\/wp-json\/wp\/v2\/comments?post=2592"}],"version-history":[{"count":4,"href":"https:\/\/q-workforce.com\/sv\/wp-json\/wp\/v2\/pages\/2592\/revisions"}],"predecessor-version":[{"id":2596,"href":"https:\/\/q-workforce.com\/sv\/wp-json\/wp\/v2\/pages\/2592\/revisions\/2596"}],"wp:attachment":[{"href":"https:\/\/q-workforce.com\/sv\/wp-json\/wp\/v2\/media?parent=2592"}],"curies":[{"name":"wp","href":"https:\/\/api.w.org\/{rel}","templated":true}]}}