{"id":2616,"date":"2025-03-07T13:47:38","date_gmt":"2025-03-07T13:47:38","guid":{"rendered":"https:\/\/q-workforce.com\/?page_id=2616"},"modified":"2025-07-09T13:08:53","modified_gmt":"2025-07-09T13:08:53","slug":"arbetsmiljo","status":"publish","type":"page","link":"https:\/\/q-workforce.com\/sv\/arbetsmiljo\/","title":{"rendered":"Arbetsmilj\u00f6"},"content":{"rendered":"\t\t<div data-elementor-type=\"wp-page\" data-elementor-id=\"2616\" class=\"elementor elementor-2616 elementor-428\">\n\t\t\t\t<div class=\"elementor-element elementor-element-eb9af77 e-grid e-con-boxed parallax_section_no qode_elementor_container_no e-con e-parent\" data-id=\"eb9af77\" data-element_type=\"container\">\n\t\t\t\t\t<div class=\"e-con-inner\">\n\t\t\t\t<div class=\"elementor-element elementor-element-7fb7e78 elementor-widget elementor-widget-image\" data-id=\"7fb7e78\" data-element_type=\"widget\" data-widget_type=\"image.default\">\n\t\t\t\t<div class=\"elementor-widget-container\">\n\t\t\t\t\t\t\t\t\t\t\t\t\t\t\t<img fetchpriority=\"high\" decoding=\"async\" width=\"768\" height=\"549\" src=\"https:\/\/q-workforce.com\/wp-content\/uploads\/2025\/04\/safety-768x549.jpg\" class=\"attachment-medium_large size-medium_large wp-image-1370\" alt=\"\" srcset=\"https:\/\/q-workforce.com\/wp-content\/uploads\/2025\/04\/safety-768x549.jpg 768w, https:\/\/q-workforce.com\/wp-content\/uploads\/2025\/04\/safety-300x214.jpg 300w, https:\/\/q-workforce.com\/wp-content\/uploads\/2025\/04\/safety-700x500.jpg 700w, https:\/\/q-workforce.com\/wp-content\/uploads\/2025\/04\/safety.avif 900w\" sizes=\"(max-width: 768px) 100vw, 768px\" \/>\t\t\t\t\t\t\t\t\t\t\t\t\t\t\t<\/div>\n\t\t\t\t<\/div>\n\t\t\t\t<div class=\"elementor-element elementor-element-940f388 elementor-widget elementor-widget-text-editor\" data-id=\"940f388\" data-element_type=\"widget\" data-widget_type=\"text-editor.default\">\n\t\t\t\t<div class=\"elementor-widget-container\">\n\t\t\t\t\t\t\t\t\t<h3 data-start=\"39\" data-end=\"68\">H\u00c4LSA, S\u00c4KERHET OCH MILJ\u00d6<\/h3><p data-start=\"70\" data-end=\"178\">Q-Workforce erk\u00e4nner att arbetsmilj\u00f6, s\u00e4kerhet och milj\u00f6 (HSE) \u00e4r en integrerad del av all aff\u00e4rsverksamhet.<\/p><p data-start=\"180\" data-end=\"307\">Q-Workforce s\u00e4kerst\u00e4ller d\u00e4rf\u00f6r en s\u00e4ker och h\u00e4lsosam arbetsmilj\u00f6 f\u00f6r sina anst\u00e4llda f\u00f6r att f\u00f6rebygga skador p\u00e5 arbetsplatsen.<\/p><p data-start=\"309\" data-end=\"400\">Vi str\u00e4var efter att f\u00f6rebygga f\u00f6roreningar och minska skadliga utsl\u00e4pp d\u00e4r det \u00e4r m\u00f6jligt.<\/p><p data-start=\"402\" data-end=\"470\">V\u00e5rt m\u00e5l \u00e4r att minska avfall och optimera anv\u00e4ndningen av resurser.<\/p>\t\t\t\t\t\t\t\t<\/div>\n\t\t\t\t<\/div>\n\t\t\t\t\t<\/div>\n\t\t\t\t<\/div>\n\t\t<div class=\"elementor-element elementor-element-e52ee3e e-flex e-con-boxed parallax_section_no qode_elementor_container_no e-con e-parent\" data-id=\"e52ee3e\" data-element_type=\"container\">\n\t\t\t\t\t<div class=\"e-con-inner\">\n\t\t\t\t\t<\/div>\n\t\t\t\t<\/div>\n\t\t\t\t<\/div>\n\t\t","protected":false},"excerpt":{"rendered":"<p>H\u00c4LSA, S\u00c4KERHET OCH MILJ\u00d6 Q-Workforce erk\u00e4nner att arbetsmilj\u00f6, s\u00e4kerhet och milj\u00f6 (HSE) \u00e4r en integrerad del av all aff\u00e4rsverksamhet. Q-Workforce s\u00e4kerst\u00e4ller d\u00e4rf\u00f6r en s\u00e4ker och h\u00e4lsosam arbetsmilj\u00f6 f\u00f6r sina anst\u00e4llda f\u00f6r att f\u00f6rebygga skador p\u00e5 arbetsplatsen. Vi str\u00e4var efter att f\u00f6rebygga f\u00f6roreningar och minska skadliga&#8230;<\/p>\n","protected":false},"author":1,"featured_media":0,"parent":0,"menu_order":0,"comment_status":"closed","ping_status":"closed","template":"","meta":{"footnotes":""},"class_list":["post-2616","page","type-page","status-publish","hentry"],"yoast_head":"<!-- This site is optimized with the Yoast SEO plugin v27.4 - https:\/\/yoast.com\/product\/yoast-seo-wordpress\/ -->\n<title>Arbetsmilj\u00f6 - QW Group<\/title>\n<meta name=\"robots\" content=\"index, follow, max-snippet:-1, max-image-preview:large, max-video-preview:-1\" \/>\n<link rel=\"canonical\" href=\"https:\/\/q-workforce.com\/sv\/arbetsmiljo\/\" \/>\n<meta property=\"og:locale\" content=\"sv_SE\" \/>\n<meta property=\"og:type\" content=\"article\" \/>\n<meta property=\"og:title\" content=\"Arbetsmilj\u00f6 - QW Group\" \/>\n<meta property=\"og:description\" content=\"H\u00c4LSA, S\u00c4KERHET OCH MILJ\u00d6 Q-Workforce erk\u00e4nner att arbetsmilj\u00f6, s\u00e4kerhet och milj\u00f6 (HSE) \u00e4r en integrerad del av all aff\u00e4rsverksamhet. Q-Workforce s\u00e4kerst\u00e4ller d\u00e4rf\u00f6r en s\u00e4ker och h\u00e4lsosam arbetsmilj\u00f6 f\u00f6r sina anst\u00e4llda f\u00f6r att f\u00f6rebygga skador p\u00e5 arbetsplatsen. Vi str\u00e4var efter att f\u00f6rebygga f\u00f6roreningar och minska skadliga...\" \/>\n<meta property=\"og:url\" content=\"https:\/\/q-workforce.com\/sv\/arbetsmiljo\/\" \/>\n<meta property=\"og:site_name\" content=\"QW Group\" \/>\n<meta property=\"article:modified_time\" content=\"2025-07-09T13:08:53+00:00\" \/>\n<meta name=\"twitter:card\" content=\"summary_large_image\" \/>\n<meta name=\"twitter:label1\" content=\"Ber\u00e4knad l\u00e4stid\" \/>\n\t<meta name=\"twitter:data1\" content=\"1 minut\" \/>\n<script type=\"application\/ld+json\" class=\"yoast-schema-graph\">{\"@context\":\"https:\\\/\\\/schema.org\",\"@graph\":[{\"@type\":\"WebPage\",\"@id\":\"https:\\\/\\\/q-workforce.com\\\/sv\\\/arbetsmiljo\\\/\",\"url\":\"https:\\\/\\\/q-workforce.com\\\/sv\\\/arbetsmiljo\\\/\",\"name\":\"Arbetsmilj\u00f6 - QW Group\",\"isPartOf\":{\"@id\":\"https:\\\/\\\/q-workforce.com\\\/#website\"},\"primaryImageOfPage\":{\"@id\":\"https:\\\/\\\/q-workforce.com\\\/sv\\\/arbetsmiljo\\\/#primaryimage\"},\"image\":{\"@id\":\"https:\\\/\\\/q-workforce.com\\\/sv\\\/arbetsmiljo\\\/#primaryimage\"},\"thumbnailUrl\":\"https:\\\/\\\/q-workforce.com\\\/wp-content\\\/uploads\\\/2025\\\/04\\\/safety-768x549.jpg\",\"datePublished\":\"2025-03-07T13:47:38+00:00\",\"dateModified\":\"2025-07-09T13:08:53+00:00\",\"breadcrumb\":{\"@id\":\"https:\\\/\\\/q-workforce.com\\\/sv\\\/arbetsmiljo\\\/#breadcrumb\"},\"inLanguage\":\"sv-SE\",\"potentialAction\":[{\"@type\":\"ReadAction\",\"target\":[\"https:\\\/\\\/q-workforce.com\\\/sv\\\/arbetsmiljo\\\/\"]}]},{\"@type\":\"ImageObject\",\"inLanguage\":\"sv-SE\",\"@id\":\"https:\\\/\\\/q-workforce.com\\\/sv\\\/arbetsmiljo\\\/#primaryimage\",\"url\":\"https:\\\/\\\/q-workforce.com\\\/wp-content\\\/uploads\\\/2025\\\/04\\\/safety-768x549.jpg\",\"contentUrl\":\"https:\\\/\\\/q-workforce.com\\\/wp-content\\\/uploads\\\/2025\\\/04\\\/safety-768x549.jpg\"},{\"@type\":\"BreadcrumbList\",\"@id\":\"https:\\\/\\\/q-workforce.com\\\/sv\\\/arbetsmiljo\\\/#breadcrumb\",\"itemListElement\":[{\"@type\":\"ListItem\",\"position\":1,\"name\":\"Home\",\"item\":\"https:\\\/\\\/q-workforce.com\\\/sv\\\/\"},{\"@type\":\"ListItem\",\"position\":2,\"name\":\"Arbetsmilj\u00f6\"}]},{\"@type\":\"WebSite\",\"@id\":\"https:\\\/\\\/q-workforce.com\\\/#website\",\"url\":\"https:\\\/\\\/q-workforce.com\\\/\",\"name\":\"QW Group\",\"description\":\"YOUR TRUSTED PARTNER IN MANPOWER SOLUTIONS\",\"publisher\":{\"@id\":\"https:\\\/\\\/q-workforce.com\\\/#organization\"},\"potentialAction\":[{\"@type\":\"SearchAction\",\"target\":{\"@type\":\"EntryPoint\",\"urlTemplate\":\"https:\\\/\\\/q-workforce.com\\\/?s={search_term_string}\"},\"query-input\":{\"@type\":\"PropertyValueSpecification\",\"valueRequired\":true,\"valueName\":\"search_term_string\"}}],\"inLanguage\":\"sv-SE\"},{\"@type\":\"Organization\",\"@id\":\"https:\\\/\\\/q-workforce.com\\\/#organization\",\"name\":\"QW Group\",\"url\":\"https:\\\/\\\/q-workforce.com\\\/\",\"logo\":{\"@type\":\"ImageObject\",\"inLanguage\":\"sv-SE\",\"@id\":\"https:\\\/\\\/q-workforce.com\\\/#\\\/schema\\\/logo\\\/image\\\/\",\"url\":\"https:\\\/\\\/q-workforce.com\\\/wp-content\\\/uploads\\\/2025\\\/01\\\/Screenshot-2025-01-31-at-02.28.18.png\",\"contentUrl\":\"https:\\\/\\\/q-workforce.com\\\/wp-content\\\/uploads\\\/2025\\\/01\\\/Screenshot-2025-01-31-at-02.28.18.png\",\"width\":675,\"height\":218,\"caption\":\"QW Group\"},\"image\":{\"@id\":\"https:\\\/\\\/q-workforce.com\\\/#\\\/schema\\\/logo\\\/image\\\/\"}}]}<\/script>\n<!-- \/ Yoast SEO plugin. -->","yoast_head_json":{"title":"Arbetsmilj\u00f6 - QW Group","robots":{"index":"index","follow":"follow","max-snippet":"max-snippet:-1","max-image-preview":"max-image-preview:large","max-video-preview":"max-video-preview:-1"},"canonical":"https:\/\/q-workforce.com\/sv\/arbetsmiljo\/","og_locale":"sv_SE","og_type":"article","og_title":"Arbetsmilj\u00f6 - QW Group","og_description":"H\u00c4LSA, S\u00c4KERHET OCH MILJ\u00d6 Q-Workforce erk\u00e4nner att arbetsmilj\u00f6, s\u00e4kerhet och milj\u00f6 (HSE) \u00e4r en integrerad del av all aff\u00e4rsverksamhet. Q-Workforce s\u00e4kerst\u00e4ller d\u00e4rf\u00f6r en s\u00e4ker och h\u00e4lsosam arbetsmilj\u00f6 f\u00f6r sina anst\u00e4llda f\u00f6r att f\u00f6rebygga skador p\u00e5 arbetsplatsen. Vi str\u00e4var efter att f\u00f6rebygga f\u00f6roreningar och minska skadliga...","og_url":"https:\/\/q-workforce.com\/sv\/arbetsmiljo\/","og_site_name":"QW Group","article_modified_time":"2025-07-09T13:08:53+00:00","twitter_card":"summary_large_image","twitter_misc":{"Ber\u00e4knad l\u00e4stid":"1 minut"},"schema":{"@context":"https:\/\/schema.org","@graph":[{"@type":"WebPage","@id":"https:\/\/q-workforce.com\/sv\/arbetsmiljo\/","url":"https:\/\/q-workforce.com\/sv\/arbetsmiljo\/","name":"Arbetsmilj\u00f6 - QW Group","isPartOf":{"@id":"https:\/\/q-workforce.com\/#website"},"primaryImageOfPage":{"@id":"https:\/\/q-workforce.com\/sv\/arbetsmiljo\/#primaryimage"},"image":{"@id":"https:\/\/q-workforce.com\/sv\/arbetsmiljo\/#primaryimage"},"thumbnailUrl":"https:\/\/q-workforce.com\/wp-content\/uploads\/2025\/04\/safety-768x549.jpg","datePublished":"2025-03-07T13:47:38+00:00","dateModified":"2025-07-09T13:08:53+00:00","breadcrumb":{"@id":"https:\/\/q-workforce.com\/sv\/arbetsmiljo\/#breadcrumb"},"inLanguage":"sv-SE","potentialAction":[{"@type":"ReadAction","target":["https:\/\/q-workforce.com\/sv\/arbetsmiljo\/"]}]},{"@type":"ImageObject","inLanguage":"sv-SE","@id":"https:\/\/q-workforce.com\/sv\/arbetsmiljo\/#primaryimage","url":"https:\/\/q-workforce.com\/wp-content\/uploads\/2025\/04\/safety-768x549.jpg","contentUrl":"https:\/\/q-workforce.com\/wp-content\/uploads\/2025\/04\/safety-768x549.jpg"},{"@type":"BreadcrumbList","@id":"https:\/\/q-workforce.com\/sv\/arbetsmiljo\/#breadcrumb","itemListElement":[{"@type":"ListItem","position":1,"name":"Home","item":"https:\/\/q-workforce.com\/sv\/"},{"@type":"ListItem","position":2,"name":"Arbetsmilj\u00f6"}]},{"@type":"WebSite","@id":"https:\/\/q-workforce.com\/#website","url":"https:\/\/q-workforce.com\/","name":"QW Group","description":"YOUR TRUSTED PARTNER IN MANPOWER SOLUTIONS","publisher":{"@id":"https:\/\/q-workforce.com\/#organization"},"potentialAction":[{"@type":"SearchAction","target":{"@type":"EntryPoint","urlTemplate":"https:\/\/q-workforce.com\/?s={search_term_string}"},"query-input":{"@type":"PropertyValueSpecification","valueRequired":true,"valueName":"search_term_string"}}],"inLanguage":"sv-SE"},{"@type":"Organization","@id":"https:\/\/q-workforce.com\/#organization","name":"QW Group","url":"https:\/\/q-workforce.com\/","logo":{"@type":"ImageObject","inLanguage":"sv-SE","@id":"https:\/\/q-workforce.com\/#\/schema\/logo\/image\/","url":"https:\/\/q-workforce.com\/wp-content\/uploads\/2025\/01\/Screenshot-2025-01-31-at-02.28.18.png","contentUrl":"https:\/\/q-workforce.com\/wp-content\/uploads\/2025\/01\/Screenshot-2025-01-31-at-02.28.18.png","width":675,"height":218,"caption":"QW Group"},"image":{"@id":"https:\/\/q-workforce.com\/#\/schema\/logo\/image\/"}}]}},"_links":{"self":[{"href":"https:\/\/q-workforce.com\/sv\/wp-json\/wp\/v2\/pages\/2616","targetHints":{"allow":["GET"]}}],"collection":[{"href":"https:\/\/q-workforce.com\/sv\/wp-json\/wp\/v2\/pages"}],"about":[{"href":"https:\/\/q-workforce.com\/sv\/wp-json\/wp\/v2\/types\/page"}],"author":[{"embeddable":true,"href":"https:\/\/q-workforce.com\/sv\/wp-json\/wp\/v2\/users\/1"}],"replies":[{"embeddable":true,"href":"https:\/\/q-workforce.com\/sv\/wp-json\/wp\/v2\/comments?post=2616"}],"version-history":[{"count":3,"href":"https:\/\/q-workforce.com\/sv\/wp-json\/wp\/v2\/pages\/2616\/revisions"}],"predecessor-version":[{"id":2619,"href":"https:\/\/q-workforce.com\/sv\/wp-json\/wp\/v2\/pages\/2616\/revisions\/2619"}],"wp:attachment":[{"href":"https:\/\/q-workforce.com\/sv\/wp-json\/wp\/v2\/media?parent=2616"}],"curies":[{"name":"wp","href":"https:\/\/api.w.org\/{rel}","templated":true}]}}