{"id":2625,"date":"2025-03-07T13:50:59","date_gmt":"2025-03-07T13:50:59","guid":{"rendered":"https:\/\/q-workforce.com\/?page_id=2625"},"modified":"2025-07-09T13:36:34","modified_gmt":"2025-07-09T13:36:34","slug":"var-vision-och-mission","status":"publish","type":"page","link":"https:\/\/q-workforce.com\/sv\/var-vision-och-mission\/","title":{"rendered":"V\u00c5R VISION OCH MISSION"},"content":{"rendered":"\t\t<div data-elementor-type=\"wp-page\" data-elementor-id=\"2625\" class=\"elementor elementor-2625 elementor-434\">\n\t\t\t\t\t\t<section class=\"elementor-section elementor-top-section elementor-element elementor-element-1610349 qode_elementor_container_inner elementor-section-boxed elementor-section-height-default elementor-section-height-default parallax_section_no\" data-id=\"1610349\" data-element_type=\"section\">\n\t\t\t\t\t\t<div class=\"elementor-container elementor-column-gap-default\">\n\t\t\t\t\t<div class=\"elementor-column elementor-col-50 elementor-top-column elementor-element elementor-element-31da1bc\" data-id=\"31da1bc\" data-element_type=\"column\">\n\t\t\t<div class=\"elementor-widget-wrap elementor-element-populated\">\n\t\t\t\t\t\t<div class=\"elementor-element elementor-element-b36498b elementor-widget elementor-widget-text-editor\" data-id=\"b36498b\" data-element_type=\"widget\" data-widget_type=\"text-editor.default\">\n\t\t\t\t<div class=\"elementor-widget-container\">\n\t\t\t\t\t\t\t\t\t<h3>V\u00c5R VISION<\/h3>\t\t\t\t\t\t\t\t<\/div>\n\t\t\t\t<\/div>\n\t\t\t\t<div class=\"elementor-element elementor-element-4e809b7 elementor-widget elementor-widget-text-editor\" data-id=\"4e809b7\" data-element_type=\"widget\" data-widget_type=\"text-editor.default\">\n\t\t\t\t<div class=\"elementor-widget-container\">\n\t\t\t\t\t\t\t\t\t<p>Att vara en marknadsledande och l\u00f6sningsdriven leverant\u00f6r av h\u00f6gkvalificerad arbetskraft p\u00e5 global niv\u00e5.<\/p>\t\t\t\t\t\t\t\t<\/div>\n\t\t\t\t<\/div>\n\t\t\t\t<div class=\"elementor-element elementor-element-aec6e7f elementor-widget elementor-widget-image\" data-id=\"aec6e7f\" data-element_type=\"widget\" data-widget_type=\"image.default\">\n\t\t\t\t<div class=\"elementor-widget-container\">\n\t\t\t\t\t\t\t\t\t\t\t\t\t\t\t<img fetchpriority=\"high\" decoding=\"async\" width=\"600\" height=\"333\" src=\"https:\/\/q-workforce.com\/wp-content\/uploads\/2025\/04\/globeqw.jpg\" class=\"attachment-large size-large wp-image-1393\" alt=\"\" srcset=\"https:\/\/q-workforce.com\/wp-content\/uploads\/2025\/04\/globeqw.jpg 600w, https:\/\/q-workforce.com\/wp-content\/uploads\/2025\/04\/globeqw-300x167.jpg 300w\" sizes=\"(max-width: 600px) 100vw, 600px\" \/>\t\t\t\t\t\t\t\t\t\t\t\t\t\t\t<\/div>\n\t\t\t\t<\/div>\n\t\t\t\t\t<\/div>\n\t\t<\/div>\n\t\t\t\t<div class=\"elementor-column elementor-col-50 elementor-top-column elementor-element elementor-element-8cf8fd8\" data-id=\"8cf8fd8\" data-element_type=\"column\">\n\t\t\t<div class=\"elementor-widget-wrap elementor-element-populated\">\n\t\t\t\t\t\t<div class=\"elementor-element elementor-element-686a254 elementor-widget elementor-widget-text-editor\" data-id=\"686a254\" data-element_type=\"widget\" data-widget_type=\"text-editor.default\">\n\t\t\t\t<div class=\"elementor-widget-container\">\n\t\t\t\t\t\t\t\t\t<h3>V\u00c5RT UPPDRAG<\/h3>\t\t\t\t\t\t\t\t<\/div>\n\t\t\t\t<\/div>\n\t\t\t\t<div class=\"elementor-element elementor-element-940edc5 elementor-widget elementor-widget-text-editor\" data-id=\"940edc5\" data-element_type=\"widget\" data-widget_type=\"text-editor.default\">\n\t\t\t\t<div class=\"elementor-widget-container\">\n\t\t\t\t\t\t\t\t\t<p>V\u00e5rt uppdrag \u00e4r att uppn\u00e5 globalt erk\u00e4nnande f\u00f6r v\u00e5ra <strong>exceptionella talanger och tj\u00e4nster<\/strong>. Vi g\u00f6r detta genom ett kundcentrerat tillv\u00e4gag\u00e5ngss\u00e4tt som s\u00e4tter v\u00e5ra kunders behov i centrum f\u00f6r allt vi g\u00f6r.<\/p><p>Vi inser att v\u00e5r personal \u00e4r grunden f\u00f6r v\u00e5r framg\u00e5ng, att driva en efterfr\u00e5gestyrd leveranskedja och s\u00e4rskilja oss i alla aspekter av v\u00e5r verksamhet. Genom att prioritera kundupplevelsen och betona kvaliteten p\u00e5 v\u00e5r arbetskraft str\u00e4var vi efter att bli en p\u00e5litlig global ledare i branschen och en p\u00e5litlig partner f\u00f6r att ut\u00f6ka din personalstyrka.<\/p>\t\t\t\t\t\t\t\t<\/div>\n\t\t\t\t<\/div>\n\t\t\t\t\t<\/div>\n\t\t<\/div>\n\t\t\t\t\t<\/div>\n\t\t<\/section>\n\t\t\t\t<\/div>\n\t\t","protected":false},"excerpt":{"rendered":"<p>V\u00c5R VISION Att vara en marknadsledande och l\u00f6sningsdriven leverant\u00f6r av h\u00f6gkvalificerad arbetskraft p\u00e5 global niv\u00e5. V\u00c5RT UPPDRAG V\u00e5rt uppdrag \u00e4r att uppn\u00e5 globalt erk\u00e4nnande f\u00f6r v\u00e5ra exceptionella talanger och tj\u00e4nster. Vi g\u00f6r detta genom ett kundcentrerat tillv\u00e4gag\u00e5ngss\u00e4tt som s\u00e4tter v\u00e5ra kunders behov i centrum f\u00f6r&#8230;<\/p>\n","protected":false},"author":1,"featured_media":0,"parent":0,"menu_order":0,"comment_status":"closed","ping_status":"closed","template":"","meta":{"footnotes":""},"class_list":["post-2625","page","type-page","status-publish","hentry"],"yoast_head":"<!-- This site is optimized with the Yoast SEO plugin v27.4 - https:\/\/yoast.com\/product\/yoast-seo-wordpress\/ -->\n<title>V\u00c5R VISION OCH MISSION - QW Group<\/title>\n<meta name=\"robots\" content=\"index, follow, max-snippet:-1, max-image-preview:large, max-video-preview:-1\" \/>\n<link rel=\"canonical\" href=\"https:\/\/q-workforce.com\/sv\/var-vision-och-mission\/\" \/>\n<meta property=\"og:locale\" content=\"sv_SE\" \/>\n<meta property=\"og:type\" content=\"article\" \/>\n<meta property=\"og:title\" content=\"V\u00c5R VISION OCH MISSION - QW Group\" \/>\n<meta property=\"og:description\" content=\"V\u00c5R VISION Att vara en marknadsledande och l\u00f6sningsdriven leverant\u00f6r av h\u00f6gkvalificerad arbetskraft p\u00e5 global niv\u00e5. V\u00c5RT UPPDRAG V\u00e5rt uppdrag \u00e4r att uppn\u00e5 globalt erk\u00e4nnande f\u00f6r v\u00e5ra exceptionella talanger och tj\u00e4nster. Vi g\u00f6r detta genom ett kundcentrerat tillv\u00e4gag\u00e5ngss\u00e4tt som s\u00e4tter v\u00e5ra kunders behov i centrum f\u00f6r...\" \/>\n<meta property=\"og:url\" content=\"https:\/\/q-workforce.com\/sv\/var-vision-och-mission\/\" \/>\n<meta property=\"og:site_name\" content=\"QW Group\" \/>\n<meta property=\"article:modified_time\" content=\"2025-07-09T13:36:34+00:00\" \/>\n<meta property=\"og:image\" content=\"https:\/\/q-workforce.com\/wp-content\/uploads\/2025\/04\/globeqw.jpg\" \/>\n\t<meta property=\"og:image:width\" content=\"600\" \/>\n\t<meta property=\"og:image:height\" content=\"333\" \/>\n\t<meta property=\"og:image:type\" content=\"image\/jpeg\" \/>\n<meta name=\"twitter:card\" content=\"summary_large_image\" \/>\n<meta name=\"twitter:label1\" content=\"Ber\u00e4knad l\u00e4stid\" \/>\n\t<meta name=\"twitter:data1\" content=\"1 minut\" \/>\n<script type=\"application\/ld+json\" class=\"yoast-schema-graph\">{\"@context\":\"https:\\\/\\\/schema.org\",\"@graph\":[{\"@type\":\"WebPage\",\"@id\":\"https:\\\/\\\/q-workforce.com\\\/sv\\\/var-vision-och-mission\\\/\",\"url\":\"https:\\\/\\\/q-workforce.com\\\/sv\\\/var-vision-och-mission\\\/\",\"name\":\"V\u00c5R VISION OCH MISSION - QW Group\",\"isPartOf\":{\"@id\":\"https:\\\/\\\/q-workforce.com\\\/#website\"},\"primaryImageOfPage\":{\"@id\":\"https:\\\/\\\/q-workforce.com\\\/sv\\\/var-vision-och-mission\\\/#primaryimage\"},\"image\":{\"@id\":\"https:\\\/\\\/q-workforce.com\\\/sv\\\/var-vision-och-mission\\\/#primaryimage\"},\"thumbnailUrl\":\"https:\\\/\\\/q-workforce.com\\\/wp-content\\\/uploads\\\/2025\\\/04\\\/globeqw.jpg\",\"datePublished\":\"2025-03-07T13:50:59+00:00\",\"dateModified\":\"2025-07-09T13:36:34+00:00\",\"breadcrumb\":{\"@id\":\"https:\\\/\\\/q-workforce.com\\\/sv\\\/var-vision-och-mission\\\/#breadcrumb\"},\"inLanguage\":\"sv-SE\",\"potentialAction\":[{\"@type\":\"ReadAction\",\"target\":[\"https:\\\/\\\/q-workforce.com\\\/sv\\\/var-vision-och-mission\\\/\"]}]},{\"@type\":\"ImageObject\",\"inLanguage\":\"sv-SE\",\"@id\":\"https:\\\/\\\/q-workforce.com\\\/sv\\\/var-vision-och-mission\\\/#primaryimage\",\"url\":\"https:\\\/\\\/q-workforce.com\\\/wp-content\\\/uploads\\\/2025\\\/04\\\/globeqw.jpg\",\"contentUrl\":\"https:\\\/\\\/q-workforce.com\\\/wp-content\\\/uploads\\\/2025\\\/04\\\/globeqw.jpg\"},{\"@type\":\"BreadcrumbList\",\"@id\":\"https:\\\/\\\/q-workforce.com\\\/sv\\\/var-vision-och-mission\\\/#breadcrumb\",\"itemListElement\":[{\"@type\":\"ListItem\",\"position\":1,\"name\":\"Home\",\"item\":\"https:\\\/\\\/q-workforce.com\\\/sv\\\/\"},{\"@type\":\"ListItem\",\"position\":2,\"name\":\"V\u00c5R VISION OCH MISSION\"}]},{\"@type\":\"WebSite\",\"@id\":\"https:\\\/\\\/q-workforce.com\\\/#website\",\"url\":\"https:\\\/\\\/q-workforce.com\\\/\",\"name\":\"QW Group\",\"description\":\"YOUR TRUSTED PARTNER IN MANPOWER SOLUTIONS\",\"publisher\":{\"@id\":\"https:\\\/\\\/q-workforce.com\\\/#organization\"},\"potentialAction\":[{\"@type\":\"SearchAction\",\"target\":{\"@type\":\"EntryPoint\",\"urlTemplate\":\"https:\\\/\\\/q-workforce.com\\\/?s={search_term_string}\"},\"query-input\":{\"@type\":\"PropertyValueSpecification\",\"valueRequired\":true,\"valueName\":\"search_term_string\"}}],\"inLanguage\":\"sv-SE\"},{\"@type\":\"Organization\",\"@id\":\"https:\\\/\\\/q-workforce.com\\\/#organization\",\"name\":\"QW Group\",\"url\":\"https:\\\/\\\/q-workforce.com\\\/\",\"logo\":{\"@type\":\"ImageObject\",\"inLanguage\":\"sv-SE\",\"@id\":\"https:\\\/\\\/q-workforce.com\\\/#\\\/schema\\\/logo\\\/image\\\/\",\"url\":\"https:\\\/\\\/q-workforce.com\\\/wp-content\\\/uploads\\\/2025\\\/01\\\/Screenshot-2025-01-31-at-02.28.18.png\",\"contentUrl\":\"https:\\\/\\\/q-workforce.com\\\/wp-content\\\/uploads\\\/2025\\\/01\\\/Screenshot-2025-01-31-at-02.28.18.png\",\"width\":675,\"height\":218,\"caption\":\"QW Group\"},\"image\":{\"@id\":\"https:\\\/\\\/q-workforce.com\\\/#\\\/schema\\\/logo\\\/image\\\/\"}}]}<\/script>\n<!-- \/ Yoast SEO plugin. -->","yoast_head_json":{"title":"V\u00c5R VISION OCH MISSION - QW Group","robots":{"index":"index","follow":"follow","max-snippet":"max-snippet:-1","max-image-preview":"max-image-preview:large","max-video-preview":"max-video-preview:-1"},"canonical":"https:\/\/q-workforce.com\/sv\/var-vision-och-mission\/","og_locale":"sv_SE","og_type":"article","og_title":"V\u00c5R VISION OCH MISSION - QW Group","og_description":"V\u00c5R VISION Att vara en marknadsledande och l\u00f6sningsdriven leverant\u00f6r av h\u00f6gkvalificerad arbetskraft p\u00e5 global niv\u00e5. V\u00c5RT UPPDRAG V\u00e5rt uppdrag \u00e4r att uppn\u00e5 globalt erk\u00e4nnande f\u00f6r v\u00e5ra exceptionella talanger och tj\u00e4nster. Vi g\u00f6r detta genom ett kundcentrerat tillv\u00e4gag\u00e5ngss\u00e4tt som s\u00e4tter v\u00e5ra kunders behov i centrum f\u00f6r...","og_url":"https:\/\/q-workforce.com\/sv\/var-vision-och-mission\/","og_site_name":"QW Group","article_modified_time":"2025-07-09T13:36:34+00:00","og_image":[{"width":600,"height":333,"url":"https:\/\/q-workforce.com\/wp-content\/uploads\/2025\/04\/globeqw.jpg","type":"image\/jpeg"}],"twitter_card":"summary_large_image","twitter_misc":{"Ber\u00e4knad l\u00e4stid":"1 minut"},"schema":{"@context":"https:\/\/schema.org","@graph":[{"@type":"WebPage","@id":"https:\/\/q-workforce.com\/sv\/var-vision-och-mission\/","url":"https:\/\/q-workforce.com\/sv\/var-vision-och-mission\/","name":"V\u00c5R VISION OCH MISSION - QW Group","isPartOf":{"@id":"https:\/\/q-workforce.com\/#website"},"primaryImageOfPage":{"@id":"https:\/\/q-workforce.com\/sv\/var-vision-och-mission\/#primaryimage"},"image":{"@id":"https:\/\/q-workforce.com\/sv\/var-vision-och-mission\/#primaryimage"},"thumbnailUrl":"https:\/\/q-workforce.com\/wp-content\/uploads\/2025\/04\/globeqw.jpg","datePublished":"2025-03-07T13:50:59+00:00","dateModified":"2025-07-09T13:36:34+00:00","breadcrumb":{"@id":"https:\/\/q-workforce.com\/sv\/var-vision-och-mission\/#breadcrumb"},"inLanguage":"sv-SE","potentialAction":[{"@type":"ReadAction","target":["https:\/\/q-workforce.com\/sv\/var-vision-och-mission\/"]}]},{"@type":"ImageObject","inLanguage":"sv-SE","@id":"https:\/\/q-workforce.com\/sv\/var-vision-och-mission\/#primaryimage","url":"https:\/\/q-workforce.com\/wp-content\/uploads\/2025\/04\/globeqw.jpg","contentUrl":"https:\/\/q-workforce.com\/wp-content\/uploads\/2025\/04\/globeqw.jpg"},{"@type":"BreadcrumbList","@id":"https:\/\/q-workforce.com\/sv\/var-vision-och-mission\/#breadcrumb","itemListElement":[{"@type":"ListItem","position":1,"name":"Home","item":"https:\/\/q-workforce.com\/sv\/"},{"@type":"ListItem","position":2,"name":"V\u00c5R VISION OCH MISSION"}]},{"@type":"WebSite","@id":"https:\/\/q-workforce.com\/#website","url":"https:\/\/q-workforce.com\/","name":"QW Group","description":"YOUR TRUSTED PARTNER IN MANPOWER SOLUTIONS","publisher":{"@id":"https:\/\/q-workforce.com\/#organization"},"potentialAction":[{"@type":"SearchAction","target":{"@type":"EntryPoint","urlTemplate":"https:\/\/q-workforce.com\/?s={search_term_string}"},"query-input":{"@type":"PropertyValueSpecification","valueRequired":true,"valueName":"search_term_string"}}],"inLanguage":"sv-SE"},{"@type":"Organization","@id":"https:\/\/q-workforce.com\/#organization","name":"QW Group","url":"https:\/\/q-workforce.com\/","logo":{"@type":"ImageObject","inLanguage":"sv-SE","@id":"https:\/\/q-workforce.com\/#\/schema\/logo\/image\/","url":"https:\/\/q-workforce.com\/wp-content\/uploads\/2025\/01\/Screenshot-2025-01-31-at-02.28.18.png","contentUrl":"https:\/\/q-workforce.com\/wp-content\/uploads\/2025\/01\/Screenshot-2025-01-31-at-02.28.18.png","width":675,"height":218,"caption":"QW Group"},"image":{"@id":"https:\/\/q-workforce.com\/#\/schema\/logo\/image\/"}}]}},"_links":{"self":[{"href":"https:\/\/q-workforce.com\/sv\/wp-json\/wp\/v2\/pages\/2625","targetHints":{"allow":["GET"]}}],"collection":[{"href":"https:\/\/q-workforce.com\/sv\/wp-json\/wp\/v2\/pages"}],"about":[{"href":"https:\/\/q-workforce.com\/sv\/wp-json\/wp\/v2\/types\/page"}],"author":[{"embeddable":true,"href":"https:\/\/q-workforce.com\/sv\/wp-json\/wp\/v2\/users\/1"}],"replies":[{"embeddable":true,"href":"https:\/\/q-workforce.com\/sv\/wp-json\/wp\/v2\/comments?post=2625"}],"version-history":[{"count":4,"href":"https:\/\/q-workforce.com\/sv\/wp-json\/wp\/v2\/pages\/2625\/revisions"}],"predecessor-version":[{"id":2629,"href":"https:\/\/q-workforce.com\/sv\/wp-json\/wp\/v2\/pages\/2625\/revisions\/2629"}],"wp:attachment":[{"href":"https:\/\/q-workforce.com\/sv\/wp-json\/wp\/v2\/media?parent=2625"}],"curies":[{"name":"wp","href":"https:\/\/api.w.org\/{rel}","templated":true}]}}