{"id":2630,"date":"2025-03-07T14:10:43","date_gmt":"2025-03-07T14:10:43","guid":{"rendered":"https:\/\/q-workforce.com\/?page_id=2630"},"modified":"2025-07-09T13:46:57","modified_gmt":"2025-07-09T13:46:57","slug":"mot-vart-team","status":"publish","type":"page","link":"https:\/\/q-workforce.com\/sv\/mot-vart-team\/","title":{"rendered":"M\u00d6T V\u00c5RT TEAM"},"content":{"rendered":"\t\t<div data-elementor-type=\"wp-page\" data-elementor-id=\"2630\" class=\"elementor elementor-2630 elementor-451\">\n\t\t\t\t\t\t<section class=\"elementor-section elementor-top-section elementor-element elementor-element-fdf2293 qode_elementor_container_inner elementor-section-boxed elementor-section-height-default elementor-section-height-default parallax_section_no\" data-id=\"fdf2293\" data-element_type=\"section\">\n\t\t\t\t\t\t<div class=\"elementor-container elementor-column-gap-default\">\n\t\t\t\t\t<div class=\"elementor-column elementor-col-50 elementor-top-column elementor-element elementor-element-16ee881\" data-id=\"16ee881\" data-element_type=\"column\">\n\t\t\t<div class=\"elementor-widget-wrap elementor-element-populated\">\n\t\t\t\t\t\t<div class=\"elementor-element elementor-element-a347d92 elementor-widget elementor-widget-image\" data-id=\"a347d92\" data-element_type=\"widget\" data-widget_type=\"image.default\">\n\t\t\t\t<div class=\"elementor-widget-container\">\n\t\t\t\t\t\t\t\t\t\t\t\t\t\t\t<img fetchpriority=\"high\" decoding=\"async\" width=\"600\" height=\"400\" src=\"https:\/\/q-workforce.com\/wp-content\/uploads\/2025\/04\/hands.jpg\" class=\"attachment-large size-large wp-image-1380\" alt=\"\" srcset=\"https:\/\/q-workforce.com\/wp-content\/uploads\/2025\/04\/hands.jpg 600w, https:\/\/q-workforce.com\/wp-content\/uploads\/2025\/04\/hands-300x200.jpg 300w\" sizes=\"(max-width: 600px) 100vw, 600px\" \/>\t\t\t\t\t\t\t\t\t\t\t\t\t\t\t<\/div>\n\t\t\t\t<\/div>\n\t\t\t\t\t<\/div>\n\t\t<\/div>\n\t\t\t\t<div class=\"elementor-column elementor-col-50 elementor-top-column elementor-element elementor-element-8609454\" data-id=\"8609454\" data-element_type=\"column\">\n\t\t\t<div class=\"elementor-widget-wrap elementor-element-populated\">\n\t\t\t\t\t\t<div class=\"elementor-element elementor-element-22bf612 elementor-widget elementor-widget-text-editor\" data-id=\"22bf612\" data-element_type=\"widget\" data-widget_type=\"text-editor.default\">\n\t\t\t\t<div class=\"elementor-widget-container\">\n\t\t\t\t\t\t\t\t\t<p>QW Group leds av ett team av erfarna proffs som \u00e4r dedikerade till att driva f\u00f6retagets vision och v\u00e4rderingar fram\u00e5t. Med djup branschkunskap och ett engagemang f\u00f6r innovation s\u00e4kerst\u00e4ller v\u00e5r ledningsgrupp att QW Group ligger i framkant n\u00e4r det g\u00e4ller arbetskraftsl\u00f6sningar.<\/p>\t\t\t\t\t\t\t\t<\/div>\n\t\t\t\t<\/div>\n\t\t\t\t\t<\/div>\n\t\t<\/div>\n\t\t\t\t\t<\/div>\n\t\t<\/section>\n\t\t<div class=\"elementor-element elementor-element-0c95a13 e-grid e-con-boxed parallax_section_no qode_elementor_container_no e-con e-parent\" data-id=\"0c95a13\" data-element_type=\"container\">\n\t\t\t\t\t<div class=\"e-con-inner\">\n\t\t\t\t<div class=\"elementor-element elementor-element-98175b5 elementor-widget elementor-widget-text-editor\" data-id=\"98175b5\" data-element_type=\"widget\" data-widget_type=\"text-editor.default\">\n\t\t\t\t<div class=\"elementor-widget-container\">\n\t\t\t\t\t\t\t\t\t<h5>Miguel Felix<br \/>VD<\/h5><p><a href=\"mailto:miguel.felix@q-workforce.com\">miguel.felix@q-workforce.com<\/a><\/p>\t\t\t\t\t\t\t\t<\/div>\n\t\t\t\t<\/div>\n\t\t\t\t<div class=\"elementor-element elementor-element-7f07af2 elementor-widget elementor-widget-text-editor\" data-id=\"7f07af2\" data-element_type=\"widget\" data-widget_type=\"text-editor.default\">\n\t\t\t\t<div class=\"elementor-widget-container\">\n\t\t\t\t\t\t\t\t\t<h5>Vladimir Senic<br \/>operativ chef<\/h5><p><a href=\"mailto:vladimir.senic@q-workforce.com\">vladimir.senic@q-workforce.com<\/a><\/p>\t\t\t\t\t\t\t\t<\/div>\n\t\t\t\t<\/div>\n\t\t\t\t<div class=\"elementor-element elementor-element-b455fc3 elementor-widget elementor-widget-text-editor\" data-id=\"b455fc3\" data-element_type=\"widget\" data-widget_type=\"text-editor.default\">\n\t\t\t\t<div class=\"elementor-widget-container\">\n\t\t\t\t\t\t\t\t\t<h5>Mara Felix<br \/>Ekonomi- och finansdirekt\u00f6r<\/h5><p><a href=\"mailto:mara.felix@q-workforce.com\">mara.felix@q-workforce.com<\/a><\/p>\t\t\t\t\t\t\t\t<\/div>\n\t\t\t\t<\/div>\n\t\t\t\t<div class=\"elementor-element elementor-element-01eec29 elementor-widget elementor-widget-text-editor\" data-id=\"01eec29\" data-element_type=\"widget\" data-widget_type=\"text-editor.default\">\n\t\t\t\t<div class=\"elementor-widget-container\">\n\t\t\t\t\t\t\t\t\t<h5>Tim Josefsson<\/h5><h5>Verksamhetschef<\/h5><p><a href=\"mailto:tim.josefsson@q-workforce.com\">tim.josefsson@q-workforce.com<\/a><\/p>\t\t\t\t\t\t\t\t<\/div>\n\t\t\t\t<\/div>\n\t\t\t\t<div class=\"elementor-element elementor-element-9643a6f elementor-widget elementor-widget-text-editor\" data-id=\"9643a6f\" data-element_type=\"widget\" data-widget_type=\"text-editor.default\">\n\t\t\t\t<div class=\"elementor-widget-container\">\n\t\t\t\t\t\t\t\t\t<h5>Annika Johansson<\/h5><h5>F\u00f6rs\u00e4ljningschef<\/h5><p><a href=\"mailto:annika.johansson@q-workforce.com\">annika.johansson@q-workforce.com<\/a><\/p>\t\t\t\t\t\t\t\t<\/div>\n\t\t\t\t<\/div>\n\t\t\t\t<div class=\"elementor-element elementor-element-44a537d elementor-widget elementor-widget-text-editor\" data-id=\"44a537d\" data-element_type=\"widget\" data-widget_type=\"text-editor.default\">\n\t\t\t\t<div class=\"elementor-widget-container\">\n\t\t\t\t\t\t\t\t\t<h5>Meirielle Michelon<\/h5><h5>ekonomiassistent<\/h5><p><a href=\"mailto:mei.michelon@q-workforce.com\">mei.michelon@q-workforce.com<\/a><\/p>\t\t\t\t\t\t\t\t<\/div>\n\t\t\t\t<\/div>\n\t\t\t\t<div class=\"elementor-element elementor-element-a1dcf5d elementor-widget elementor-widget-text-editor\" data-id=\"a1dcf5d\" data-element_type=\"widget\" data-widget_type=\"text-editor.default\">\n\t\t\t\t<div class=\"elementor-widget-container\">\n\t\t\t\t\t\t\t\t\t<h5>Yulia Katkova<\/h5><h5>projektadministrat\u00f6r<\/h5><p><a href=\"mailto:yulia.katkova@q-workforce.com\">yulia.katkova@q-workforce.com<\/a><\/p>\t\t\t\t\t\t\t\t<\/div>\n\t\t\t\t<\/div>\n\t\t\t\t<div class=\"elementor-element elementor-element-1ed903e elementor-widget elementor-widget-text-editor\" data-id=\"1ed903e\" data-element_type=\"widget\" data-widget_type=\"text-editor.default\">\n\t\t\t\t<div class=\"elementor-widget-container\">\n\t\t\t\t\t\t\t\t\t<h5>Marco Aurelio<\/h5>\n<h5>f\u00e4ltassistent<\/h5>\n<a href=\"mailto:marco.aurelio@q-workforce.com\">marco.aurelio@q-workforce.com<\/a>\t\t\t\t\t\t\t\t<\/div>\n\t\t\t\t<\/div>\n\t\t\t\t<div class=\"elementor-element elementor-element-691ebb5 elementor-widget elementor-widget-text-editor\" data-id=\"691ebb5\" data-element_type=\"widget\" data-widget_type=\"text-editor.default\">\n\t\t\t\t<div class=\"elementor-widget-container\">\n\t\t\t\t\t\t\t\t\t<h5>LARS-G\u00d6RAN NILSSON<\/h5><h5 id=\"tw-target-text\" class=\"tw-data-text tw-text-large tw-ta\" dir=\"ltr\" data-placeholder=\"Translation\" data-ved=\"2ahUKEwi7v7Lb4a-OAxXwJhAIHXggFBQQ3ewLegQIDhAU\" aria-label=\"Translated text: FORSKARE\"><span class=\"Y2IQFc\" lang=\"sv\">FORSKARE<\/span><\/h5><p><a href=\"mailto:lg.nilsson@q-workforce.com\">lg.nilsson@q-workforce.com<\/a><\/p>\t\t\t\t\t\t\t\t<\/div>\n\t\t\t\t<\/div>\n\t\t\t\t\t<\/div>\n\t\t\t\t<\/div>\n\t\t\t\t<\/div>\n\t\t","protected":false},"excerpt":{"rendered":"<p>QW Group leds av ett team av erfarna proffs som \u00e4r dedikerade till att driva f\u00f6retagets vision och v\u00e4rderingar fram\u00e5t. Med djup branschkunskap och ett engagemang f\u00f6r innovation s\u00e4kerst\u00e4ller v\u00e5r ledningsgrupp att QW Group ligger i framkant n\u00e4r det g\u00e4ller arbetskraftsl\u00f6sningar. Miguel FelixVD miguel.felix@q-workforce.com Vladimir&#8230;<\/p>\n","protected":false},"author":1,"featured_media":0,"parent":0,"menu_order":0,"comment_status":"closed","ping_status":"closed","template":"","meta":{"footnotes":""},"class_list":["post-2630","page","type-page","status-publish","hentry"],"yoast_head":"<!-- This site is optimized with the Yoast SEO plugin v27.4 - https:\/\/yoast.com\/product\/yoast-seo-wordpress\/ -->\n<title>M\u00d6T V\u00c5RT TEAM - QW Group<\/title>\n<meta name=\"robots\" content=\"index, follow, max-snippet:-1, max-image-preview:large, max-video-preview:-1\" \/>\n<link rel=\"canonical\" href=\"https:\/\/q-workforce.com\/sv\/mot-vart-team\/\" \/>\n<meta property=\"og:locale\" content=\"sv_SE\" \/>\n<meta property=\"og:type\" content=\"article\" \/>\n<meta property=\"og:title\" content=\"M\u00d6T V\u00c5RT TEAM - QW Group\" \/>\n<meta property=\"og:description\" content=\"QW Group leds av ett team av erfarna proffs som \u00e4r dedikerade till att driva f\u00f6retagets vision och v\u00e4rderingar fram\u00e5t. Med djup branschkunskap och ett engagemang f\u00f6r innovation s\u00e4kerst\u00e4ller v\u00e5r ledningsgrupp att QW Group ligger i framkant n\u00e4r det g\u00e4ller arbetskraftsl\u00f6sningar. Miguel FelixVD miguel.felix@q-workforce.com Vladimir...\" \/>\n<meta property=\"og:url\" content=\"https:\/\/q-workforce.com\/sv\/mot-vart-team\/\" \/>\n<meta property=\"og:site_name\" content=\"QW Group\" \/>\n<meta property=\"article:modified_time\" content=\"2025-07-09T13:46:57+00:00\" \/>\n<meta property=\"og:image\" content=\"https:\/\/q-workforce.com\/wp-content\/uploads\/2025\/04\/hands.jpg\" \/>\n\t<meta property=\"og:image:width\" content=\"600\" \/>\n\t<meta property=\"og:image:height\" content=\"400\" \/>\n\t<meta property=\"og:image:type\" content=\"image\/jpeg\" \/>\n<meta name=\"twitter:card\" content=\"summary_large_image\" \/>\n<meta name=\"twitter:label1\" content=\"Ber\u00e4knad l\u00e4stid\" \/>\n\t<meta name=\"twitter:data1\" content=\"1 minut\" \/>\n<script type=\"application\/ld+json\" class=\"yoast-schema-graph\">{\"@context\":\"https:\\\/\\\/schema.org\",\"@graph\":[{\"@type\":\"WebPage\",\"@id\":\"https:\\\/\\\/q-workforce.com\\\/sv\\\/mot-vart-team\\\/\",\"url\":\"https:\\\/\\\/q-workforce.com\\\/sv\\\/mot-vart-team\\\/\",\"name\":\"M\u00d6T V\u00c5RT TEAM - QW Group\",\"isPartOf\":{\"@id\":\"https:\\\/\\\/q-workforce.com\\\/#website\"},\"primaryImageOfPage\":{\"@id\":\"https:\\\/\\\/q-workforce.com\\\/sv\\\/mot-vart-team\\\/#primaryimage\"},\"image\":{\"@id\":\"https:\\\/\\\/q-workforce.com\\\/sv\\\/mot-vart-team\\\/#primaryimage\"},\"thumbnailUrl\":\"https:\\\/\\\/q-workforce.com\\\/wp-content\\\/uploads\\\/2025\\\/04\\\/hands.jpg\",\"datePublished\":\"2025-03-07T14:10:43+00:00\",\"dateModified\":\"2025-07-09T13:46:57+00:00\",\"breadcrumb\":{\"@id\":\"https:\\\/\\\/q-workforce.com\\\/sv\\\/mot-vart-team\\\/#breadcrumb\"},\"inLanguage\":\"sv-SE\",\"potentialAction\":[{\"@type\":\"ReadAction\",\"target\":[\"https:\\\/\\\/q-workforce.com\\\/sv\\\/mot-vart-team\\\/\"]}]},{\"@type\":\"ImageObject\",\"inLanguage\":\"sv-SE\",\"@id\":\"https:\\\/\\\/q-workforce.com\\\/sv\\\/mot-vart-team\\\/#primaryimage\",\"url\":\"https:\\\/\\\/q-workforce.com\\\/wp-content\\\/uploads\\\/2025\\\/04\\\/hands.jpg\",\"contentUrl\":\"https:\\\/\\\/q-workforce.com\\\/wp-content\\\/uploads\\\/2025\\\/04\\\/hands.jpg\"},{\"@type\":\"BreadcrumbList\",\"@id\":\"https:\\\/\\\/q-workforce.com\\\/sv\\\/mot-vart-team\\\/#breadcrumb\",\"itemListElement\":[{\"@type\":\"ListItem\",\"position\":1,\"name\":\"Home\",\"item\":\"https:\\\/\\\/q-workforce.com\\\/sv\\\/\"},{\"@type\":\"ListItem\",\"position\":2,\"name\":\"M\u00d6T V\u00c5RT TEAM\"}]},{\"@type\":\"WebSite\",\"@id\":\"https:\\\/\\\/q-workforce.com\\\/#website\",\"url\":\"https:\\\/\\\/q-workforce.com\\\/\",\"name\":\"QW Group\",\"description\":\"YOUR TRUSTED PARTNER IN MANPOWER SOLUTIONS\",\"publisher\":{\"@id\":\"https:\\\/\\\/q-workforce.com\\\/#organization\"},\"potentialAction\":[{\"@type\":\"SearchAction\",\"target\":{\"@type\":\"EntryPoint\",\"urlTemplate\":\"https:\\\/\\\/q-workforce.com\\\/?s={search_term_string}\"},\"query-input\":{\"@type\":\"PropertyValueSpecification\",\"valueRequired\":true,\"valueName\":\"search_term_string\"}}],\"inLanguage\":\"sv-SE\"},{\"@type\":\"Organization\",\"@id\":\"https:\\\/\\\/q-workforce.com\\\/#organization\",\"name\":\"QW Group\",\"url\":\"https:\\\/\\\/q-workforce.com\\\/\",\"logo\":{\"@type\":\"ImageObject\",\"inLanguage\":\"sv-SE\",\"@id\":\"https:\\\/\\\/q-workforce.com\\\/#\\\/schema\\\/logo\\\/image\\\/\",\"url\":\"https:\\\/\\\/q-workforce.com\\\/wp-content\\\/uploads\\\/2025\\\/01\\\/Screenshot-2025-01-31-at-02.28.18.png\",\"contentUrl\":\"https:\\\/\\\/q-workforce.com\\\/wp-content\\\/uploads\\\/2025\\\/01\\\/Screenshot-2025-01-31-at-02.28.18.png\",\"width\":675,\"height\":218,\"caption\":\"QW Group\"},\"image\":{\"@id\":\"https:\\\/\\\/q-workforce.com\\\/#\\\/schema\\\/logo\\\/image\\\/\"}}]}<\/script>\n<!-- \/ Yoast SEO plugin. -->","yoast_head_json":{"title":"M\u00d6T V\u00c5RT TEAM - QW Group","robots":{"index":"index","follow":"follow","max-snippet":"max-snippet:-1","max-image-preview":"max-image-preview:large","max-video-preview":"max-video-preview:-1"},"canonical":"https:\/\/q-workforce.com\/sv\/mot-vart-team\/","og_locale":"sv_SE","og_type":"article","og_title":"M\u00d6T V\u00c5RT TEAM - QW Group","og_description":"QW Group leds av ett team av erfarna proffs som \u00e4r dedikerade till att driva f\u00f6retagets vision och v\u00e4rderingar fram\u00e5t. Med djup branschkunskap och ett engagemang f\u00f6r innovation s\u00e4kerst\u00e4ller v\u00e5r ledningsgrupp att QW Group ligger i framkant n\u00e4r det g\u00e4ller arbetskraftsl\u00f6sningar. Miguel FelixVD miguel.felix@q-workforce.com Vladimir...","og_url":"https:\/\/q-workforce.com\/sv\/mot-vart-team\/","og_site_name":"QW Group","article_modified_time":"2025-07-09T13:46:57+00:00","og_image":[{"width":600,"height":400,"url":"https:\/\/q-workforce.com\/wp-content\/uploads\/2025\/04\/hands.jpg","type":"image\/jpeg"}],"twitter_card":"summary_large_image","twitter_misc":{"Ber\u00e4knad l\u00e4stid":"1 minut"},"schema":{"@context":"https:\/\/schema.org","@graph":[{"@type":"WebPage","@id":"https:\/\/q-workforce.com\/sv\/mot-vart-team\/","url":"https:\/\/q-workforce.com\/sv\/mot-vart-team\/","name":"M\u00d6T V\u00c5RT TEAM - QW Group","isPartOf":{"@id":"https:\/\/q-workforce.com\/#website"},"primaryImageOfPage":{"@id":"https:\/\/q-workforce.com\/sv\/mot-vart-team\/#primaryimage"},"image":{"@id":"https:\/\/q-workforce.com\/sv\/mot-vart-team\/#primaryimage"},"thumbnailUrl":"https:\/\/q-workforce.com\/wp-content\/uploads\/2025\/04\/hands.jpg","datePublished":"2025-03-07T14:10:43+00:00","dateModified":"2025-07-09T13:46:57+00:00","breadcrumb":{"@id":"https:\/\/q-workforce.com\/sv\/mot-vart-team\/#breadcrumb"},"inLanguage":"sv-SE","potentialAction":[{"@type":"ReadAction","target":["https:\/\/q-workforce.com\/sv\/mot-vart-team\/"]}]},{"@type":"ImageObject","inLanguage":"sv-SE","@id":"https:\/\/q-workforce.com\/sv\/mot-vart-team\/#primaryimage","url":"https:\/\/q-workforce.com\/wp-content\/uploads\/2025\/04\/hands.jpg","contentUrl":"https:\/\/q-workforce.com\/wp-content\/uploads\/2025\/04\/hands.jpg"},{"@type":"BreadcrumbList","@id":"https:\/\/q-workforce.com\/sv\/mot-vart-team\/#breadcrumb","itemListElement":[{"@type":"ListItem","position":1,"name":"Home","item":"https:\/\/q-workforce.com\/sv\/"},{"@type":"ListItem","position":2,"name":"M\u00d6T V\u00c5RT TEAM"}]},{"@type":"WebSite","@id":"https:\/\/q-workforce.com\/#website","url":"https:\/\/q-workforce.com\/","name":"QW Group","description":"YOUR TRUSTED PARTNER IN MANPOWER SOLUTIONS","publisher":{"@id":"https:\/\/q-workforce.com\/#organization"},"potentialAction":[{"@type":"SearchAction","target":{"@type":"EntryPoint","urlTemplate":"https:\/\/q-workforce.com\/?s={search_term_string}"},"query-input":{"@type":"PropertyValueSpecification","valueRequired":true,"valueName":"search_term_string"}}],"inLanguage":"sv-SE"},{"@type":"Organization","@id":"https:\/\/q-workforce.com\/#organization","name":"QW Group","url":"https:\/\/q-workforce.com\/","logo":{"@type":"ImageObject","inLanguage":"sv-SE","@id":"https:\/\/q-workforce.com\/#\/schema\/logo\/image\/","url":"https:\/\/q-workforce.com\/wp-content\/uploads\/2025\/01\/Screenshot-2025-01-31-at-02.28.18.png","contentUrl":"https:\/\/q-workforce.com\/wp-content\/uploads\/2025\/01\/Screenshot-2025-01-31-at-02.28.18.png","width":675,"height":218,"caption":"QW Group"},"image":{"@id":"https:\/\/q-workforce.com\/#\/schema\/logo\/image\/"}}]}},"_links":{"self":[{"href":"https:\/\/q-workforce.com\/sv\/wp-json\/wp\/v2\/pages\/2630","targetHints":{"allow":["GET"]}}],"collection":[{"href":"https:\/\/q-workforce.com\/sv\/wp-json\/wp\/v2\/pages"}],"about":[{"href":"https:\/\/q-workforce.com\/sv\/wp-json\/wp\/v2\/types\/page"}],"author":[{"embeddable":true,"href":"https:\/\/q-workforce.com\/sv\/wp-json\/wp\/v2\/users\/1"}],"replies":[{"embeddable":true,"href":"https:\/\/q-workforce.com\/sv\/wp-json\/wp\/v2\/comments?post=2630"}],"version-history":[{"count":7,"href":"https:\/\/q-workforce.com\/sv\/wp-json\/wp\/v2\/pages\/2630\/revisions"}],"predecessor-version":[{"id":2641,"href":"https:\/\/q-workforce.com\/sv\/wp-json\/wp\/v2\/pages\/2630\/revisions\/2641"}],"wp:attachment":[{"href":"https:\/\/q-workforce.com\/sv\/wp-json\/wp\/v2\/media?parent=2630"}],"curies":[{"name":"wp","href":"https:\/\/api.w.org\/{rel}","templated":true}]}}